{"id":1006,"date":"2020-06-12T19:07:42","date_gmt":"2020-06-12T19:07:42","guid":{"rendered":"https:\/\/xpel.ch\/?page_id=1006"},"modified":"2023-06-08T14:58:29","modified_gmt":"2023-06-08T14:58:29","slug":"cookie-richtlinie","status":"publish","type":"page","link":"https:\/\/xpel.ch\/fr\/cookie-richtlinie\/","title":{"rendered":"Politique en mati\u00e8re de cookies"},"content":{"rendered":"<div data-elementor-type=\"wp-page\" data-elementor-id=\"1006\" class=\"elementor elementor-1006\" data-elementor-post-type=\"page\">\n\t\t\t\t\t\t<section data-particle_enable=\"false\" data-particle-mobile-disabled=\"false\" class=\"elementor-section elementor-top-section elementor-element elementor-element-269cd07 elementor-section-boxed elementor-section-height-default elementor-section-height-default\" data-id=\"269cd07\" data-element_type=\"section\" data-e-type=\"section\">\n\t\t\t\t\t\t<div class=\"elementor-container elementor-column-gap-default\">\n\t\t\t\t\t<div class=\"elementor-column elementor-col-100 elementor-top-column elementor-element elementor-element-1b355f4\" data-id=\"1b355f4\" data-element_type=\"column\" data-e-type=\"column\">\n\t\t\t<div class=\"elementor-widget-wrap elementor-element-populated\">\n\t\t\t\t\t\t<div class=\"elementor-element elementor-element-d12337d elementor-widget elementor-widget-breadcrumbs\" data-id=\"d12337d\" data-element_type=\"widget\" data-e-type=\"widget\" data-widget_type=\"breadcrumbs.default\">\n\t\t\t\t<div class=\"elementor-widget-container\">\n\t\t\t\t\t<p id=\"breadcrumbs\"><span><span><a href=\"https:\/\/xpel.ch\/fr\/\">Page d&#039;accueil<\/a><\/span><\/span><\/p>\t\t\t\t<\/div>\n\t\t\t\t<\/div>\n\t\t\t\t\t<\/div>\n\t\t<\/div>\n\t\t\t\t\t<\/div>\n\t\t<\/section>\n\t\t\t\t<section data-particle_enable=\"false\" data-particle-mobile-disabled=\"false\" class=\"elementor-section elementor-top-section elementor-element elementor-element-0de2278 elementor-section-boxed elementor-section-height-default elementor-section-height-default\" data-id=\"0de2278\" data-element_type=\"section\" data-e-type=\"section\">\n\t\t\t\t\t\t<div class=\"elementor-container elementor-column-gap-default\">\n\t\t\t\t\t<div class=\"elementor-column elementor-col-100 elementor-top-column elementor-element elementor-element-14ecfb9\" data-id=\"14ecfb9\" data-element_type=\"column\" data-e-type=\"column\">\n\t\t\t<div class=\"elementor-widget-wrap elementor-element-populated\">\n\t\t\t\t\t\t<div class=\"elementor-element elementor-element-96f2471 elementor-widget elementor-widget-heading\" data-id=\"96f2471\" data-element_type=\"widget\" data-e-type=\"widget\" data-widget_type=\"heading.default\">\n\t\t\t\t<div class=\"elementor-widget-container\">\n\t\t\t\t\t<h1 class=\"elementor-heading-title elementor-size-default\">Politique en mati\u00e8re de cookies<\/h1>\t\t\t\t<\/div>\n\t\t\t\t<\/div>\n\t\t\t\t\t<\/div>\n\t\t<\/div>\n\t\t\t\t\t<\/div>\n\t\t<\/section>\n\t\t\t\t<section data-particle_enable=\"false\" data-particle-mobile-disabled=\"false\" class=\"elementor-section elementor-top-section elementor-element elementor-element-7f1158f1 elementor-section-boxed elementor-section-height-default elementor-section-height-default\" data-id=\"7f1158f1\" data-element_type=\"section\" data-e-type=\"section\">\n\t\t\t\t\t\t<div class=\"elementor-container elementor-column-gap-default\">\n\t\t\t\t\t<div class=\"elementor-column elementor-col-100 elementor-top-column elementor-element elementor-element-6cda2971\" data-id=\"6cda2971\" data-element_type=\"column\" data-e-type=\"column\">\n\t\t\t<div class=\"elementor-widget-wrap elementor-element-populated\">\n\t\t\t\t\t\t<div class=\"elementor-element elementor-element-cf53027 elementor-widget elementor-widget-text-editor\" data-id=\"cf53027\" data-element_type=\"widget\" data-e-type=\"widget\" data-no-translation=\"\" data-widget_type=\"text-editor.default\">\n\t\t\t\t<div class=\"elementor-widget-container\">\n\t\t\t\t\t<style>.elementor-element-cf53027{display:none !important}<\/style>\t\t\t\t<\/div>\n\t\t\t\t<\/div>\n\t\t\t\t<div class=\"elementor-element elementor-element-ee55c62 elementor-widget elementor-widget-text-editor\" data-id=\"ee55c62\" data-element_type=\"widget\" data-e-type=\"widget\" data-no-translation=\"\" data-widget_type=\"text-editor.default\">\n\t\t\t\t<div class=\"elementor-widget-container\">\n\t\t\t\t\t\t\t\t\t<p>Les cookies et autres identificateurs sont constitu\u00e9s de parties de code install\u00e9es dans le navigateur qui aident le propri\u00e9taire \u00e0 fournir le Service selon les fins d\u00e9crites. Certaines des fins pour lesquelles les cookies sont install\u00e9s peuvent \u00e9galement exiger le consentement de l\u2019Utilisateur.<\/p><p>Lorsque l\u2019installation de Cookies est fond\u00e9e sur le consentement, ce consentement peut \u00eatre retir\u00e9 librement \u00e0 tout moment suivant les instructions fournies dans le pr\u00e9sent document.<\/p><p><strong>COOKIES TECHNIQUES ET COOKIES SERVANT DES BUTS STATISTIQUES AGR\u00c9G\u00c9S<\/strong><\/p><p><strong>ACTIVIT\u00c9 STRICTEMENT N\u00c9CESSAIRE POUR LE FONCTIONNEMENT DE CE SERVICE<\/strong><br \/>https:\/\/xpel.ch utilise des cookies pour enregistrer la session de l\u2019Utilisateur et pour effectuer d\u2019autres activit\u00e9s qui sont strictement n\u00e9cessaires pour le fonctionnement de https:\/\/xpel.ch,par exemple en ce qui concerne la distribution du trafic.<\/p><p><strong>ACTIVIT\u00c9 EN CE QUI CONCERNE L\u2019\u00c9CONOMIE DE PR\u00c9F\u00c9RENCES, D\u2019OPTIMISATION ET DE STATISTIQUES<\/strong><\/p><p>https:\/\/xpel.ch utilise des cookies pour enregistrer les pr\u00e9f\u00e9rences de navigation et optimiser l\u2019exp\u00e9rience de navigation de l\u2019utilisateur. Parmi ces cookies figurent, par exemple, ceux utilis\u00e9s pour le r\u00e9glage des pr\u00e9f\u00e9rences linguistiques et mon\u00e9taires ou pour la gestion des statistiques de premi\u00e8re partie employ\u00e9es directement par le propri\u00e9taire du site.<\/p><p><strong>Autres types de cookies ou de tiers qui installent des cookies<\/strong><\/p><p>Certains des services \u00e9num\u00e9r\u00e9s ci-dessous recueillent des statistiques sous une forme anonyme et agr\u00e9g\u00e9e et peuvent ne pas n\u00e9cessiter le consentement de l\u2019Utilisateur ou peuvent \u00eatre g\u00e9r\u00e9s directement par le propri\u00e9taire &#8211; selon la fa\u00e7on dont ils sont d\u00e9crits &#8211; sans l\u2019aide de tiers.<\/p><p>Si des services g\u00e9r\u00e9s par des tiers figurent parmi les outils ci-dessous, ceux-ci peuvent \u00eatre utilis\u00e9s pour suivre les habitudes de navigation des utilisateurs \u2013 en plus des informations sp\u00e9cifi\u00e9es ci-apr\u00e8s et \u00e0 l\u2019insu du propri\u00e9taire. Veuillez consulter la politique de confidentialit\u00e9 des services \u00e9num\u00e9r\u00e9s pour obtenir des renseignements d\u00e9taill\u00e9s.<\/p><p><strong>ADVERTISING COOKIES<\/strong><br \/><strong>Comment personnaliser les pr\u00e9f\u00e9rences de suivi publicitaire<\/strong><\/p><p>Certains services de publicit\u00e9 adh\u00e8rent \u00e0 la cible <a href=\"https:\/\/advertisingconsent.eu\/\" target=\"_blank\" rel=\"noopener\">IAB Transparency and Consent Framework<\/a> et permettent \u00e0 l\u2019utilisateur de d\u00e9finir des pr\u00e9f\u00e9rences de suivi publicitaire.<\/p><p>Ces param\u00e8tres peuvent \u00eatre consult\u00e9s et personnalis\u00e9s en cliquant sur le lien de strat\u00e9gie de cookie \u00e0 l\u2019int\u00e9rieur de la banni\u00e8re d\u2019avis de cookie et en cliquant ensuite sur le lien qui m\u00e8ne aux param\u00e8tres de suivi de la publicit\u00e9, ou en cliquant sur le lien pertinent sur https:\/\/xpel.ch, si fourni.<\/p><p>Le propri\u00e9taire d\u00e9clare que le Cadre de transparence et de consentement du CCI est utilis\u00e9 en pleine conformit\u00e9 avec les r\u00e8gles \u00e9nonc\u00e9es dans les politiques-cadres du CCI.<\/p><p><strong>AUTRES COOKIES<\/strong><br \/><strong>Analytics<\/strong><\/p><p>Les services contenus dans cette section permettent au propri\u00e9taire de surveiller et d\u2019analyser le trafic Web et peuvent \u00eatre utilis\u00e9s pour suivre le comportement de l\u2019utilisateur.<\/p><p><strong>Google Analytics (Google LLC)<\/strong><\/p><p>Google Analytics est un service d\u2019analyse web fourni par Google LLC (\u00ab Google \u00bb). Google utilise les donn\u00e9es recueillies pour suivre et examiner l\u2019utilisation de https:\/\/xpel.ch, pour pr\u00e9parer des rapports sur ses activit\u00e9s et les partager avec d\u2019autres services Google.<\/p><p>Google peut utiliser les donn\u00e9es collect\u00e9es pour contextualiser et personnaliser les annonces de son propre r\u00e9seau publicitaire.<\/p><p>Donn\u00e9es personnelles collect\u00e9es : Cookies et donn\u00e9es d\u2019utilisation.<\/p><p>Lieu de traitement : \u00c9tats-Unis \u2013 <a href=\"https:\/\/policies.google.com\/privacy\" target=\"_blank\" rel=\"noopener\">Privacy Policy<\/a> \u2013 <a href=\"https:\/\/tools.google.com\/dlpage\/gaoptout?hl=en\" target=\"_blank\" rel=\"noopener\">Opt Out<\/a>. Participant au Bouclier de confidentialit\u00e9.<\/p><p><strong>Affichage du contenu \u00e0 partir de plates-formes externes<\/strong><\/p><p>Ce type de service vous permet d\u2019afficher le contenu h\u00e9berg\u00e9 sur des plateformes externes directement \u00e0 partir des pages de https:\/\/xpel.ch et d\u2019interagir avec eux.<\/p><p>Ce type de service peut toujours collecter des donn\u00e9es de trafic Web pour les pages o\u00f9 le service est install\u00e9, m\u00eame lorsque les utilisateurs ne l\u2019utilisent pas.<\/p><p><strong>Widget Instagram (Instagram, Inc.)<\/strong><\/p><p>Instagram est un service de visualisation d\u2019images fourni par Instagram, Inc. qui permet https:\/\/xpel.ch d\u2019int\u00e9grer du contenu de ce type sur ses pages.<\/p><p>Donn\u00e9es personnelles collect\u00e9es : Cookies et donn\u00e9es d\u2019utilisation.<\/p><p>Lieu de traitement : \u00c9tats-Unis \u2013 <a href=\"https:\/\/help.instagram.com\/519522125107875\" target=\"_blank\" rel=\"noopener\">Privacy Policy<\/a>.<\/p><p><strong>HOW TO PROVIDE OR WITHDRAW CONSENT FOR THE INSTALLATION OF COOKIES<\/strong><br \/>En plus de ce qui est sp\u00e9cifi\u00e9 dans ce document, l\u2019Utilisateur peut g\u00e9rer les pr\u00e9f\u00e9rences des cookies directement \u00e0 partir de son propre navigateur et emp\u00eacher \u2013 par exemple \u2013 les tiers d\u2019installer des cookies.<\/p><p>Gr\u00e2ce aux pr\u00e9f\u00e9rences du navigateur, il est \u00e9galement possible de supprimer les cookies install\u00e9s dans le pass\u00e9, y compris les cookies qui ont peut-\u00eatre enregistr\u00e9 le consentement initial pour l\u2019installation de cookies par ce site Web.<\/p><p>Les utilisateurs peuvent, par exemple, trouver des informations sur la gestion des cookies dans les navigateurs les plus couramment utilis\u00e9s aux adresses suivantes : <a href=\"https:\/\/support.google.com\/chrome\/answer\/95647?hl=fr&amp;p=cpn_cookies\" target=\"_blank\" rel=\"noopener\">Google Chrome<\/a>, <a href=\"https:\/\/support.mozilla.org\/fr-US\/kb\/enable-and-disable-cookies-website-preferences\" target=\"_blank\" rel=\"noopener\">Mozilla Firefox<\/a>, <a href=\"https:\/\/support.apple.com\/guide\/safari\/manage-cookies-and-website-data-sfri11471\/\" target=\"_blank\" rel=\"noopener\">Apple Safari<\/a>, <a href=\"http:\/\/windows.microsoft.com\/fr-fr\/windows-vista\/block-or-allow-cookies\" target=\"_blank\" rel=\"noopener\">Microsoft Internet Explorer<\/a>.<\/p><p>En ce qui concerne les cookies install\u00e9s par des tiers, les utilisateurs peuvent g\u00e9rer leurs pr\u00e9f\u00e9rences et le retrait de leur consentement en cliquant sur le lien d\u2019opt-out connexe (si fourni), en utilisant les moyens fournis dans la politique de confidentialit\u00e9 du tiers, ou en contactant le tiers.<\/p><p>Nonobstant ce qui pr\u00e9c\u00e8de, les utilisateurs sont inform\u00e9s qu\u2019ils peuvent suivre les instructions fournies par <a href=\"http:\/\/www.youronlinechoices.eu\/\" target=\"_blank\" rel=\"noopener\">YourOnlineChoices<\/a> (UE), le <a href=\"https:\/\/www.networkadvertising.org\/understanding-digital-advertising\" target=\"_blank\" rel=\"noopener\">Network Advertising Initiative<\/a> (US) et le <a href=\"https:\/\/www.aboutads.info\/consumers\/\" target=\"_blank\" rel=\"noopener nopener\">Digital Advertising Alliance<\/a> (\u00c9TATS-UNIS), <a href=\"https:\/\/youradchoices.ca\/understanding-online-advertising\/\" target=\"_blank\" rel=\"noopener\">DAAC<\/a> (Canada), <a href=\"http:\/\/www.ddai.info\/optout\" target=\"_blank\" rel=\"noopener\">DDAI<\/a> (Japon) ou autres services similaires. De telles initiatives permettent aux utilisateurs de s\u00e9lectionner leurs pr\u00e9f\u00e9rences de suivi pour la plupart des outils publicitaires. Le propri\u00e9taire recommande donc aux utilisateurs d\u2019utiliser ces ressources en plus des informations fournies dans le pr\u00e9sent document.<\/p><p><strong>Propri\u00e9taire et contr\u00f4leur de donn\u00e9es<\/strong><\/p><p>XPEL, Inc<br \/>711 Broadway St., Ste. 320<br \/>San Antonio, Texas 78215<br \/>USA<\/p><p><strong>Email de contact propri\u00e9taire<\/strong>: <a href=\"mailto:privacy@xpel.com\">privacy@xpel.com<\/a><\/p><p>\u00c9tant donn\u00e9 que l\u2019installation de cookies tiers et d\u2019autres syst\u00e8mes de suivi par le biais des services utilis\u00e9s au sein de https:\/\/xpel.ch ne peut pas \u00eatre techniquement contr\u00f4l\u00e9e par le propri\u00e9taire, les r\u00e9f\u00e9rences sp\u00e9cifiques aux cookies et aux syst\u00e8mes de suivi install\u00e9s par des tiers doivent \u00eatre consid\u00e9r\u00e9es comme indicatives. Afin d\u2019obtenir des informations compl\u00e8tes, l\u2019Utilisateur est pri\u00e9 de consulter la politique de confidentialit\u00e9 pour les services tiers respectifs \u00e9num\u00e9r\u00e9s dans ce document.<\/p><p>Compte tenu de la complexit\u00e9 objective entourant l\u2019identification des technologies bas\u00e9es sur les cookies, les utilisateurs sont encourag\u00e9s \u00e0 contacter le propri\u00e9taire s\u2019ils souhaitent recevoir des informations suppl\u00e9mentaires sur l\u2019utilisation des cookies par https:\/\/xpel.ch.<\/p><p><strong>D\u00c9FINITIONS ET R\u00c9F\u00c9RENCES JURIDIQUES<\/strong><br \/><strong>Donn\u00e9es personnelles (ou donn\u00e9es)<\/strong><\/p><p>Toute information qui, directement, indirectement ou en relation avec d\u2019autres renseignements \u2014 y compris un num\u00e9ro d\u2019identification personnel \u2014 permet l\u2019identification ou l\u2019identification d\u2019une personne physique.<\/p><p><strong>Utilisation des donn\u00e9es<\/strong><\/p><p>Les informations collect\u00e9es automatiquement parl\u2019interm\u00e9diaire https:\/\/xpel.ch (ou services tiers employ\u00e9s dans https:\/\/xpel.ch), qui peuvent inclure : les adresses IP ou les noms de domaine des ordinateurs utilis\u00e9s par les utilisateurs qui utilisent https:\/\/xpel.ch, lesadresses URI (Uniform Resource Identifier), l\u2019heure de la demande, la m\u00e9thode utilis\u00e9e pour soumettre la demande au serveur, la taille du fichier re\u00e7u en r\u00e9ponse, le code num\u00e9rique indiquant l\u2019\u00e9tat de la r\u00e9ponse du serveur (r\u00e9sultat r\u00e9ussi, erreur, etc.), le pays d\u2019origine, les fonctionnalit\u00e9s du navigateur et le syst\u00e8me d\u2019exploitation utilis\u00e9s par l\u2019Utilisateur, les diff\u00e9rents d\u00e9tails de temps par visite (par exemple, le temps pass\u00e9 sur chaque page dans l\u2019application) et les d\u00e9tails sur le chemin suivi dans l\u2019application avec une r\u00e9f\u00e9rence sp\u00e9ciale \u00e0 la s\u00e9quence de pages visit\u00e9es , et d\u2019autres param\u00e8tres concernant le syst\u00e8me d\u2019exploitation du p\u00e9riph\u00e9rique et\/ou l\u2019environnement informatique de l\u2019utilisateur.<\/p><p><strong>User<\/strong><\/p><p>La personne utilisant https:\/\/xpel.ch qui, sauf indication contraire, co\u00efncide avec le sujet de donn\u00e9es.<\/p><p><strong>Data Subject<\/strong><\/p><p>La personne physique \u00e0 qui les donn\u00e9es personnelles font r\u00e9f\u00e9rence.<\/p><p><strong>Processeur de donn\u00e9es (ou superviseur de donn\u00e9es)<\/strong><\/p><p>La personne physique ou morale, l\u2019autorit\u00e9 publique, agency l\u2019organisme ou tout autre organisme qui traite les donn\u00e9es personnelles pour le compte du contr\u00f4leur, tel que d\u00e9crit dans la pr\u00e9sente politique de confidentialit\u00e9.<\/p><p><strong>Contr\u00f4leur de donn\u00e9es (ou Propri\u00e9taire)<\/strong><\/p><p>La personne physique ou morale, l\u2019autorit\u00e9 publique, l\u2019organisme ou tout autre organisme qui, seul ou conjointement avec d\u2019autres personnes, d\u00e9termine les buts et les moyens de traitement des donn\u00e9es \u00e0 caract\u00e8re personnel, y compris les mesures de s\u00e9curit\u00e9 relatives \u00e0 l\u2019exploitation et\u00e0 l\u2019utilisation https:\/\/xpel.ch. Le contr\u00f4leur de donn\u00e9es, sauf indication contraire, est le propri\u00e9taire de https:\/\/xpel.ch.<\/p><p><strong>https:\/\/xpel.ch (ou cette application)<\/strong><\/p><p>Moyen par lequel les donn\u00e9es personnelles de l\u2019Utilisateur sont collect\u00e9es et trait\u00e9es.<\/p><p><strong>Service<\/strong><\/p><p>Le service fourni par https:\/\/xpel.ch tel que d\u00e9crit dans les termes relatifs (s\u2019il est disponible) et sur ce site\/application.<\/p><p><strong>Union europ\u00e9enne (ou UE)<\/strong><\/p><p>Sauf indication contraire, toutes les r\u00e9f\u00e9rences faites dans le pr\u00e9sent document \u00e0 l\u2019Union europ\u00e9enne incluent tous les \u00c9tats membres actuels \u00e0 l\u2019Union europ\u00e9enne et \u00e0 l\u2019Espace \u00e9conomique europ\u00e9en.<\/p><p><strong>Cookies<\/strong><\/p><p>Petits ensembles de donn\u00e9es stock\u00e9es dans le p\u00e9riph\u00e9rique de l\u2019utilisateur.<\/p><p><strong>LEGAL INFORMATION<\/strong><br \/>Cette d\u00e9claration de confidentialit\u00e9 a \u00e9t\u00e9 pr\u00e9par\u00e9e sur la base de dispositions de plusieurs l\u00e9gislations, dont l\u2019art 13\/14 du r\u00e8glement (UE) 2016\/679 (R\u00e8glement g\u00e9n\u00e9ral sur la protection des donn\u00e9es).<\/p><p>Cette politique de confidentialit\u00e9 se rapporte uniquement \u00e0 https:\/\/xpel.ch, si elle n\u2019est pas \u00e9nonc\u00e9e autrement dans le pr\u00e9sent document.<\/p>\t\t\t\t\t\t\t\t<\/div>\n\t\t\t\t<\/div>\n\t\t\t\t<div class=\"elementor-element elementor-element-5498f98 elementor-widget elementor-widget-text-editor\" data-id=\"5498f98\" data-element_type=\"widget\" data-e-type=\"widget\" data-no-translation=\"\" data-widget_type=\"text-editor.default\">\n\t\t\t\t<div class=\"elementor-widget-container\">\n\t\t\t\t\t<style>.elementor-element-5498f98{display:none !important}<\/style>\t\t\t\t<\/div>\n\t\t\t\t<\/div>\n\t\t\t\t\t<\/div>\n\t\t<\/div>\n\t\t\t\t\t<\/div>\n\t\t<\/section>\n\t\t\t\t<\/div>","protected":false},"excerpt":{"rendered":"<p>Politique relative aux cookies Les cookies et autres identifiants sont constitu\u00e9s de morceaux de code install\u00e9s dans le navigateur qui aident le Propri\u00e9taire \u00e0 fournir le service conform\u00e9ment aux finalit\u00e9s d\u00e9crites. Certaines des finalit\u00e9s pour lesquelles les cookies sont install\u00e9s peuvent \u00e9galement n\u00e9cessiter le consentement de l&#039;utilisateur. Si l&#039;installation de cookies est bas\u00e9e sur le consentement, cela peut ... <a title=\"Politique en mati\u00e8re de cookies\" class=\"read-more\" href=\"https:\/\/xpel.ch\/fr\/cookie-richtlinie\/\" aria-label=\"Read more about Cookie Richtlinien\">Lire la suite<\/a><\/p>","protected":false},"author":8,"featured_media":0,"parent":0,"menu_order":0,"comment_status":"closed","ping_status":"closed","template":"elementor_header_footer","meta":{"content-type":"","footnotes":""},"class_list":["post-1006","page","type-page","status-publish"],"yoast_head":"<!-- This site is optimized with the Yoast SEO plugin v27.2 - https:\/\/yoast.com\/product\/yoast-seo-wordpress\/ -->\n<title>Cookie Richtlinien - XPEL Switzerland<\/title>\n<meta name=\"robots\" content=\"index, follow, max-snippet:-1, max-image-preview:large, max-video-preview:-1\" \/>\n<link rel=\"canonical\" href=\"https:\/\/xpel.ch\/fr\/cookie-richtlinie\/\" \/>\n<meta property=\"og:locale\" content=\"fr_FR\" \/>\n<meta property=\"og:type\" content=\"article\" \/>\n<meta property=\"og:title\" content=\"Cookie Richtlinien - XPEL Switzerland\" \/>\n<meta property=\"og:description\" content=\"Cookie Richtlinien Cookies und andere Identifikatoren bestehen aus Teilen des Codes, die im Browser installiert sind und den Eigent\u00fcmer bei der Bereitstellung des Dienstes gem\u00e4\u00df den beschriebenen Zwecken unterst\u00fctzen. Einige der Zwecke, f\u00fcr die Cookies installiert werden, k\u00f6nnen auch die Zustimmung des Benutzers erfordern. Wenn die Installation von Cookies auf der Zustimmung beruht, kann diese ... Lire la suite\" \/>\n<meta property=\"og:url\" content=\"https:\/\/xpel.ch\/fr\/cookie-richtlinie\/\" \/>\n<meta property=\"og:site_name\" content=\"XPEL Switzerland\" \/>\n<meta property=\"article:modified_time\" content=\"2023-06-08T14:58:29+00:00\" \/>\n<meta name=\"twitter:card\" content=\"summary_large_image\" \/>\n<meta name=\"twitter:label1\" content=\"Dur\u00e9e de lecture estim\u00e9e\" \/>\n\t<meta name=\"twitter:data1\" content=\"18 minutes\" \/>\n<script type=\"application\/ld+json\" class=\"yoast-schema-graph\">{\"@context\":\"https:\/\/schema.org\",\"@graph\":[{\"@type\":\"WebPage\",\"@id\":\"https:\/\/xpel.ch\/cookie-richtlinie\/\",\"url\":\"https:\/\/xpel.ch\/cookie-richtlinie\/\",\"name\":\"Cookie Richtlinien - XPEL Switzerland\",\"isPartOf\":{\"@id\":\"https:\/\/xpel.ch\/#website\"},\"datePublished\":\"2020-06-12T19:07:42+00:00\",\"dateModified\":\"2023-06-08T14:58:29+00:00\",\"breadcrumb\":{\"@id\":\"https:\/\/xpel.ch\/cookie-richtlinie\/#breadcrumb\"},\"inLanguage\":\"fr-FR\",\"potentialAction\":[{\"@type\":\"ReadAction\",\"target\":[\"https:\/\/xpel.ch\/cookie-richtlinie\/\"]}]},{\"@type\":\"BreadcrumbList\",\"@id\":\"https:\/\/xpel.ch\/cookie-richtlinie\/#breadcrumb\",\"itemListElement\":[{\"@type\":\"ListItem\",\"position\":1,\"name\":\"Startseite\",\"item\":\"https:\/\/xpel.ch\/\"},{\"@type\":\"ListItem\",\"position\":2,\"name\":\"Cookie Richtlinien\"}]},{\"@type\":\"WebSite\",\"@id\":\"https:\/\/xpel.ch\/#website\",\"url\":\"https:\/\/xpel.ch\/\",\"name\":\"XPEL Switzerland\",\"description\":\"\",\"publisher\":{\"@id\":\"https:\/\/xpel.ch\/#organization\"},\"potentialAction\":[{\"@type\":\"SearchAction\",\"target\":{\"@type\":\"EntryPoint\",\"urlTemplate\":\"https:\/\/xpel.ch\/?s={search_term_string}\"},\"query-input\":{\"@type\":\"PropertyValueSpecification\",\"valueRequired\":true,\"valueName\":\"search_term_string\"}}],\"inLanguage\":\"fr-FR\"},{\"@type\":\"Organization\",\"@id\":\"https:\/\/xpel.ch\/#organization\",\"name\":\"XPEL Switzerland\",\"url\":\"https:\/\/xpel.ch\/\",\"logo\":{\"@type\":\"ImageObject\",\"inLanguage\":\"fr-FR\",\"@id\":\"https:\/\/xpel.ch\/#\/schema\/logo\/image\/\",\"url\":\"https:\/\/xpel.ch\/wp-content\/uploads\/2019\/04\/image002.png\",\"contentUrl\":\"https:\/\/xpel.ch\/wp-content\/uploads\/2019\/04\/image002.png\",\"width\":1272,\"height\":326,\"caption\":\"XPEL Switzerland\"},\"image\":{\"@id\":\"https:\/\/xpel.ch\/#\/schema\/logo\/image\/\"}}]}<\/script>\n<!-- \/ Yoast SEO plugin. -->","yoast_head_json":{"title":"Cookie Richtlinien - XPEL Switzerland","robots":{"index":"index","follow":"follow","max-snippet":"max-snippet:-1","max-image-preview":"max-image-preview:large","max-video-preview":"max-video-preview:-1"},"canonical":"https:\/\/xpel.ch\/fr\/cookie-richtlinie\/","og_locale":"fr_FR","og_type":"article","og_title":"Cookie Richtlinien - XPEL Switzerland","og_description":"Cookie Richtlinien Cookies und andere Identifikatoren bestehen aus Teilen des Codes, die im Browser installiert sind und den Eigent\u00fcmer bei der Bereitstellung des Dienstes gem\u00e4\u00df den beschriebenen Zwecken unterst\u00fctzen. Einige der Zwecke, f\u00fcr die Cookies installiert werden, k\u00f6nnen auch die Zustimmung des Benutzers erfordern. Wenn die Installation von Cookies auf der Zustimmung beruht, kann diese ... Lire la suite","og_url":"https:\/\/xpel.ch\/fr\/cookie-richtlinie\/","og_site_name":"XPEL Switzerland","article_modified_time":"2023-06-08T14:58:29+00:00","twitter_card":"summary_large_image","twitter_misc":{"Dur\u00e9e de lecture estim\u00e9e":"18 minutes"},"schema":{"@context":"https:\/\/schema.org","@graph":[{"@type":"WebPage","@id":"https:\/\/xpel.ch\/cookie-richtlinie\/","url":"https:\/\/xpel.ch\/cookie-richtlinie\/","name":"Cookie Richtlinien - XPEL Switzerland","isPartOf":{"@id":"https:\/\/xpel.ch\/#website"},"datePublished":"2020-06-12T19:07:42+00:00","dateModified":"2023-06-08T14:58:29+00:00","breadcrumb":{"@id":"https:\/\/xpel.ch\/cookie-richtlinie\/#breadcrumb"},"inLanguage":"fr-FR","potentialAction":[{"@type":"ReadAction","target":["https:\/\/xpel.ch\/cookie-richtlinie\/"]}]},{"@type":"BreadcrumbList","@id":"https:\/\/xpel.ch\/cookie-richtlinie\/#breadcrumb","itemListElement":[{"@type":"ListItem","position":1,"name":"Startseite","item":"https:\/\/xpel.ch\/"},{"@type":"ListItem","position":2,"name":"Cookie Richtlinien"}]},{"@type":"WebSite","@id":"https:\/\/xpel.ch\/#website","url":"https:\/\/xpel.ch\/","name":"XPEL Suisse","description":"","publisher":{"@id":"https:\/\/xpel.ch\/#organization"},"potentialAction":[{"@type":"SearchAction","target":{"@type":"EntryPoint","urlTemplate":"https:\/\/xpel.ch\/?s={search_term_string}"},"query-input":{"@type":"PropertyValueSpecification","valueRequired":true,"valueName":"search_term_string"}}],"inLanguage":"fr-FR"},{"@type":"Organization","@id":"https:\/\/xpel.ch\/#organization","name":"XPEL Suisse","url":"https:\/\/xpel.ch\/","logo":{"@type":"ImageObject","inLanguage":"fr-FR","@id":"https:\/\/xpel.ch\/#\/schema\/logo\/image\/","url":"https:\/\/xpel.ch\/wp-content\/uploads\/2019\/04\/image002.png","contentUrl":"https:\/\/xpel.ch\/wp-content\/uploads\/2019\/04\/image002.png","width":1272,"height":326,"caption":"XPEL Switzerland"},"image":{"@id":"https:\/\/xpel.ch\/#\/schema\/logo\/image\/"}}]}},"_links":{"self":[{"href":"https:\/\/xpel.ch\/fr\/wp-json\/wp\/v2\/pages\/1006","targetHints":{"allow":["GET"]}}],"collection":[{"href":"https:\/\/xpel.ch\/fr\/wp-json\/wp\/v2\/pages"}],"about":[{"href":"https:\/\/xpel.ch\/fr\/wp-json\/wp\/v2\/types\/page"}],"author":[{"embeddable":true,"href":"https:\/\/xpel.ch\/fr\/wp-json\/wp\/v2\/users\/8"}],"replies":[{"embeddable":true,"href":"https:\/\/xpel.ch\/fr\/wp-json\/wp\/v2\/comments?post=1006"}],"version-history":[{"count":0,"href":"https:\/\/xpel.ch\/fr\/wp-json\/wp\/v2\/pages\/1006\/revisions"}],"wp:attachment":[{"href":"https:\/\/xpel.ch\/fr\/wp-json\/wp\/v2\/media?parent=1006"}],"curies":[{"name":"wp","href":"https:\/\/api.w.org\/{rel}","templated":true}]}}