{"id":1911,"date":"2021-08-06T17:06:09","date_gmt":"2021-08-06T17:06:09","guid":{"rendered":"https:\/\/xpel.ch\/?page_id=1911"},"modified":"2021-08-09T19:59:37","modified_gmt":"2021-08-09T19:59:37","slug":"zusaetzliche-produkte","status":"publish","type":"page","link":"https:\/\/xpel.ch\/fr\/zusaetzliche-produkte\/","title":{"rendered":"Produits suppl\u00e9mentaires"},"content":{"rendered":"<div data-elementor-type=\"wp-page\" data-elementor-id=\"1911\" class=\"elementor elementor-1911\" data-elementor-post-type=\"page\">\n\t\t\t\t\t\t<section data-particle_enable=\"false\" data-particle-mobile-disabled=\"false\" class=\"elementor-section elementor-top-section elementor-element elementor-element-797b856 elementor-section-height-min-height elementor-section-boxed elementor-section-height-default elementor-section-items-middle\" data-id=\"797b856\" data-element_type=\"section\" data-e-type=\"section\" data-settings=\"{&quot;background_background&quot;:&quot;classic&quot;}\">\n\t\t\t\t\t\t\t<div class=\"elementor-background-overlay\"><\/div>\n\t\t\t\t\t\t\t<div class=\"elementor-container elementor-column-gap-default\">\n\t\t\t\t\t<div class=\"elementor-column elementor-col-100 elementor-top-column elementor-element elementor-element-1a067245\" data-id=\"1a067245\" data-element_type=\"column\" data-e-type=\"column\">\n\t\t\t<div class=\"elementor-widget-wrap elementor-element-populated\">\n\t\t\t\t\t\t<div class=\"elementor-element elementor-element-5318e891 elementor-widget elementor-widget-heading\" data-id=\"5318e891\" data-element_type=\"widget\" data-e-type=\"widget\" data-widget_type=\"heading.default\">\n\t\t\t\t<div class=\"elementor-widget-container\">\n\t\t\t\t\t<h1 class=\"elementor-heading-title elementor-size-default\">Produits suppl\u00e9mentaires<\/h1>\t\t\t\t<\/div>\n\t\t\t\t<\/div>\n\t\t\t\t\t<\/div>\n\t\t<\/div>\n\t\t\t\t\t<\/div>\n\t\t<\/section>\n\t\t\t\t<section data-particle_enable=\"false\" data-particle-mobile-disabled=\"false\" class=\"elementor-section elementor-top-section elementor-element elementor-element-311b2b6f elementor-section-boxed elementor-section-height-default elementor-section-height-default\" data-id=\"311b2b6f\" data-element_type=\"section\" data-e-type=\"section\">\n\t\t\t\t\t\t<div class=\"elementor-container elementor-column-gap-default\">\n\t\t\t\t\t<div class=\"elementor-column elementor-col-100 elementor-top-column elementor-element elementor-element-17213829\" data-id=\"17213829\" data-element_type=\"column\" data-e-type=\"column\">\n\t\t\t<div class=\"elementor-widget-wrap elementor-element-populated\">\n\t\t\t\t\t\t<div class=\"elementor-element elementor-element-5d612ed4 elementor-widget elementor-widget-breadcrumbs\" data-id=\"5d612ed4\" data-element_type=\"widget\" data-e-type=\"widget\" data-widget_type=\"breadcrumbs.default\">\n\t\t\t\t<div class=\"elementor-widget-container\">\n\t\t\t\t\t<p id=\"breadcrumbs\"><span><span><a href=\"https:\/\/xpel.ch\/fr\/\">Page d&#039;accueil<\/a><\/span><\/span><\/p>\t\t\t\t<\/div>\n\t\t\t\t<\/div>\n\t\t\t\t\t<\/div>\n\t\t<\/div>\n\t\t\t\t\t<\/div>\n\t\t<\/section>\n\t\t\t\t<section data-particle_enable=\"false\" data-particle-mobile-disabled=\"false\" class=\"elementor-section elementor-top-section elementor-element elementor-element-24168f7d elementor-section-boxed elementor-section-height-default elementor-section-height-default\" data-id=\"24168f7d\" data-element_type=\"section\" data-e-type=\"section\">\n\t\t\t\t\t\t<div class=\"elementor-container elementor-column-gap-default\">\n\t\t\t\t\t<div class=\"elementor-column elementor-col-33 elementor-top-column elementor-element elementor-element-147ababb\" data-id=\"147ababb\" data-element_type=\"column\" data-e-type=\"column\">\n\t\t\t<div class=\"elementor-widget-wrap elementor-element-populated\">\n\t\t\t\t\t\t<div class=\"elementor-element elementor-element-3e8703fd elementor-widget elementor-widget-image\" data-id=\"3e8703fd\" data-element_type=\"widget\" data-e-type=\"widget\" data-widget_type=\"image.default\">\n\t\t\t\t<div class=\"elementor-widget-container\">\n\t\t\t\t\t\t\t\t\t\t\t\t\t\t\t\t<a href=\"https:\/\/xpel.ch\/fr\/zusaetzliche-produkte\/nachsorgeprodukte\/\">\n\t\t\t\t\t\t\t<img fetchpriority=\"high\" decoding=\"async\" width=\"767\" height=\"510\" src=\"https:\/\/xpel.ch\/wp-content\/uploads\/2019\/05\/XPEL_Aftercare_Products_767_510.jpg\" class=\"attachment-large size-large wp-image-255\" alt=\"\" srcset=\"https:\/\/xpel.ch\/wp-content\/uploads\/2019\/05\/XPEL_Aftercare_Products_767_510.jpg 767w, https:\/\/xpel.ch\/wp-content\/uploads\/2019\/05\/XPEL_Aftercare_Products_767_510-300x199.jpg 300w\" sizes=\"(max-width: 767px) 100vw, 767px\" \/>\t\t\t\t\t\t\t\t<\/a>\n\t\t\t\t\t\t\t\t\t\t\t\t\t\t\t<\/div>\n\t\t\t\t<\/div>\n\t\t\t\t<div class=\"elementor-element elementor-element-5ea4e747 yellow-arrow elementor-widget elementor-widget-button\" data-id=\"5ea4e747\" data-element_type=\"widget\" data-e-type=\"widget\" data-widget_type=\"button.default\">\n\t\t\t\t<div class=\"elementor-widget-container\">\n\t\t\t\t\t\t\t\t\t<div class=\"elementor-button-wrapper\">\n\t\t\t\t\t<a class=\"elementor-button elementor-button-link elementor-size-sm\" href=\"https:\/\/xpel.ch\/fr\/zusaetzliche-produkte\/nachsorgeprodukte\/\">\n\t\t\t\t\t\t<span class=\"elementor-button-content-wrapper\">\n\t\t\t\t\t\t<span class=\"elementor-button-icon\">\n\t\t\t\t<i aria-hidden=\"true\" class=\"fas fa-arrow-right\"><\/i>\t\t\t<\/span>\n\t\t\t\t\t\t\t\t\t<span class=\"elementor-button-text\">produits de suivi<\/span>\n\t\t\t\t\t<\/span>\n\t\t\t\t\t<\/a>\n\t\t\t\t<\/div>\n\t\t\t\t\t\t\t\t<\/div>\n\t\t\t\t<\/div>\n\t\t\t\t\t<\/div>\n\t\t<\/div>\n\t\t\t\t<div class=\"elementor-column elementor-col-33 elementor-top-column elementor-element elementor-element-2380fb90\" data-id=\"2380fb90\" data-element_type=\"column\" data-e-type=\"column\">\n\t\t\t<div class=\"elementor-widget-wrap elementor-element-populated\">\n\t\t\t\t\t\t<div class=\"elementor-element elementor-element-103c23cb elementor-widget elementor-widget-image\" data-id=\"103c23cb\" data-element_type=\"widget\" data-e-type=\"widget\" data-widget_type=\"image.default\">\n\t\t\t\t<div class=\"elementor-widget-container\">\n\t\t\t\t\t\t\t\t\t\t\t\t\t\t\t\t<a href=\"https:\/\/xpel.ch\/fr\/zusaetzliche-produkte\/handtuecher\/\">\n\t\t\t\t\t\t\t<img decoding=\"async\" data-src=\"https:\/\/xpel.ch\/wp-content\/uploads\/elementor\/thumbs\/wash-mitt-r1344-1-qfjk2rxypz0s5rb919ultzgv0ueru9ocxy13nqwdd8.jpg\" title=\"gant-de-lavage-r1344\" alt=\"wash-mitt-r1344\" src=\"data:image\/svg+xml;base64,PHN2ZyB3aWR0aD0iMSIgaGVpZ2h0PSIxIiB4bWxucz0iaHR0cDovL3d3dy53My5vcmcvMjAwMC9zdmciPjwvc3ZnPg==\" class=\"lazyload\" style=\"--smush-placeholder-width: 767px; --smush-placeholder-aspect-ratio: 767\/510;\" \/>\t\t\t\t\t\t\t\t<\/a>\n\t\t\t\t\t\t\t\t\t\t\t\t\t\t\t<\/div>\n\t\t\t\t<\/div>\n\t\t\t\t<div class=\"elementor-element elementor-element-79eb419e yellow-arrow elementor-widget elementor-widget-button\" data-id=\"79eb419e\" data-element_type=\"widget\" data-e-type=\"widget\" data-widget_type=\"button.default\">\n\t\t\t\t<div class=\"elementor-widget-container\">\n\t\t\t\t\t\t\t\t\t<div class=\"elementor-button-wrapper\">\n\t\t\t\t\t<a class=\"elementor-button elementor-button-link elementor-size-sm\" href=\"https:\/\/xpel.ch\/fr\/zusaetzliche-produkte\/handtuecher\/\">\n\t\t\t\t\t\t<span class=\"elementor-button-content-wrapper\">\n\t\t\t\t\t\t<span class=\"elementor-button-icon\">\n\t\t\t\t<i aria-hidden=\"true\" class=\"fas fa-arrow-right\"><\/i>\t\t\t<\/span>\n\t\t\t\t\t\t\t\t\t<span class=\"elementor-button-text\">les serviettes<\/span>\n\t\t\t\t\t<\/span>\n\t\t\t\t\t<\/a>\n\t\t\t\t<\/div>\n\t\t\t\t\t\t\t\t<\/div>\n\t\t\t\t<\/div>\n\t\t\t\t\t<\/div>\n\t\t<\/div>\n\t\t\t\t<div class=\"elementor-column elementor-col-33 elementor-top-column elementor-element elementor-element-2627007b\" data-id=\"2627007b\" data-element_type=\"column\" data-e-type=\"column\">\n\t\t\t<div class=\"elementor-widget-wrap elementor-element-populated\">\n\t\t\t\t\t\t<div class=\"elementor-element elementor-element-28a2b4a0 elementor-widget elementor-widget-image\" data-id=\"28a2b4a0\" data-element_type=\"widget\" data-e-type=\"widget\" data-widget_type=\"image.default\">\n\t\t\t\t<div class=\"elementor-widget-container\">\n\t\t\t\t\t\t\t\t\t\t\t\t\t\t\t\t<a href=\"https:\/\/xpel.ch\/fr\/zusaetzliche-produkte\/diy-kits\/\">\n\t\t\t\t\t\t\t<img decoding=\"async\" width=\"767\" height=\"510\" data-src=\"https:\/\/xpel.ch\/wp-content\/uploads\/2021\/04\/XPEL-DIY-Kits.jpg\" class=\"attachment-large size-large wp-image-1494 lazyload\" alt=\"\" data-srcset=\"https:\/\/xpel.ch\/wp-content\/uploads\/2021\/04\/XPEL-DIY-Kits.jpg 767w, https:\/\/xpel.ch\/wp-content\/uploads\/2021\/04\/XPEL-DIY-Kits-300x199.jpg 300w\" data-sizes=\"(max-width: 767px) 100vw, 767px\" src=\"data:image\/svg+xml;base64,PHN2ZyB3aWR0aD0iMSIgaGVpZ2h0PSIxIiB4bWxucz0iaHR0cDovL3d3dy53My5vcmcvMjAwMC9zdmciPjwvc3ZnPg==\" style=\"--smush-placeholder-width: 767px; --smush-placeholder-aspect-ratio: 767\/510;\" \/>\t\t\t\t\t\t\t\t<\/a>\n\t\t\t\t\t\t\t\t\t\t\t\t\t\t\t<\/div>\n\t\t\t\t<\/div>\n\t\t\t\t<div class=\"elementor-element elementor-element-6436f47d yellow-arrow elementor-widget elementor-widget-button\" data-id=\"6436f47d\" data-element_type=\"widget\" data-e-type=\"widget\" data-widget_type=\"button.default\">\n\t\t\t\t<div class=\"elementor-widget-container\">\n\t\t\t\t\t\t\t\t\t<div class=\"elementor-button-wrapper\">\n\t\t\t\t\t<a class=\"elementor-button elementor-button-link elementor-size-sm\" href=\"https:\/\/xpel.ch\/fr\/zusaetzliche-produkte\/diy-kits\/\">\n\t\t\t\t\t\t<span class=\"elementor-button-content-wrapper\">\n\t\t\t\t\t\t<span class=\"elementor-button-icon\">\n\t\t\t\t<i aria-hidden=\"true\" class=\"fas fa-arrow-right\"><\/i>\t\t\t<\/span>\n\t\t\t\t\t\t\t\t\t<span class=\"elementor-button-text\">Kits de bricolage<\/span>\n\t\t\t\t\t<\/span>\n\t\t\t\t\t<\/a>\n\t\t\t\t<\/div>\n\t\t\t\t\t\t\t\t<\/div>\n\t\t\t\t<\/div>\n\t\t\t\t\t<\/div>\n\t\t<\/div>\n\t\t\t\t\t<\/div>\n\t\t<\/section>\n\t\t\t\t<\/div>","protected":false},"excerpt":{"rendered":"<p>Produits compl\u00e9mentaires Produits d&#039;entretien Serviettes Kits de bricolage<\/p>","protected":false},"author":8,"featured_media":0,"parent":0,"menu_order":0,"comment_status":"closed","ping_status":"closed","template":"elementor_header_footer","meta":{"content-type":"","footnotes":""},"class_list":["post-1911","page","type-page","status-publish"],"yoast_head":"<!-- This site is optimized with the Yoast SEO plugin v27.2 - https:\/\/yoast.com\/product\/yoast-seo-wordpress\/ -->\n<title>Zus\u00e4tzliche Produkte - XPEL Switzerland<\/title>\n<meta name=\"robots\" content=\"index, follow, max-snippet:-1, max-image-preview:large, max-video-preview:-1\" \/>\n<link rel=\"canonical\" href=\"https:\/\/xpel.ch\/fr\/zusaetzliche-produkte\/\" \/>\n<meta property=\"og:locale\" content=\"fr_FR\" \/>\n<meta property=\"og:type\" content=\"article\" \/>\n<meta property=\"og:title\" content=\"Zus\u00e4tzliche Produkte - XPEL Switzerland\" \/>\n<meta property=\"og:description\" content=\"Zus\u00e4tzliche Produkte Nachsorgeprodukte Handt\u00fccher DIY-Kits\" \/>\n<meta property=\"og:url\" content=\"https:\/\/xpel.ch\/fr\/zusaetzliche-produkte\/\" \/>\n<meta property=\"og:site_name\" content=\"XPEL Switzerland\" \/>\n<meta property=\"article:modified_time\" content=\"2021-08-09T19:59:37+00:00\" \/>\n<meta property=\"og:image\" content=\"https:\/\/xpel.ch\/wp-content\/uploads\/2019\/05\/XPEL_Aftercare_Products_767_510.jpg\" \/>\n<meta name=\"twitter:card\" content=\"summary_large_image\" \/>\n<meta name=\"twitter:label1\" content=\"Dur\u00e9e de lecture estim\u00e9e\" \/>\n\t<meta name=\"twitter:data1\" content=\"1 minute\" \/>\n<script type=\"application\/ld+json\" class=\"yoast-schema-graph\">{\"@context\":\"https:\/\/schema.org\",\"@graph\":[{\"@type\":\"WebPage\",\"@id\":\"https:\/\/xpel.ch\/zusaetzliche-produkte\/\",\"url\":\"https:\/\/xpel.ch\/zusaetzliche-produkte\/\",\"name\":\"Zus\u00e4tzliche Produkte - XPEL Switzerland\",\"isPartOf\":{\"@id\":\"https:\/\/xpel.ch\/#website\"},\"primaryImageOfPage\":{\"@id\":\"https:\/\/xpel.ch\/zusaetzliche-produkte\/#primaryimage\"},\"image\":{\"@id\":\"https:\/\/xpel.ch\/zusaetzliche-produkte\/#primaryimage\"},\"thumbnailUrl\":\"https:\/\/xpel.ch\/wp-content\/uploads\/2019\/05\/XPEL_Aftercare_Products_767_510.jpg\",\"datePublished\":\"2021-08-06T17:06:09+00:00\",\"dateModified\":\"2021-08-09T19:59:37+00:00\",\"breadcrumb\":{\"@id\":\"https:\/\/xpel.ch\/zusaetzliche-produkte\/#breadcrumb\"},\"inLanguage\":\"fr-FR\",\"potentialAction\":[{\"@type\":\"ReadAction\",\"target\":[\"https:\/\/xpel.ch\/zusaetzliche-produkte\/\"]}]},{\"@type\":\"ImageObject\",\"inLanguage\":\"fr-FR\",\"@id\":\"https:\/\/xpel.ch\/zusaetzliche-produkte\/#primaryimage\",\"url\":\"https:\/\/xpel.ch\/wp-content\/uploads\/2019\/05\/XPEL_Aftercare_Products_767_510.jpg\",\"contentUrl\":\"https:\/\/xpel.ch\/wp-content\/uploads\/2019\/05\/XPEL_Aftercare_Products_767_510.jpg\"},{\"@type\":\"BreadcrumbList\",\"@id\":\"https:\/\/xpel.ch\/zusaetzliche-produkte\/#breadcrumb\",\"itemListElement\":[{\"@type\":\"ListItem\",\"position\":1,\"name\":\"Startseite\",\"item\":\"https:\/\/xpel.ch\/\"},{\"@type\":\"ListItem\",\"position\":2,\"name\":\"Zus\u00e4tzliche Produkte\"}]},{\"@type\":\"WebSite\",\"@id\":\"https:\/\/xpel.ch\/#website\",\"url\":\"https:\/\/xpel.ch\/\",\"name\":\"XPEL Switzerland\",\"description\":\"\",\"publisher\":{\"@id\":\"https:\/\/xpel.ch\/#organization\"},\"potentialAction\":[{\"@type\":\"SearchAction\",\"target\":{\"@type\":\"EntryPoint\",\"urlTemplate\":\"https:\/\/xpel.ch\/?s={search_term_string}\"},\"query-input\":{\"@type\":\"PropertyValueSpecification\",\"valueRequired\":true,\"valueName\":\"search_term_string\"}}],\"inLanguage\":\"fr-FR\"},{\"@type\":\"Organization\",\"@id\":\"https:\/\/xpel.ch\/#organization\",\"name\":\"XPEL Switzerland\",\"url\":\"https:\/\/xpel.ch\/\",\"logo\":{\"@type\":\"ImageObject\",\"inLanguage\":\"fr-FR\",\"@id\":\"https:\/\/xpel.ch\/#\/schema\/logo\/image\/\",\"url\":\"https:\/\/xpel.ch\/wp-content\/uploads\/2019\/04\/image002.png\",\"contentUrl\":\"https:\/\/xpel.ch\/wp-content\/uploads\/2019\/04\/image002.png\",\"width\":1272,\"height\":326,\"caption\":\"XPEL Switzerland\"},\"image\":{\"@id\":\"https:\/\/xpel.ch\/#\/schema\/logo\/image\/\"}}]}<\/script>\n<!-- \/ Yoast SEO plugin. -->","yoast_head_json":{"title":"Zus\u00e4tzliche Produkte - XPEL Switzerland","robots":{"index":"index","follow":"follow","max-snippet":"max-snippet:-1","max-image-preview":"max-image-preview:large","max-video-preview":"max-video-preview:-1"},"canonical":"https:\/\/xpel.ch\/fr\/zusaetzliche-produkte\/","og_locale":"fr_FR","og_type":"article","og_title":"Zus\u00e4tzliche Produkte - XPEL Switzerland","og_description":"Zus\u00e4tzliche Produkte Nachsorgeprodukte Handt\u00fccher DIY-Kits","og_url":"https:\/\/xpel.ch\/fr\/zusaetzliche-produkte\/","og_site_name":"XPEL Switzerland","article_modified_time":"2021-08-09T19:59:37+00:00","og_image":[{"url":"https:\/\/xpel.ch\/wp-content\/uploads\/2019\/05\/XPEL_Aftercare_Products_767_510.jpg","type":"","width":"","height":""}],"twitter_card":"summary_large_image","twitter_misc":{"Dur\u00e9e de lecture estim\u00e9e":"1 minute"},"schema":{"@context":"https:\/\/schema.org","@graph":[{"@type":"WebPage","@id":"https:\/\/xpel.ch\/zusaetzliche-produkte\/","url":"https:\/\/xpel.ch\/zusaetzliche-produkte\/","name":"Zus\u00e4tzliche Produkte - XPEL Switzerland","isPartOf":{"@id":"https:\/\/xpel.ch\/#website"},"primaryImageOfPage":{"@id":"https:\/\/xpel.ch\/zusaetzliche-produkte\/#primaryimage"},"image":{"@id":"https:\/\/xpel.ch\/zusaetzliche-produkte\/#primaryimage"},"thumbnailUrl":"https:\/\/xpel.ch\/wp-content\/uploads\/2019\/05\/XPEL_Aftercare_Products_767_510.jpg","datePublished":"2021-08-06T17:06:09+00:00","dateModified":"2021-08-09T19:59:37+00:00","breadcrumb":{"@id":"https:\/\/xpel.ch\/zusaetzliche-produkte\/#breadcrumb"},"inLanguage":"fr-FR","potentialAction":[{"@type":"ReadAction","target":["https:\/\/xpel.ch\/zusaetzliche-produkte\/"]}]},{"@type":"ImageObject","inLanguage":"fr-FR","@id":"https:\/\/xpel.ch\/zusaetzliche-produkte\/#primaryimage","url":"https:\/\/xpel.ch\/wp-content\/uploads\/2019\/05\/XPEL_Aftercare_Products_767_510.jpg","contentUrl":"https:\/\/xpel.ch\/wp-content\/uploads\/2019\/05\/XPEL_Aftercare_Products_767_510.jpg"},{"@type":"BreadcrumbList","@id":"https:\/\/xpel.ch\/zusaetzliche-produkte\/#breadcrumb","itemListElement":[{"@type":"ListItem","position":1,"name":"Startseite","item":"https:\/\/xpel.ch\/"},{"@type":"ListItem","position":2,"name":"Zus\u00e4tzliche Produkte"}]},{"@type":"WebSite","@id":"https:\/\/xpel.ch\/#website","url":"https:\/\/xpel.ch\/","name":"XPEL Suisse","description":"","publisher":{"@id":"https:\/\/xpel.ch\/#organization"},"potentialAction":[{"@type":"SearchAction","target":{"@type":"EntryPoint","urlTemplate":"https:\/\/xpel.ch\/?s={search_term_string}"},"query-input":{"@type":"PropertyValueSpecification","valueRequired":true,"valueName":"search_term_string"}}],"inLanguage":"fr-FR"},{"@type":"Organization","@id":"https:\/\/xpel.ch\/#organization","name":"XPEL Suisse","url":"https:\/\/xpel.ch\/","logo":{"@type":"ImageObject","inLanguage":"fr-FR","@id":"https:\/\/xpel.ch\/#\/schema\/logo\/image\/","url":"https:\/\/xpel.ch\/wp-content\/uploads\/2019\/04\/image002.png","contentUrl":"https:\/\/xpel.ch\/wp-content\/uploads\/2019\/04\/image002.png","width":1272,"height":326,"caption":"XPEL Switzerland"},"image":{"@id":"https:\/\/xpel.ch\/#\/schema\/logo\/image\/"}}]}},"_links":{"self":[{"href":"https:\/\/xpel.ch\/fr\/wp-json\/wp\/v2\/pages\/1911","targetHints":{"allow":["GET"]}}],"collection":[{"href":"https:\/\/xpel.ch\/fr\/wp-json\/wp\/v2\/pages"}],"about":[{"href":"https:\/\/xpel.ch\/fr\/wp-json\/wp\/v2\/types\/page"}],"author":[{"embeddable":true,"href":"https:\/\/xpel.ch\/fr\/wp-json\/wp\/v2\/users\/8"}],"replies":[{"embeddable":true,"href":"https:\/\/xpel.ch\/fr\/wp-json\/wp\/v2\/comments?post=1911"}],"version-history":[{"count":0,"href":"https:\/\/xpel.ch\/fr\/wp-json\/wp\/v2\/pages\/1911\/revisions"}],"wp:attachment":[{"href":"https:\/\/xpel.ch\/fr\/wp-json\/wp\/v2\/media?parent=1911"}],"curies":[{"name":"wp","href":"https:\/\/api.w.org\/{rel}","templated":true}]}}