{"id":209,"date":"2019-05-07T17:00:49","date_gmt":"2019-05-07T17:00:49","guid":{"rendered":"http:\/\/xpel.ch\/?page_id=209"},"modified":"2021-04-09T11:13:36","modified_gmt":"2021-04-09T11:13:36","slug":"oberflachenschutz","status":"publish","type":"page","link":"https:\/\/xpel.ch\/fr\/produkt\/oberflachenschutz\/","title":{"rendered":"Protection des surfaces"},"content":{"rendered":"<div data-elementor-type=\"wp-post\" data-elementor-id=\"209\" class=\"elementor elementor-209\" data-elementor-post-type=\"page\">\n\t\t\t\t\t\t<section data-particle_enable=\"false\" data-particle-mobile-disabled=\"false\" class=\"elementor-section elementor-top-section elementor-element elementor-element-accde4d elementor-section-height-min-height elementor-section-boxed elementor-section-height-default elementor-section-items-middle\" data-id=\"accde4d\" data-element_type=\"section\" data-e-type=\"section\" data-settings=\"{&quot;background_background&quot;:&quot;classic&quot;}\">\n\t\t\t\t\t\t\t<div class=\"elementor-background-overlay\"><\/div>\n\t\t\t\t\t\t\t<div class=\"elementor-container elementor-column-gap-default\">\n\t\t\t\t\t<div class=\"elementor-column elementor-col-100 elementor-top-column elementor-element elementor-element-8f81631\" data-id=\"8f81631\" data-element_type=\"column\" data-e-type=\"column\">\n\t\t\t<div class=\"elementor-widget-wrap elementor-element-populated\">\n\t\t\t\t\t\t<div class=\"elementor-element elementor-element-86de2f4 elementor-widget elementor-widget-heading\" data-id=\"86de2f4\" data-element_type=\"widget\" data-e-type=\"widget\" data-widget_type=\"heading.default\">\n\t\t\t\t<div class=\"elementor-widget-container\">\n\t\t\t\t\t<h1 class=\"elementor-heading-title elementor-size-default\">Protection des surfaces\n<\/h1>\t\t\t\t<\/div>\n\t\t\t\t<\/div>\n\t\t\t\t\t<\/div>\n\t\t<\/div>\n\t\t\t\t\t<\/div>\n\t\t<\/section>\n\t\t\t\t<section data-particle_enable=\"false\" data-particle-mobile-disabled=\"false\" class=\"elementor-section elementor-top-section elementor-element elementor-element-9d5098d elementor-section-boxed elementor-section-height-default elementor-section-height-default\" data-id=\"9d5098d\" data-element_type=\"section\" data-e-type=\"section\">\n\t\t\t\t\t\t<div class=\"elementor-container elementor-column-gap-default\">\n\t\t\t\t\t<div class=\"elementor-column elementor-col-100 elementor-top-column elementor-element elementor-element-7831074\" data-id=\"7831074\" data-element_type=\"column\" data-e-type=\"column\">\n\t\t\t<div class=\"elementor-widget-wrap elementor-element-populated\">\n\t\t\t\t\t\t<div class=\"elementor-element elementor-element-25cb0d8 elementor-widget elementor-widget-breadcrumbs\" data-id=\"25cb0d8\" data-element_type=\"widget\" data-e-type=\"widget\" data-widget_type=\"breadcrumbs.default\">\n\t\t\t\t<div class=\"elementor-widget-container\">\n\t\t\t\t\t<p id=\"breadcrumbs\"><span><span><a href=\"https:\/\/xpel.ch\/fr\/\">Page d&#039;accueil<\/a><\/span><\/span><\/p>\t\t\t\t<\/div>\n\t\t\t\t<\/div>\n\t\t\t\t\t<\/div>\n\t\t<\/div>\n\t\t\t\t\t<\/div>\n\t\t<\/section>\n\t\t\t\t<section data-particle_enable=\"false\" data-particle-mobile-disabled=\"false\" class=\"elementor-section elementor-top-section elementor-element elementor-element-8b04979 elementor-section-boxed elementor-section-height-default elementor-section-height-default\" data-id=\"8b04979\" data-element_type=\"section\" data-e-type=\"section\">\n\t\t\t\t\t\t<div class=\"elementor-container elementor-column-gap-default\">\n\t\t\t\t\t<div class=\"elementor-column elementor-col-100 elementor-top-column elementor-element elementor-element-065680a\" data-id=\"065680a\" data-element_type=\"column\" data-e-type=\"column\">\n\t\t\t<div class=\"elementor-widget-wrap elementor-element-populated\">\n\t\t\t\t\t\t<div class=\"elementor-element elementor-element-ac00904 elementor-widget elementor-widget-heading\" data-id=\"ac00904\" data-element_type=\"widget\" data-e-type=\"widget\" data-widget_type=\"heading.default\">\n\t\t\t\t<div class=\"elementor-widget-container\">\n\t\t\t\t\t<h2 class=\"elementor-heading-title elementor-size-default\">EXPLOREZ NOS FILMS DE PROTECTION DE SURFACE<\/h2>\t\t\t\t<\/div>\n\t\t\t\t<\/div>\n\t\t\t\t\t<\/div>\n\t\t<\/div>\n\t\t\t\t\t<\/div>\n\t\t<\/section>\n\t\t\t\t<section data-particle_enable=\"false\" data-particle-mobile-disabled=\"false\" class=\"elementor-section elementor-top-section elementor-element elementor-element-6370269 elementor-section-boxed elementor-section-height-default elementor-section-height-default\" data-id=\"6370269\" data-element_type=\"section\" data-e-type=\"section\">\n\t\t\t\t\t\t<div class=\"elementor-container elementor-column-gap-default\">\n\t\t\t\t\t<div class=\"elementor-column elementor-col-50 elementor-top-column elementor-element elementor-element-882761e\" data-id=\"882761e\" data-element_type=\"column\" data-e-type=\"column\">\n\t\t\t<div class=\"elementor-widget-wrap elementor-element-populated\">\n\t\t\t\t\t\t<div class=\"elementor-element elementor-element-55cdbb69 elementor-widget elementor-widget-image\" data-id=\"55cdbb69\" data-element_type=\"widget\" data-e-type=\"widget\" data-widget_type=\"image.default\">\n\t\t\t\t<div class=\"elementor-widget-container\">\n\t\t\t\t\t\t\t\t\t\t\t\t\t\t\t\t<a href=\"\/fr\/produkt\/oberflachenschutz\/fusion-plus-nano-keramikbeschichtung\/\">\n\t\t\t\t\t\t\t<img fetchpriority=\"high\" decoding=\"async\" width=\"825\" height=\"524\" src=\"https:\/\/xpel.ch\/wp-content\/uploads\/2020\/10\/XPEL-FUSION-PLUS-Ceramic-Coating-Interior-Install-1-1024x651.jpg\" class=\"attachment-large size-large wp-image-1179\" alt=\"\" srcset=\"https:\/\/xpel.ch\/wp-content\/uploads\/2020\/10\/XPEL-FUSION-PLUS-Ceramic-Coating-Interior-Install-1-1024x651.jpg 1024w, https:\/\/xpel.ch\/wp-content\/uploads\/2020\/10\/XPEL-FUSION-PLUS-Ceramic-Coating-Interior-Install-1-300x191.jpg 300w, https:\/\/xpel.ch\/wp-content\/uploads\/2020\/10\/XPEL-FUSION-PLUS-Ceramic-Coating-Interior-Install-1-768x488.jpg 768w, https:\/\/xpel.ch\/wp-content\/uploads\/2020\/10\/XPEL-FUSION-PLUS-Ceramic-Coating-Interior-Install-1-1536x976.jpg 1536w, https:\/\/xpel.ch\/wp-content\/uploads\/2020\/10\/XPEL-FUSION-PLUS-Ceramic-Coating-Interior-Install-1.jpg 1700w\" sizes=\"(max-width: 825px) 100vw, 825px\" \/>\t\t\t\t\t\t\t\t<\/a>\n\t\t\t\t\t\t\t\t\t\t\t\t\t\t\t<\/div>\n\t\t\t\t<\/div>\n\t\t\t\t\t<\/div>\n\t\t<\/div>\n\t\t\t\t<div class=\"elementor-column elementor-col-50 elementor-top-column elementor-element elementor-element-8524a73\" data-id=\"8524a73\" data-element_type=\"column\" data-e-type=\"column\">\n\t\t\t<div class=\"elementor-widget-wrap elementor-element-populated\">\n\t\t\t\t\t\t<div class=\"elementor-element elementor-element-5e977960 elementor-widget elementor-widget-heading\" data-id=\"5e977960\" data-element_type=\"widget\" data-e-type=\"widget\" data-widget_type=\"heading.default\">\n\t\t\t\t<div class=\"elementor-widget-container\">\n\t\t\t\t\t<h2 class=\"elementor-heading-title elementor-size-default translation-block\">Rev\u00eatement C\u00e9ramique FUSION PLUS<sup>TM<\/sup><\/h2>\t\t\t\t<\/div>\n\t\t\t\t<\/div>\n\t\t\t\t<div class=\"elementor-element elementor-element-13f7f99c elementor-widget elementor-widget-text-editor\" data-id=\"13f7f99c\" data-element_type=\"widget\" data-e-type=\"widget\" data-widget_type=\"text-editor.default\">\n\t\t\t\t<div class=\"elementor-widget-container\">\n\t\t\t\t\t\t\t\t\t<p class=\"translation-block\">Le premier du genre par les leaders de l&#039;industrie de la protection de surface. Le rev\u00eatement c\u00e9ramique FUSION PLUS <sup>TM<\/sup> combine une formule hydrophobe sup\u00e9rieure avec une brillance et une brillance in\u00e9gal\u00e9es pour garder votre voiture impeccable.<\/p>\t\t\t\t\t\t\t\t<\/div>\n\t\t\t\t<\/div>\n\t\t\t\t<div class=\"elementor-element elementor-element-491b7976 elementor-widget__width-auto elementor-align-left yellow-arrow elementor-widget elementor-widget-button\" data-id=\"491b7976\" data-element_type=\"widget\" data-e-type=\"widget\" data-widget_type=\"button.default\">\n\t\t\t\t<div class=\"elementor-widget-container\">\n\t\t\t\t\t\t\t\t\t<div class=\"elementor-button-wrapper\">\n\t\t\t\t\t<a class=\"elementor-button elementor-button-link elementor-size-sm\" href=\"\/fr\/produkt\/oberflachenschutz\/fusion-plus-nano-keramikbeschichtung\/\">\n\t\t\t\t\t\t<span class=\"elementor-button-content-wrapper\">\n\t\t\t\t\t\t<span class=\"elementor-button-icon\">\n\t\t\t\t<i aria-hidden=\"true\" class=\"fas fa-arrow-right\"><\/i>\t\t\t<\/span>\n\t\t\t\t\t\t\t\t\t<span class=\"elementor-button-text\">En savoir plus<\/span>\n\t\t\t\t\t<\/span>\n\t\t\t\t\t<\/a>\n\t\t\t\t<\/div>\n\t\t\t\t\t\t\t\t<\/div>\n\t\t\t\t<\/div>\n\t\t\t\t\t<\/div>\n\t\t<\/div>\n\t\t\t\t\t<\/div>\n\t\t<\/section>\n\t\t\t\t<section data-particle_enable=\"false\" data-particle-mobile-disabled=\"false\" class=\"elementor-section elementor-top-section elementor-element elementor-element-618ffc0 elementor-section-boxed elementor-section-height-default elementor-section-height-default\" data-id=\"618ffc0\" data-element_type=\"section\" data-e-type=\"section\">\n\t\t\t\t\t\t<div class=\"elementor-container elementor-column-gap-default\">\n\t\t\t\t\t<div class=\"elementor-column elementor-col-50 elementor-top-column elementor-element elementor-element-d9d4cc1\" data-id=\"d9d4cc1\" data-element_type=\"column\" data-e-type=\"column\">\n\t\t\t<div class=\"elementor-widget-wrap elementor-element-populated\">\n\t\t\t\t\t\t<div class=\"elementor-element elementor-element-efdf0ab elementor-widget elementor-widget-image\" data-id=\"efdf0ab\" data-element_type=\"widget\" data-e-type=\"widget\" data-widget_type=\"image.default\">\n\t\t\t\t<div class=\"elementor-widget-container\">\n\t\t\t\t\t\t\t\t\t\t\t\t\t\t\t\t<a href=\"\/fr\/produkt\/oberflachenschutz\/rx-schutzfolie\/\">\n\t\t\t\t\t\t\t<img decoding=\"async\" width=\"767\" height=\"510\" data-src=\"https:\/\/xpel.ch\/wp-content\/uploads\/2020\/09\/XPEL-RX-ANTIMICROBIAL-PROTECTION-FILM-Point-of-Sale-Cashier-feature.jpg\" class=\"attachment-large size-large wp-image-1080 lazyload\" alt=\"\" data-srcset=\"https:\/\/xpel.ch\/wp-content\/uploads\/2020\/09\/XPEL-RX-ANTIMICROBIAL-PROTECTION-FILM-Point-of-Sale-Cashier-feature.jpg 767w, https:\/\/xpel.ch\/wp-content\/uploads\/2020\/09\/XPEL-RX-ANTIMICROBIAL-PROTECTION-FILM-Point-of-Sale-Cashier-feature-300x199.jpg 300w\" data-sizes=\"(max-width: 767px) 100vw, 767px\" src=\"data:image\/svg+xml;base64,PHN2ZyB3aWR0aD0iMSIgaGVpZ2h0PSIxIiB4bWxucz0iaHR0cDovL3d3dy53My5vcmcvMjAwMC9zdmciPjwvc3ZnPg==\" style=\"--smush-placeholder-width: 767px; --smush-placeholder-aspect-ratio: 767\/510;\" \/>\t\t\t\t\t\t\t\t<\/a>\n\t\t\t\t\t\t\t\t\t\t\t\t\t\t\t<\/div>\n\t\t\t\t<\/div>\n\t\t\t\t\t<\/div>\n\t\t<\/div>\n\t\t\t\t<div class=\"elementor-column elementor-col-50 elementor-top-column elementor-element elementor-element-a7a33ae\" data-id=\"a7a33ae\" data-element_type=\"column\" data-e-type=\"column\">\n\t\t\t<div class=\"elementor-widget-wrap elementor-element-populated\">\n\t\t\t\t\t\t<div class=\"elementor-element elementor-element-aa313fc elementor-widget elementor-widget-heading\" data-id=\"aa313fc\" data-element_type=\"widget\" data-e-type=\"widget\" data-widget_type=\"heading.default\">\n\t\t\t\t<div class=\"elementor-widget-container\">\n\t\t\t\t\t<h2 class=\"elementor-heading-title elementor-size-default translation-block\">Film antimicrobien RX <sup>TM<\/sup><\/h2>\t\t\t\t<\/div>\n\t\t\t\t<\/div>\n\t\t\t\t<div class=\"elementor-element elementor-element-00403a8 elementor-widget elementor-widget-text-editor\" data-id=\"00403a8\" data-element_type=\"widget\" data-e-type=\"widget\" data-widget_type=\"text-editor.default\">\n\t\t\t\t<div class=\"elementor-widget-container\">\n\t\t\t\t\t\t\t\t\t<p>D\u00e9velopp\u00e9 avec la technologie des ions d&#039;argent, notre RX antimicrobien prot\u00e8ge<sup>TM<\/sup> Film contre les microbes, les bact\u00e9ries causant les odeurs, les moisissures et les champignons sur la surface du produit.<\/p>\t\t\t\t\t\t\t\t<\/div>\n\t\t\t\t<\/div>\n\t\t\t\t<div class=\"elementor-element elementor-element-8a1c4c4 elementor-widget__width-auto elementor-align-left yellow-arrow elementor-widget elementor-widget-button\" data-id=\"8a1c4c4\" data-element_type=\"widget\" data-e-type=\"widget\" data-widget_type=\"button.default\">\n\t\t\t\t<div class=\"elementor-widget-container\">\n\t\t\t\t\t\t\t\t\t<div class=\"elementor-button-wrapper\">\n\t\t\t\t\t<a class=\"elementor-button elementor-button-link elementor-size-sm\" href=\"\/fr\/produkt\/oberflachenschutz\/rx-schutzfolie\/\">\n\t\t\t\t\t\t<span class=\"elementor-button-content-wrapper\">\n\t\t\t\t\t\t<span class=\"elementor-button-icon\">\n\t\t\t\t<i aria-hidden=\"true\" class=\"fas fa-arrow-right\"><\/i>\t\t\t<\/span>\n\t\t\t\t\t\t\t\t\t<span class=\"elementor-button-text\">En savoir plus<\/span>\n\t\t\t\t\t<\/span>\n\t\t\t\t\t<\/a>\n\t\t\t\t<\/div>\n\t\t\t\t\t\t\t\t<\/div>\n\t\t\t\t<\/div>\n\t\t\t\t\t<\/div>\n\t\t<\/div>\n\t\t\t\t\t<\/div>\n\t\t<\/section>\n\t\t\t\t<\/div>","protected":false},"excerpt":{"rendered":"<p>OBERFL\u00c4CHENSCHUTZ ENTDECKEN SIE UNSERE OBERFL\u00c4CHENFOLIEN FUSION PLUSTM Keramikbeschichtung Das erste seiner Art von den Branchenf\u00fchrern des Oberfl\u00e4chenschutzes. FUSION PLUSTM Keramikbeschichtung kombiniert eine \u00fcberlegene hydrophobe Formel mit unvergleichlicher Brillanz und Glanz, damit Ihr Auto immer makellos aussieht. FINDEN SIE EINEN INSTALLATEUR Mehr erfahren Antimikrobieller RXTM-Film Entwickelt mit der Silberionentechnologie, sch\u00fctzt unsere antimikorbielle RXTM Folie vor Mikroben, &#8230; <a title=\"Protection des surfaces\" class=\"read-more\" href=\"https:\/\/xpel.ch\/fr\/produkt\/oberflachenschutz\/\" aria-label=\"Read more about Oberfl\u00e4chenschutz\">Lire la suite<\/a><\/p>","protected":false},"author":8,"featured_media":0,"parent":207,"menu_order":0,"comment_status":"closed","ping_status":"closed","template":"elementor_header_footer","meta":{"content-type":"","footnotes":""},"class_list":["post-209","page","type-page","status-publish"],"yoast_head":"<!-- This site is optimized with the Yoast SEO plugin v27.2 - https:\/\/yoast.com\/product\/yoast-seo-wordpress\/ -->\n<title>Oberfl\u00e4chenschutz - XPEL Switzerland<\/title>\n<meta name=\"robots\" content=\"index, follow, max-snippet:-1, max-image-preview:large, max-video-preview:-1\" \/>\n<link rel=\"canonical\" href=\"https:\/\/xpel.ch\/fr\/produkt\/oberflachenschutz\/\" \/>\n<meta property=\"og:locale\" content=\"fr_FR\" \/>\n<meta property=\"og:type\" content=\"article\" \/>\n<meta property=\"og:title\" content=\"Oberfl\u00e4chenschutz - XPEL Switzerland\" \/>\n<meta property=\"og:description\" content=\"OBERFL\u00c4CHENSCHUTZ ENTDECKEN SIE UNSERE OBERFL\u00c4CHENFOLIEN FUSION PLUSTM Keramikbeschichtung Das erste seiner Art von den Branchenf\u00fchrern des Oberfl\u00e4chenschutzes. FUSION PLUSTM Keramikbeschichtung kombiniert eine \u00fcberlegene hydrophobe Formel mit unvergleichlicher Brillanz und Glanz, damit Ihr Auto immer makellos aussieht. FINDEN SIE EINEN INSTALLATEUR Mehr erfahren Antimikrobieller RXTM-Film Entwickelt mit der Silberionentechnologie, sch\u00fctzt unsere antimikorbielle RXTM Folie vor Mikroben, ... Lire la suite\" \/>\n<meta property=\"og:url\" content=\"https:\/\/xpel.ch\/fr\/produkt\/oberflachenschutz\/\" \/>\n<meta property=\"og:site_name\" content=\"XPEL Switzerland\" \/>\n<meta property=\"article:modified_time\" content=\"2021-04-09T11:13:36+00:00\" \/>\n<meta property=\"og:image\" content=\"https:\/\/xpel.ch\/wp-content\/uploads\/2020\/10\/XPEL-FUSION-PLUS-Ceramic-Coating-Interior-Install-1-1024x651.jpg\" \/>\n<meta name=\"twitter:card\" content=\"summary_large_image\" \/>\n<meta name=\"twitter:label1\" content=\"Dur\u00e9e de lecture estim\u00e9e\" \/>\n\t<meta name=\"twitter:data1\" content=\"1 minute\" \/>\n<script type=\"application\/ld+json\" class=\"yoast-schema-graph\">{\"@context\":\"https:\/\/schema.org\",\"@graph\":[{\"@type\":\"WebPage\",\"@id\":\"https:\/\/xpel.ch\/produkt\/oberflachenschutz\/\",\"url\":\"https:\/\/xpel.ch\/produkt\/oberflachenschutz\/\",\"name\":\"Oberfl\u00e4chenschutz - XPEL Switzerland\",\"isPartOf\":{\"@id\":\"https:\/\/xpel.ch\/#website\"},\"primaryImageOfPage\":{\"@id\":\"https:\/\/xpel.ch\/produkt\/oberflachenschutz\/#primaryimage\"},\"image\":{\"@id\":\"https:\/\/xpel.ch\/produkt\/oberflachenschutz\/#primaryimage\"},\"thumbnailUrl\":\"https:\/\/xpel.ch\/wp-content\/uploads\/2020\/10\/XPEL-FUSION-PLUS-Ceramic-Coating-Interior-Install-1-1024x651.jpg\",\"datePublished\":\"2019-05-07T17:00:49+00:00\",\"dateModified\":\"2021-04-09T11:13:36+00:00\",\"breadcrumb\":{\"@id\":\"https:\/\/xpel.ch\/produkt\/oberflachenschutz\/#breadcrumb\"},\"inLanguage\":\"fr-FR\",\"potentialAction\":[{\"@type\":\"ReadAction\",\"target\":[\"https:\/\/xpel.ch\/produkt\/oberflachenschutz\/\"]}]},{\"@type\":\"ImageObject\",\"inLanguage\":\"fr-FR\",\"@id\":\"https:\/\/xpel.ch\/produkt\/oberflachenschutz\/#primaryimage\",\"url\":\"https:\/\/xpel.ch\/wp-content\/uploads\/2020\/10\/XPEL-FUSION-PLUS-Ceramic-Coating-Interior-Install-1-1024x651.jpg\",\"contentUrl\":\"https:\/\/xpel.ch\/wp-content\/uploads\/2020\/10\/XPEL-FUSION-PLUS-Ceramic-Coating-Interior-Install-1-1024x651.jpg\"},{\"@type\":\"BreadcrumbList\",\"@id\":\"https:\/\/xpel.ch\/produkt\/oberflachenschutz\/#breadcrumb\",\"itemListElement\":[{\"@type\":\"ListItem\",\"position\":1,\"name\":\"Startseite\",\"item\":\"https:\/\/xpel.ch\/\"},{\"@type\":\"ListItem\",\"position\":2,\"name\":\"Produkte\",\"item\":\"https:\/\/xpel.ch\/produkt\/\"},{\"@type\":\"ListItem\",\"position\":3,\"name\":\"Oberfl\u00e4chenschutz\"}]},{\"@type\":\"WebSite\",\"@id\":\"https:\/\/xpel.ch\/#website\",\"url\":\"https:\/\/xpel.ch\/\",\"name\":\"XPEL Switzerland\",\"description\":\"\",\"publisher\":{\"@id\":\"https:\/\/xpel.ch\/#organization\"},\"potentialAction\":[{\"@type\":\"SearchAction\",\"target\":{\"@type\":\"EntryPoint\",\"urlTemplate\":\"https:\/\/xpel.ch\/?s={search_term_string}\"},\"query-input\":{\"@type\":\"PropertyValueSpecification\",\"valueRequired\":true,\"valueName\":\"search_term_string\"}}],\"inLanguage\":\"fr-FR\"},{\"@type\":\"Organization\",\"@id\":\"https:\/\/xpel.ch\/#organization\",\"name\":\"XPEL Switzerland\",\"url\":\"https:\/\/xpel.ch\/\",\"logo\":{\"@type\":\"ImageObject\",\"inLanguage\":\"fr-FR\",\"@id\":\"https:\/\/xpel.ch\/#\/schema\/logo\/image\/\",\"url\":\"https:\/\/xpel.ch\/wp-content\/uploads\/2019\/04\/image002.png\",\"contentUrl\":\"https:\/\/xpel.ch\/wp-content\/uploads\/2019\/04\/image002.png\",\"width\":1272,\"height\":326,\"caption\":\"XPEL Switzerland\"},\"image\":{\"@id\":\"https:\/\/xpel.ch\/#\/schema\/logo\/image\/\"}}]}<\/script>\n<!-- \/ Yoast SEO plugin. -->","yoast_head_json":{"title":"Oberfl\u00e4chenschutz - XPEL Switzerland","robots":{"index":"index","follow":"follow","max-snippet":"max-snippet:-1","max-image-preview":"max-image-preview:large","max-video-preview":"max-video-preview:-1"},"canonical":"https:\/\/xpel.ch\/fr\/produkt\/oberflachenschutz\/","og_locale":"fr_FR","og_type":"article","og_title":"Oberfl\u00e4chenschutz - XPEL Switzerland","og_description":"OBERFL\u00c4CHENSCHUTZ ENTDECKEN SIE UNSERE OBERFL\u00c4CHENFOLIEN FUSION PLUSTM Keramikbeschichtung Das erste seiner Art von den Branchenf\u00fchrern des Oberfl\u00e4chenschutzes. FUSION PLUSTM Keramikbeschichtung kombiniert eine \u00fcberlegene hydrophobe Formel mit unvergleichlicher Brillanz und Glanz, damit Ihr Auto immer makellos aussieht. FINDEN SIE EINEN INSTALLATEUR Mehr erfahren Antimikrobieller RXTM-Film Entwickelt mit der Silberionentechnologie, sch\u00fctzt unsere antimikorbielle RXTM Folie vor Mikroben, ... Lire la suite","og_url":"https:\/\/xpel.ch\/fr\/produkt\/oberflachenschutz\/","og_site_name":"XPEL Switzerland","article_modified_time":"2021-04-09T11:13:36+00:00","og_image":[{"url":"https:\/\/xpel.ch\/wp-content\/uploads\/2020\/10\/XPEL-FUSION-PLUS-Ceramic-Coating-Interior-Install-1-1024x651.jpg","type":"","width":"","height":""}],"twitter_card":"summary_large_image","twitter_misc":{"Dur\u00e9e de lecture estim\u00e9e":"1 minute"},"schema":{"@context":"https:\/\/schema.org","@graph":[{"@type":"WebPage","@id":"https:\/\/xpel.ch\/produkt\/oberflachenschutz\/","url":"https:\/\/xpel.ch\/produkt\/oberflachenschutz\/","name":"Oberfl\u00e4chenschutz - XPEL Switzerland","isPartOf":{"@id":"https:\/\/xpel.ch\/#website"},"primaryImageOfPage":{"@id":"https:\/\/xpel.ch\/produkt\/oberflachenschutz\/#primaryimage"},"image":{"@id":"https:\/\/xpel.ch\/produkt\/oberflachenschutz\/#primaryimage"},"thumbnailUrl":"https:\/\/xpel.ch\/wp-content\/uploads\/2020\/10\/XPEL-FUSION-PLUS-Ceramic-Coating-Interior-Install-1-1024x651.jpg","datePublished":"2019-05-07T17:00:49+00:00","dateModified":"2021-04-09T11:13:36+00:00","breadcrumb":{"@id":"https:\/\/xpel.ch\/produkt\/oberflachenschutz\/#breadcrumb"},"inLanguage":"fr-FR","potentialAction":[{"@type":"ReadAction","target":["https:\/\/xpel.ch\/produkt\/oberflachenschutz\/"]}]},{"@type":"ImageObject","inLanguage":"fr-FR","@id":"https:\/\/xpel.ch\/produkt\/oberflachenschutz\/#primaryimage","url":"https:\/\/xpel.ch\/wp-content\/uploads\/2020\/10\/XPEL-FUSION-PLUS-Ceramic-Coating-Interior-Install-1-1024x651.jpg","contentUrl":"https:\/\/xpel.ch\/wp-content\/uploads\/2020\/10\/XPEL-FUSION-PLUS-Ceramic-Coating-Interior-Install-1-1024x651.jpg"},{"@type":"BreadcrumbList","@id":"https:\/\/xpel.ch\/produkt\/oberflachenschutz\/#breadcrumb","itemListElement":[{"@type":"ListItem","position":1,"name":"Startseite","item":"https:\/\/xpel.ch\/"},{"@type":"ListItem","position":2,"name":"Produkte","item":"https:\/\/xpel.ch\/produkt\/"},{"@type":"ListItem","position":3,"name":"Oberfl\u00e4chenschutz"}]},{"@type":"WebSite","@id":"https:\/\/xpel.ch\/#website","url":"https:\/\/xpel.ch\/","name":"XPEL Suisse","description":"","publisher":{"@id":"https:\/\/xpel.ch\/#organization"},"potentialAction":[{"@type":"SearchAction","target":{"@type":"EntryPoint","urlTemplate":"https:\/\/xpel.ch\/?s={search_term_string}"},"query-input":{"@type":"PropertyValueSpecification","valueRequired":true,"valueName":"search_term_string"}}],"inLanguage":"fr-FR"},{"@type":"Organization","@id":"https:\/\/xpel.ch\/#organization","name":"XPEL Suisse","url":"https:\/\/xpel.ch\/","logo":{"@type":"ImageObject","inLanguage":"fr-FR","@id":"https:\/\/xpel.ch\/#\/schema\/logo\/image\/","url":"https:\/\/xpel.ch\/wp-content\/uploads\/2019\/04\/image002.png","contentUrl":"https:\/\/xpel.ch\/wp-content\/uploads\/2019\/04\/image002.png","width":1272,"height":326,"caption":"XPEL Switzerland"},"image":{"@id":"https:\/\/xpel.ch\/#\/schema\/logo\/image\/"}}]}},"_links":{"self":[{"href":"https:\/\/xpel.ch\/fr\/wp-json\/wp\/v2\/pages\/209","targetHints":{"allow":["GET"]}}],"collection":[{"href":"https:\/\/xpel.ch\/fr\/wp-json\/wp\/v2\/pages"}],"about":[{"href":"https:\/\/xpel.ch\/fr\/wp-json\/wp\/v2\/types\/page"}],"author":[{"embeddable":true,"href":"https:\/\/xpel.ch\/fr\/wp-json\/wp\/v2\/users\/8"}],"replies":[{"embeddable":true,"href":"https:\/\/xpel.ch\/fr\/wp-json\/wp\/v2\/comments?post=209"}],"version-history":[{"count":0,"href":"https:\/\/xpel.ch\/fr\/wp-json\/wp\/v2\/pages\/209\/revisions"}],"up":[{"embeddable":true,"href":"https:\/\/xpel.ch\/fr\/wp-json\/wp\/v2\/pages\/207"}],"wp:attachment":[{"href":"https:\/\/xpel.ch\/fr\/wp-json\/wp\/v2\/media?parent=209"}],"curies":[{"name":"wp","href":"https:\/\/api.w.org\/{rel}","templated":true}]}}