{"id":212,"date":"2020-03-04T12:00:34","date_gmt":"2020-03-04T12:00:34","guid":{"rendered":"http:\/\/xpel.ch\/?page_id=212"},"modified":"2023-11-17T19:49:56","modified_gmt":"2023-11-17T19:49:56","slug":"technischer-support","status":"publish","type":"page","link":"https:\/\/xpel.ch\/fr\/hilfe\/technischer-support\/","title":{"rendered":"Support technique"},"content":{"rendered":"<div data-elementor-type=\"wp-post\" data-elementor-id=\"212\" class=\"elementor elementor-212\" data-elementor-post-type=\"page\">\n\t\t\t\t\t\t<section data-particle_enable=\"false\" data-particle-mobile-disabled=\"false\" class=\"elementor-section elementor-top-section elementor-element elementor-element-65b0059 elementor-section-full_width elementor-section-height-min-height elementor-section-height-default elementor-section-items-middle\" data-id=\"65b0059\" data-element_type=\"section\" data-e-type=\"section\" data-settings=\"{&quot;background_background&quot;:&quot;classic&quot;}\">\n\t\t\t\t\t\t\t<div class=\"elementor-background-overlay\"><\/div>\n\t\t\t\t\t\t\t<div class=\"elementor-container elementor-column-gap-default\">\n\t\t\t\t\t<div class=\"elementor-column elementor-col-100 elementor-top-column elementor-element elementor-element-0bb2f0b\" data-id=\"0bb2f0b\" data-element_type=\"column\" data-e-type=\"column\">\n\t\t\t<div class=\"elementor-widget-wrap elementor-element-populated\">\n\t\t\t\t\t\t<div class=\"elementor-element elementor-element-f225a38 elementor-widget elementor-widget-heading\" data-id=\"f225a38\" data-element_type=\"widget\" data-e-type=\"widget\" data-widget_type=\"heading.default\">\n\t\t\t\t<div class=\"elementor-widget-container\">\n\t\t\t\t\t<h1 class=\"elementor-heading-title elementor-size-default\">Support technique<\/h1>\t\t\t\t<\/div>\n\t\t\t\t<\/div>\n\t\t\t\t\t<\/div>\n\t\t<\/div>\n\t\t\t\t\t<\/div>\n\t\t<\/section>\n\t\t\t\t<section data-particle_enable=\"false\" data-particle-mobile-disabled=\"false\" class=\"elementor-section elementor-top-section elementor-element elementor-element-d0ce625 elementor-section-boxed elementor-section-height-default elementor-section-height-default\" data-id=\"d0ce625\" data-element_type=\"section\" data-e-type=\"section\">\n\t\t\t\t\t\t<div class=\"elementor-container elementor-column-gap-default\">\n\t\t\t\t\t<div class=\"elementor-column elementor-col-100 elementor-top-column elementor-element elementor-element-be02ee7\" data-id=\"be02ee7\" data-element_type=\"column\" data-e-type=\"column\">\n\t\t\t<div class=\"elementor-widget-wrap elementor-element-populated\">\n\t\t\t\t\t\t<div class=\"elementor-element elementor-element-1bf918e elementor-widget elementor-widget-breadcrumbs\" data-id=\"1bf918e\" data-element_type=\"widget\" data-e-type=\"widget\" data-widget_type=\"breadcrumbs.default\">\n\t\t\t\t<div class=\"elementor-widget-container\">\n\t\t\t\t\t<p id=\"breadcrumbs\"><span><span><a href=\"https:\/\/xpel.ch\/fr\/\">Page d&#039;accueil<\/a><\/span><\/span><\/p>\t\t\t\t<\/div>\n\t\t\t\t<\/div>\n\t\t\t\t\t<\/div>\n\t\t<\/div>\n\t\t\t\t\t<\/div>\n\t\t<\/section>\n\t\t\t\t<section data-particle_enable=\"false\" data-particle-mobile-disabled=\"false\" class=\"elementor-section elementor-top-section elementor-element elementor-element-908f82b elementor-section-boxed elementor-section-height-default elementor-section-height-default\" data-id=\"908f82b\" data-element_type=\"section\" data-e-type=\"section\">\n\t\t\t\t\t\t<div class=\"elementor-container elementor-column-gap-default\">\n\t\t\t\t\t<div class=\"elementor-column elementor-col-50 elementor-top-column elementor-element elementor-element-9901e12\" data-id=\"9901e12\" data-element_type=\"column\" data-e-type=\"column\">\n\t\t\t<div class=\"elementor-widget-wrap elementor-element-populated\">\n\t\t\t\t\t\t<div class=\"elementor-element elementor-element-0de98f2 elementor-nav-menu__align-justify sidenav-help elementor-nav-menu--dropdown-mobile elementor-nav-menu__text-align-aside elementor-nav-menu--toggle elementor-nav-menu--burger elementor-widget elementor-widget-nav-menu\" data-id=\"0de98f2\" data-element_type=\"widget\" data-e-type=\"widget\" data-settings=\"{&quot;layout&quot;:&quot;vertical&quot;,&quot;submenu_icon&quot;:{&quot;value&quot;:&quot;&lt;i class=\\&quot;\\&quot;&gt;&lt;\\\/i&gt;&quot;,&quot;library&quot;:&quot;&quot;},&quot;toggle&quot;:&quot;burger&quot;}\" data-widget_type=\"nav-menu.default\">\n\t\t\t\t<div class=\"elementor-widget-container\">\n\t\t\t\t\t\t\t\t<nav aria-label=\"Menu\" class=\"elementor-nav-menu--main elementor-nav-menu__container elementor-nav-menu--layout-vertical e--pointer-none\">\n\t\t\t\t<ul id=\"menu-1-0de98f2\" class=\"elementor-nav-menu sm-vertical\"><li class=\"menu-item menu-item-type-post_type menu-item-object-page menu-item-431\"><a href=\"https:\/\/xpel.ch\/fr\/hilfe\/technischer-support\/\" class=\"elementor-item\">Support technique <i class=\"fas fa-arrow-right\"><\/i><\/a><\/li>\n<li class=\"menu-item menu-item-type-post_type menu-item-object-page menu-item-425\"><a href=\"https:\/\/xpel.ch\/fr\/hilfe\/faq\/\" class=\"elementor-item\">FAQ <i class=\"fas fa-arrow-right\"><\/i><\/a><\/li>\n<li class=\"menu-item menu-item-type-post_type menu-item-object-page menu-item-427\"><a href=\"https:\/\/xpel.ch\/fr\/hilfe\/folien-spezifikationen\/\" class=\"elementor-item\">Sp\u00e9cifications de la feuille <i class=\"fas fa-arrow-right\"><\/i><\/a><\/li>\n<li class=\"menu-item menu-item-type-post_type menu-item-object-page menu-item-426\"><a href=\"https:\/\/xpel.ch\/fr\/hilfe\/folien-pflege\/\" class=\"elementor-item\">Entretien de la feuille <i class=\"fas fa-arrow-right\"><\/i><\/a><\/li>\n<li class=\"menu-item menu-item-type-post_type menu-item-object-page menu-item-989\"><a href=\"https:\/\/xpel.ch\/fr\/hilfe\/plotter-support\/\" class=\"elementor-item\">Support de traceur <i class=\"fas fa-arrow-right\"><\/i><\/a><\/li>\n<li class=\"menu-item menu-item-type-post_type menu-item-object-page menu-item-1041\"><a href=\"https:\/\/xpel.ch\/fr\/hilfe\/installation-instructions\/\" class=\"elementor-item\">Instructions d\u2019installation <i class=\"fas fa-arrow-right\"><\/i><\/a><\/li>\n<li class=\"menu-item menu-item-type-post_type menu-item-object-page menu-item-430\"><a href=\"https:\/\/xpel.ch\/fr\/hilfe\/sicherheitsdatenblatt\/\" class=\"elementor-item\">Fiche de donn\u00e9es de s\u00e9curit\u00e9 <i class=\"fas fa-arrow-right\"><\/i><\/a><\/li>\n<li class=\"menu-item menu-item-type-post_type menu-item-object-page menu-item-432\"><a href=\"https:\/\/xpel.ch\/fr\/hilfe\/garantiebedingungen\/\" class=\"elementor-item\">Informations sur la garantie <i class=\"fas fa-arrow-right\"><\/i><\/a><\/li>\n<\/ul>\t\t\t<\/nav>\n\t\t\t\t\t<div class=\"elementor-menu-toggle\" role=\"button\" tabindex=\"0\" aria-label=\"Permuter le menu\" aria-expanded=\"false\">\n\t\t\t<i aria-hidden=\"true\" role=\"presentation\" class=\"elementor-menu-toggle__icon--open eicon-menu-bar\"><\/i><i aria-hidden=\"true\" role=\"presentation\" class=\"elementor-menu-toggle__icon--close eicon-close\"><\/i>\t\t\t<span class=\"elementor-screen-only\">Menu<\/span>\n\t\t<\/div>\n\t\t\t\t\t<nav class=\"elementor-nav-menu--dropdown elementor-nav-menu__container\" aria-hidden=\"true\">\n\t\t\t\t<ul id=\"menu-2-0de98f2\" class=\"elementor-nav-menu sm-vertical\"><li class=\"menu-item menu-item-type-post_type menu-item-object-page menu-item-431\"><a href=\"https:\/\/xpel.ch\/fr\/hilfe\/technischer-support\/\" class=\"elementor-item\" tabindex=\"-1\">Support technique <i class=\"fas fa-arrow-right\"><\/i><\/a><\/li>\n<li class=\"menu-item menu-item-type-post_type menu-item-object-page menu-item-425\"><a href=\"https:\/\/xpel.ch\/fr\/hilfe\/faq\/\" class=\"elementor-item\" tabindex=\"-1\">FAQ <i class=\"fas fa-arrow-right\"><\/i><\/a><\/li>\n<li class=\"menu-item menu-item-type-post_type menu-item-object-page menu-item-427\"><a href=\"https:\/\/xpel.ch\/fr\/hilfe\/folien-spezifikationen\/\" class=\"elementor-item\" tabindex=\"-1\">Sp\u00e9cifications de la feuille <i class=\"fas fa-arrow-right\"><\/i><\/a><\/li>\n<li class=\"menu-item menu-item-type-post_type menu-item-object-page menu-item-426\"><a href=\"https:\/\/xpel.ch\/fr\/hilfe\/folien-pflege\/\" class=\"elementor-item\" tabindex=\"-1\">Entretien de la feuille <i class=\"fas fa-arrow-right\"><\/i><\/a><\/li>\n<li class=\"menu-item menu-item-type-post_type menu-item-object-page menu-item-989\"><a href=\"https:\/\/xpel.ch\/fr\/hilfe\/plotter-support\/\" class=\"elementor-item\" tabindex=\"-1\">Support de traceur <i class=\"fas fa-arrow-right\"><\/i><\/a><\/li>\n<li class=\"menu-item menu-item-type-post_type menu-item-object-page menu-item-1041\"><a href=\"https:\/\/xpel.ch\/fr\/hilfe\/installation-instructions\/\" class=\"elementor-item\" tabindex=\"-1\">Instructions d\u2019installation <i class=\"fas fa-arrow-right\"><\/i><\/a><\/li>\n<li class=\"menu-item menu-item-type-post_type menu-item-object-page menu-item-430\"><a href=\"https:\/\/xpel.ch\/fr\/hilfe\/sicherheitsdatenblatt\/\" class=\"elementor-item\" tabindex=\"-1\">Fiche de donn\u00e9es de s\u00e9curit\u00e9 <i class=\"fas fa-arrow-right\"><\/i><\/a><\/li>\n<li class=\"menu-item menu-item-type-post_type menu-item-object-page menu-item-432\"><a href=\"https:\/\/xpel.ch\/fr\/hilfe\/garantiebedingungen\/\" class=\"elementor-item\" tabindex=\"-1\">Informations sur la garantie <i class=\"fas fa-arrow-right\"><\/i><\/a><\/li>\n<\/ul>\t\t\t<\/nav>\n\t\t\t\t\t\t<\/div>\n\t\t\t\t<\/div>\n\t\t\t\t\t<\/div>\n\t\t<\/div>\n\t\t\t\t<div class=\"elementor-column elementor-col-50 elementor-top-column elementor-element elementor-element-b8eb53b\" data-id=\"b8eb53b\" data-element_type=\"column\" data-e-type=\"column\">\n\t\t\t<div class=\"elementor-widget-wrap elementor-element-populated\">\n\t\t\t\t\t\t<div class=\"elementor-element elementor-element-afa9eb0 elementor-widget elementor-widget-text-editor\" data-id=\"afa9eb0\" data-element_type=\"widget\" data-e-type=\"widget\" data-widget_type=\"text-editor.default\">\n\t\t\t\t<div class=\"elementor-widget-container\">\n\t\t\t\t\t\t\t\t\t<p class=\"translation-block\"><p>Chez XPEL, Inc. nous sommes convaincus que notre succ\u00e8s d\u00e9pendra de celui de nos clients. Une part importante de notre soutien aux efforts de nos clients passe par nos services d\u2019assistance de qualit\u00e9 sup\u00e9rieure.\n\nNotre personnel d\u2019assistance technique est disponible pour vous aider du lundi au vendredi de 8h30 \u00e0 17h30 CST, mais les probl\u00e8mes peuvent \u00e9galement \u00eatre facilement r\u00e9solus gr\u00e2ce \u00e0 notre assistance en ligne. Vous y trouverez des instructions d\u2019installation compl\u00e8tes, des r\u00e9ponses aux questions les plus fr\u00e9quemment pos\u00e9es, des conseils d\u2019installation, ainsi que des photos et des clips vid\u00e9o d\u2019installation s\u00e9quentielle. Si vous ne parvenez toujours pas \u00e0 r\u00e9soudre le probl\u00e8me technique apr\u00e8s avoir consult\u00e9 le site, vous pouvez choisir de contacter notre service d\u2019assistance technique par t\u00e9l\u00e9phone au num\u00e9ro gratuit <a href=\"tel:(800) 447-9928\">(800) 447-9928<\/a>, ou nous envoyer une demande par le biais de notre formulaire d\u2019assistance.<\/p>\n\n<p><strong>*** Pour les clients en dehors des \u00c9tats-Unis ou du Canada, veuillez appeler le <a href=\"tel:+1 (210) 678-3700\">+1 (210) 678-3700<\/a>, ou via notre formulaire d\u2019assistance.<\/strong><\/p><\/p>\t\t\t\t\t\t\t\t<\/div>\n\t\t\t\t<\/div>\n\t\t\t\t\t<\/div>\n\t\t<\/div>\n\t\t\t\t\t<\/div>\n\t\t<\/section>\n\t\t\t\t<section data-particle_enable=\"false\" data-particle-mobile-disabled=\"false\" class=\"elementor-section elementor-top-section elementor-element elementor-element-025e402 elementor-section-boxed elementor-section-height-default elementor-section-height-default\" data-id=\"025e402\" data-element_type=\"section\" data-e-type=\"section\">\n\t\t\t\t\t\t<div class=\"elementor-container elementor-column-gap-default\">\n\t\t\t\t\t<div class=\"elementor-column elementor-col-100 elementor-top-column elementor-element elementor-element-997b354\" data-id=\"997b354\" data-element_type=\"column\" data-e-type=\"column\">\n\t\t\t<div class=\"elementor-widget-wrap elementor-element-populated\">\n\t\t\t\t\t\t<div class=\"elementor-element elementor-element-51a4581 elementor-widget elementor-widget-html\" data-id=\"51a4581\" data-element_type=\"widget\" data-e-type=\"widget\" data-no-translation=\"\" data-widget_type=\"html.default\">\n\t\t\t\t<div class=\"elementor-widget-container\">\n\t\t\t\t\t<style>.elementor-element-51a4581{display:none !important}<\/style>\t\t\t\t<\/div>\n\t\t\t\t<\/div>\n\t\t\t\t<div class=\"elementor-element elementor-element-5fc10e8 elementor-widget elementor-widget-html\" data-id=\"5fc10e8\" data-element_type=\"widget\" data-e-type=\"widget\" data-no-translation=\"\" data-widget_type=\"html.default\">\n\t\t\t\t<div class=\"elementor-widget-container\">\n\t\t\t\t\t<script charset=\"utf-8\" type=\"text\/javascript\" src=\"\/\/js.hsforms.net\/forms\/embed\/v2.js\"><\/script>\r\n<script>\r\n  hbspt.forms.create({\r\n    region: \"na1\",\r\n    portalId: \"23101795\",\r\n    formId: \"d42c099f-ed08-4f89-a2c1-f673848f98b3\"\r\n  });\r\n<\/script>\t\t\t\t<\/div>\n\t\t\t\t<\/div>\n\t\t\t\t<div class=\"elementor-element elementor-element-3da7ac6 elementor-widget elementor-widget-html\" data-id=\"3da7ac6\" data-element_type=\"widget\" data-e-type=\"widget\" data-no-translation=\"\" data-widget_type=\"html.default\">\n\t\t\t\t<div class=\"elementor-widget-container\">\n\t\t\t\t\t<style>.elementor-element-3da7ac6{display:none !important}<\/style>\t\t\t\t<\/div>\n\t\t\t\t<\/div>\n\t\t\t\t\t<\/div>\n\t\t<\/div>\n\t\t\t\t\t<\/div>\n\t\t<\/section>\n\t\t\t\t<\/div>","protected":false},"excerpt":{"rendered":"<p>TECHNISCHER SUPPORT Unser Produkt kann nur so gut sein wie unser Service. Deshalb steht der Kundensupport bei XPEL ganz oben! Im Men\u00fc links finden Sie Hilfe zu Installationsfragen, Plotter, Folien-Pflege sowie den am h\u00e4ufigsten gestellten Fragen.Wenn Sie auf unserer Website keine Antwort auf Ihre Frage gefunden haben, stehen Ihnen unsere Mitarbeiter des technischen Supports gerne &#8230; <a title=\"Support technique\" class=\"read-more\" href=\"https:\/\/xpel.ch\/fr\/hilfe\/technischer-support\/\" aria-label=\"Read more about Technischer Support\">Lire la suite<\/a><\/p>","protected":false},"author":8,"featured_media":0,"parent":211,"menu_order":0,"comment_status":"closed","ping_status":"closed","template":"elementor_header_footer","meta":{"content-type":"","footnotes":""},"class_list":["post-212","page","type-page","status-publish"],"yoast_head":"<!-- This site is optimized with the Yoast SEO plugin v27.2 - https:\/\/yoast.com\/product\/yoast-seo-wordpress\/ -->\n<title>Technischer Support - XPEL Switzerland<\/title>\n<meta name=\"robots\" content=\"index, follow, max-snippet:-1, max-image-preview:large, max-video-preview:-1\" \/>\n<link rel=\"canonical\" href=\"https:\/\/xpel.ch\/fr\/hilfe\/technischer-support\/\" \/>\n<meta property=\"og:locale\" content=\"fr_FR\" \/>\n<meta property=\"og:type\" content=\"article\" \/>\n<meta property=\"og:title\" content=\"Technischer Support - XPEL Switzerland\" \/>\n<meta property=\"og:description\" content=\"TECHNISCHER SUPPORT Unser Produkt kann nur so gut sein wie unser Service. Deshalb steht der Kundensupport bei XPEL ganz oben! Im Men\u00fc links finden Sie Hilfe zu Installationsfragen, Plotter, Folien-Pflege sowie den am h\u00e4ufigsten gestellten Fragen.Wenn Sie auf unserer Website keine Antwort auf Ihre Frage gefunden haben, stehen Ihnen unsere Mitarbeiter des technischen Supports gerne ... Lire la suite\" \/>\n<meta property=\"og:url\" content=\"https:\/\/xpel.ch\/fr\/hilfe\/technischer-support\/\" \/>\n<meta property=\"og:site_name\" content=\"XPEL Switzerland\" \/>\n<meta property=\"article:modified_time\" content=\"2023-11-17T19:49:56+00:00\" \/>\n<meta name=\"twitter:card\" content=\"summary_large_image\" \/>\n<meta name=\"twitter:label1\" content=\"Dur\u00e9e de lecture estim\u00e9e\" \/>\n\t<meta name=\"twitter:data1\" content=\"1 minute\" \/>\n<script type=\"application\/ld+json\" class=\"yoast-schema-graph\">{\"@context\":\"https:\/\/schema.org\",\"@graph\":[{\"@type\":\"WebPage\",\"@id\":\"https:\/\/xpel.ch\/hilfe\/technischer-support\/\",\"url\":\"https:\/\/xpel.ch\/hilfe\/technischer-support\/\",\"name\":\"Technischer Support - XPEL Switzerland\",\"isPartOf\":{\"@id\":\"https:\/\/xpel.ch\/#website\"},\"datePublished\":\"2020-03-04T12:00:34+00:00\",\"dateModified\":\"2023-11-17T19:49:56+00:00\",\"breadcrumb\":{\"@id\":\"https:\/\/xpel.ch\/hilfe\/technischer-support\/#breadcrumb\"},\"inLanguage\":\"fr-FR\",\"potentialAction\":[{\"@type\":\"ReadAction\",\"target\":[\"https:\/\/xpel.ch\/hilfe\/technischer-support\/\"]}]},{\"@type\":\"BreadcrumbList\",\"@id\":\"https:\/\/xpel.ch\/hilfe\/technischer-support\/#breadcrumb\",\"itemListElement\":[{\"@type\":\"ListItem\",\"position\":1,\"name\":\"Startseite\",\"item\":\"https:\/\/xpel.ch\/\"},{\"@type\":\"ListItem\",\"position\":2,\"name\":\"Hilfe\",\"item\":\"https:\/\/xpel.ch\/hilfe\/\"},{\"@type\":\"ListItem\",\"position\":3,\"name\":\"Technischer Support\"}]},{\"@type\":\"WebSite\",\"@id\":\"https:\/\/xpel.ch\/#website\",\"url\":\"https:\/\/xpel.ch\/\",\"name\":\"XPEL Switzerland\",\"description\":\"\",\"publisher\":{\"@id\":\"https:\/\/xpel.ch\/#organization\"},\"potentialAction\":[{\"@type\":\"SearchAction\",\"target\":{\"@type\":\"EntryPoint\",\"urlTemplate\":\"https:\/\/xpel.ch\/?s={search_term_string}\"},\"query-input\":{\"@type\":\"PropertyValueSpecification\",\"valueRequired\":true,\"valueName\":\"search_term_string\"}}],\"inLanguage\":\"fr-FR\"},{\"@type\":\"Organization\",\"@id\":\"https:\/\/xpel.ch\/#organization\",\"name\":\"XPEL Switzerland\",\"url\":\"https:\/\/xpel.ch\/\",\"logo\":{\"@type\":\"ImageObject\",\"inLanguage\":\"fr-FR\",\"@id\":\"https:\/\/xpel.ch\/#\/schema\/logo\/image\/\",\"url\":\"https:\/\/xpel.ch\/wp-content\/uploads\/2019\/04\/image002.png\",\"contentUrl\":\"https:\/\/xpel.ch\/wp-content\/uploads\/2019\/04\/image002.png\",\"width\":1272,\"height\":326,\"caption\":\"XPEL Switzerland\"},\"image\":{\"@id\":\"https:\/\/xpel.ch\/#\/schema\/logo\/image\/\"}}]}<\/script>\n<!-- \/ Yoast SEO plugin. -->","yoast_head_json":{"title":"Technischer Support - XPEL Switzerland","robots":{"index":"index","follow":"follow","max-snippet":"max-snippet:-1","max-image-preview":"max-image-preview:large","max-video-preview":"max-video-preview:-1"},"canonical":"https:\/\/xpel.ch\/fr\/hilfe\/technischer-support\/","og_locale":"fr_FR","og_type":"article","og_title":"Technischer Support - XPEL Switzerland","og_description":"TECHNISCHER SUPPORT Unser Produkt kann nur so gut sein wie unser Service. Deshalb steht der Kundensupport bei XPEL ganz oben! Im Men\u00fc links finden Sie Hilfe zu Installationsfragen, Plotter, Folien-Pflege sowie den am h\u00e4ufigsten gestellten Fragen.Wenn Sie auf unserer Website keine Antwort auf Ihre Frage gefunden haben, stehen Ihnen unsere Mitarbeiter des technischen Supports gerne ... Lire la suite","og_url":"https:\/\/xpel.ch\/fr\/hilfe\/technischer-support\/","og_site_name":"XPEL Switzerland","article_modified_time":"2023-11-17T19:49:56+00:00","twitter_card":"summary_large_image","twitter_misc":{"Dur\u00e9e de lecture estim\u00e9e":"1 minute"},"schema":{"@context":"https:\/\/schema.org","@graph":[{"@type":"WebPage","@id":"https:\/\/xpel.ch\/hilfe\/technischer-support\/","url":"https:\/\/xpel.ch\/hilfe\/technischer-support\/","name":"Technischer Support - XPEL Switzerland","isPartOf":{"@id":"https:\/\/xpel.ch\/#website"},"datePublished":"2020-03-04T12:00:34+00:00","dateModified":"2023-11-17T19:49:56+00:00","breadcrumb":{"@id":"https:\/\/xpel.ch\/hilfe\/technischer-support\/#breadcrumb"},"inLanguage":"fr-FR","potentialAction":[{"@type":"ReadAction","target":["https:\/\/xpel.ch\/hilfe\/technischer-support\/"]}]},{"@type":"BreadcrumbList","@id":"https:\/\/xpel.ch\/hilfe\/technischer-support\/#breadcrumb","itemListElement":[{"@type":"ListItem","position":1,"name":"Startseite","item":"https:\/\/xpel.ch\/"},{"@type":"ListItem","position":2,"name":"Hilfe","item":"https:\/\/xpel.ch\/hilfe\/"},{"@type":"ListItem","position":3,"name":"Technischer Support"}]},{"@type":"WebSite","@id":"https:\/\/xpel.ch\/#website","url":"https:\/\/xpel.ch\/","name":"XPEL Suisse","description":"","publisher":{"@id":"https:\/\/xpel.ch\/#organization"},"potentialAction":[{"@type":"SearchAction","target":{"@type":"EntryPoint","urlTemplate":"https:\/\/xpel.ch\/?s={search_term_string}"},"query-input":{"@type":"PropertyValueSpecification","valueRequired":true,"valueName":"search_term_string"}}],"inLanguage":"fr-FR"},{"@type":"Organization","@id":"https:\/\/xpel.ch\/#organization","name":"XPEL Suisse","url":"https:\/\/xpel.ch\/","logo":{"@type":"ImageObject","inLanguage":"fr-FR","@id":"https:\/\/xpel.ch\/#\/schema\/logo\/image\/","url":"https:\/\/xpel.ch\/wp-content\/uploads\/2019\/04\/image002.png","contentUrl":"https:\/\/xpel.ch\/wp-content\/uploads\/2019\/04\/image002.png","width":1272,"height":326,"caption":"XPEL Switzerland"},"image":{"@id":"https:\/\/xpel.ch\/#\/schema\/logo\/image\/"}}]}},"_links":{"self":[{"href":"https:\/\/xpel.ch\/fr\/wp-json\/wp\/v2\/pages\/212","targetHints":{"allow":["GET"]}}],"collection":[{"href":"https:\/\/xpel.ch\/fr\/wp-json\/wp\/v2\/pages"}],"about":[{"href":"https:\/\/xpel.ch\/fr\/wp-json\/wp\/v2\/types\/page"}],"author":[{"embeddable":true,"href":"https:\/\/xpel.ch\/fr\/wp-json\/wp\/v2\/users\/8"}],"replies":[{"embeddable":true,"href":"https:\/\/xpel.ch\/fr\/wp-json\/wp\/v2\/comments?post=212"}],"version-history":[{"count":0,"href":"https:\/\/xpel.ch\/fr\/wp-json\/wp\/v2\/pages\/212\/revisions"}],"up":[{"embeddable":true,"href":"https:\/\/xpel.ch\/fr\/wp-json\/wp\/v2\/pages\/211"}],"wp:attachment":[{"href":"https:\/\/xpel.ch\/fr\/wp-json\/wp\/v2\/media?parent=212"}],"curies":[{"name":"wp","href":"https:\/\/api.w.org\/{rel}","templated":true}]}}