{"id":1006,"date":"2020-06-12T19:07:42","date_gmt":"2020-06-12T19:07:42","guid":{"rendered":"https:\/\/xpel.ch\/?page_id=1006"},"modified":"2023-06-08T14:58:29","modified_gmt":"2023-06-08T14:58:29","slug":"cookie-richtlinie","status":"publish","type":"page","link":"https:\/\/xpel.ch\/it\/cookie-richtlinie\/","title":{"rendered":"Politica dei cookie"},"content":{"rendered":"\t\t<div data-elementor-type=\"wp-page\" data-elementor-id=\"1006\" class=\"elementor elementor-1006\" data-elementor-post-type=\"page\">\n\t\t\t\t\t\t<section data-particle_enable=\"false\" data-particle-mobile-disabled=\"false\" class=\"elementor-section elementor-top-section elementor-element elementor-element-269cd07 elementor-section-boxed elementor-section-height-default elementor-section-height-default\" data-id=\"269cd07\" data-element_type=\"section\" data-e-type=\"section\">\n\t\t\t\t\t\t<div class=\"elementor-container elementor-column-gap-default\">\n\t\t\t\t\t<div class=\"elementor-column elementor-col-100 elementor-top-column elementor-element elementor-element-1b355f4\" data-id=\"1b355f4\" data-element_type=\"column\" data-e-type=\"column\">\n\t\t\t<div class=\"elementor-widget-wrap elementor-element-populated\">\n\t\t\t\t\t\t<div class=\"elementor-element elementor-element-d12337d elementor-widget elementor-widget-breadcrumbs\" data-id=\"d12337d\" data-element_type=\"widget\" data-e-type=\"widget\" data-widget_type=\"breadcrumbs.default\">\n\t\t\t\t<div class=\"elementor-widget-container\">\n\t\t\t\t\t<p id=\"breadcrumbs\"><span><span><a href=\"https:\/\/xpel.ch\/\">Startseite<\/a><\/span><\/span><\/p>\t\t\t\t<\/div>\n\t\t\t\t<\/div>\n\t\t\t\t\t<\/div>\n\t\t<\/div>\n\t\t\t\t\t<\/div>\n\t\t<\/section>\n\t\t\t\t<section data-particle_enable=\"false\" data-particle-mobile-disabled=\"false\" class=\"elementor-section elementor-top-section elementor-element elementor-element-0de2278 elementor-section-boxed elementor-section-height-default elementor-section-height-default\" data-id=\"0de2278\" data-element_type=\"section\" data-e-type=\"section\">\n\t\t\t\t\t\t<div class=\"elementor-container elementor-column-gap-default\">\n\t\t\t\t\t<div class=\"elementor-column elementor-col-100 elementor-top-column elementor-element elementor-element-14ecfb9\" data-id=\"14ecfb9\" data-element_type=\"column\" data-e-type=\"column\">\n\t\t\t<div class=\"elementor-widget-wrap elementor-element-populated\">\n\t\t\t\t\t\t<div class=\"elementor-element elementor-element-96f2471 elementor-widget elementor-widget-heading\" data-id=\"96f2471\" data-element_type=\"widget\" data-e-type=\"widget\" data-widget_type=\"heading.default\">\n\t\t\t\t<div class=\"elementor-widget-container\">\n\t\t\t\t\t<h1 class=\"elementor-heading-title elementor-size-default\">Cookie Richtlinien<\/h1>\t\t\t\t<\/div>\n\t\t\t\t<\/div>\n\t\t\t\t\t<\/div>\n\t\t<\/div>\n\t\t\t\t\t<\/div>\n\t\t<\/section>\n\t\t\t\t<section data-particle_enable=\"false\" data-particle-mobile-disabled=\"false\" class=\"elementor-section elementor-top-section elementor-element elementor-element-7f1158f1 elementor-section-boxed elementor-section-height-default elementor-section-height-default\" data-id=\"7f1158f1\" data-element_type=\"section\" data-e-type=\"section\">\n\t\t\t\t\t\t<div class=\"elementor-container elementor-column-gap-default\">\n\t\t\t\t\t<div class=\"elementor-column elementor-col-100 elementor-top-column elementor-element elementor-element-6cda2971\" data-id=\"6cda2971\" data-element_type=\"column\" data-e-type=\"column\">\n\t\t\t<div class=\"elementor-widget-wrap elementor-element-populated\">\n\t\t\t\t\t\t<div class=\"elementor-element elementor-element-cf53027 elementor-widget elementor-widget-text-editor\" data-id=\"cf53027\" data-element_type=\"widget\" data-e-type=\"widget\" data-no-translation=\"\" data-widget_type=\"text-editor.default\">\n\t\t\t\t<div class=\"elementor-widget-container\">\n\t\t\t\t\t<style>.elementor-element-cf53027{display:none !important}<\/style>\t\t\t\t<\/div>\n\t\t\t\t<\/div>\n\t\t\t\t<div class=\"elementor-element elementor-element-ee55c62 elementor-widget elementor-widget-text-editor\" data-id=\"ee55c62\" data-element_type=\"widget\" data-e-type=\"widget\" data-no-translation=\"\" data-widget_type=\"text-editor.default\">\n\t\t\t\t<div class=\"elementor-widget-container\">\n\t\t\t\t\t<style>.elementor-element-ee55c62{display:none !important}<\/style>\t\t\t\t<\/div>\n\t\t\t\t<\/div>\n\t\t\t\t<div class=\"elementor-element elementor-element-5498f98 elementor-widget elementor-widget-text-editor\" data-id=\"5498f98\" data-element_type=\"widget\" data-e-type=\"widget\" data-no-translation=\"\" data-widget_type=\"text-editor.default\">\n\t\t\t\t<div class=\"elementor-widget-container\">\n\t\t\t\t\t\t\t\t\t<p>I cookie e gli altri identificatori sono costituiti da parti di codice installate nel browser che assistono il Proprietario nel fornire il Servizio in base agli scopi descritti. Alcuni degli scopi per cui i cookie sono installati possono anche richiedere il consenso dell&#8217;Utente.<\/p><p>Qualora l&#8217;installazione dei Cookie sia basata sul consenso, tale consenso pu\u00f2 essere liberamente ritirato in qualsiasi momento seguendo le istruzioni fornite nel presente documento.<\/p><p><strong>COOKIE TECNICI E COOKIE SERVING AGGREGATED STATISTICAL PURPOSES<\/strong><\/p><p><strong>ACTIVITY STRICTLY NECESSARY PER IL FUNZIONAMENTO DI QUESTO SERVIZIO<\/strong><br \/>https:\/\/xpel.ch utilizza i cookie per salvare la sessione dell&#8217;Utente e per svolgere altreattivit\u00e0 strettamente necessarie per il funzionamento di https:\/\/xpel.ch, ad esempio in relazione alla distribuzione del traffico.<\/p><p><strong>ACTIVITY REGARDING THE SAVING OF PREFERENCES, optimization AND STATISTICS<\/strong><br \/>https:\/\/xpel.ch utilizza i cookie per salvare le preferenze di navigazione e ottimizzare l&#8217;esperienza di navigazione dell&#8217;Utente. Tra questi cookie ci sono, ad esempio, quelli utilizzati per l&#8217;impostazione delle preferenze di lingua e valuta o per la gestione delle statistiche di prima parte impiegate direttamente dal Proprietario del sito.<\/p><p><strong>Altri tipi di cookie o terze parti che installano i cookie<\/strong><\/p><p>Alcuni dei servizi elencati di seguito raccolgono statistiche in forma anonima e aggregata e non possono richiedere il consenso dell&#8217;Utente o possono essere gestiti direttamente dal Proprietario &#8211; a seconda di come sono descritti &#8211; senza l&#8217;aiuto di terzi.<\/p><p>Se i servizi gestiti da terze parti sono elencati tra gli strumenti riportati di seguito, questi possono essere utilizzati per monitorare le abitudini di navigazione degli utenti, oltre alle informazioni qui specificate e all&#8217;insaputa del Proprietario. Si prega di fare riferimento alla politica sulla privacy dei servizi elencati per informazioni dettagliate.<\/p><p><strong>COOKIE PUBBLICITARI<\/strong><br \/><strong>Come personalizzare le preferenze di monitoraggio pubblicitario<\/strong><\/p><p>Selezionare i servizi pubblicitari che aderiscono al <a href=\"https:\/\/advertisingconsent.eu\/\" target=\"_blank\" rel=\"noopener\">IAB Transparency and Consent Framework<\/a> e consentire all&#8217;Utente di impostare le preferenze di monitoraggio della pubblicit\u00e0. rel<\/p><p>\u00c8 possibile accedere a queste impostazioni e personalizzare facendo clic sul collegamento della politica dei cookie all&#8217;interno del banner di avviso cookie e quindi facendo clic sul link che porta alle impostazioni di monitoraggio della pubblicit\u00e0, o facendo clic sul relativo link su https:\/\/xpel.ch, se fornito.<\/p><p>Il proprietario dichiara che il framework di trasparenza e consenso IAB viene utilizzato nel pieno rispetto delle regole stabilite all&#8217;interno dei criteri quadro IAB.<\/p><p><strong>ALTRI COOKIE<\/strong><br \/><strong>Analisi<\/strong><\/p><p>I servizi contenuti in questa sezione consentono al proprietario di monitorare e analizzare il traffico Web e possono essere utilizzati per tenere traccia del comportamento dell&#8217;utente.<\/p><p><strong>Google Analytics (Google LLC)<\/strong><\/p><p>Google Analytics \u00e8 un servizio di analisi web fornito da Google LLC (&#171;Google&#187;). Google utilizza i Dati raccolti per monitorare ed esaminare l&#8217;uso di https:\/\/xpel.ch, per preparare rapporti sulle sue attivit\u00e0 e condividerli con altri servizi Google.<\/p><p>Google pu\u00f2 utilizzare i Dati raccolti per contestualizzare e personalizzare gli annunci della propria rete pubblicitaria.<\/p><p>Dati personali raccolti: Cookie e dati di utilizzo.<\/p><p>Luogo di elaborazione: Stati Uniti \u2013 <a href=\"https:\/\/policies.google.com\/privacy\" target=\"_blank\" rel=\"noopener\">Privacy Policy<\/a> \u2013 <a href=\"https:\/\/tools.google.com\/dlpage\/gaoptout?hl-en\" target=\"_blank\" rel=\"noopener\">Opt noopener Out<\/a>. Partecipante a Privacy Shield.<\/p><p><strong>Visualizzazione di contenuto da piattaforme esterne<\/strong><\/p><p>Questo tipo di servizio consente di visualizzare il contenuto ospitato su piattaforme esterne direttamente dalle pagine di https:\/\/xpel.ch e interagire con essi.<\/p><p>Questo tipo di servizio potrebbe comunque raccogliere dati sul traffico Web per le pagine in cui \u00e8 installato il servizio, anche quando gli utenti non lo utilizzano.<\/p><p><strong>Widget Instagram (Instagram, Inc.)<\/strong><\/p><p>Instagram \u00e8 un servizio di visualizzazione delle immagini fornito da Instagram, Inc. che permette https:\/\/xpel.ch di incorporare contenuti di questo tipo sullesue pagine.<\/p><p>Dati personali raccolti: Cookie e dati di utilizzo.<\/p><p>Luogo di elaborazione: Stati Uniti \u2013 <a href=\"https:\/\/help.instagram.com\/519522125107875\" target=\"_blank\" rel=\"noopener\">Informativa sulla privacy<\/a>.<\/p><p><strong>COME FORNIRE O WITHDRAW CONSENT PER L&#8217;INSTALLATION OF Cookies<\/strong><br \/>Oltre a quanto specificato in questo documento, l&#8217;Utente pu\u00f2 gestire le preferenze per i Cookie direttamente dal proprio browser e impedire \u2013 ad esempio \u2013 a terze parti di installare i cookie.<\/p><p>Attraverso le preferenze del browser, \u00e8 anche possibile eliminare i Cookie installati in passato, compresi i Cookie che potrebbero aver salvato il consenso iniziale per l&#8217;installazione dei cookie da parte di questo sito web.<\/p><p>Gli utenti possono, ad esempio, trovare informazioni su come gestire i cookie nei browser pi\u00f9 comunemente utilizzati nei seguenti indirizzi: <a href=\"https:\/\/support.google.com\/chrome\/answer\/9564795647?hl=en&amp;p=cpn_cookies\" target=\"_blank\" rel=\"noopener\">Google Chrome<\/a>, <a href=\"https:\/\/support.mozilla.org\/en-US\/kb\/enable-and-disable-cookies-website-preferences\" target=\"_blank\" rel=\"noopener\">Mozilla Firefox<\/a>, <a href=\"https:\/\/support.apple.com\/guide\/safari\/manage-cookies-and-website-data-sfri11471\/\" target=\"_blank\" rel=\"noopener\">Apple Safari<\/a> e <a href=\"http:\/\/windows.microsoft.com\/en-us\/windows-vista\/block-or-allow-cookies\" target=\"_blank\" rel=\"noopener\">Microsoft Internet Explorer<\/a>.<\/p><p>Per quanto riguarda i cookie installati da terze parti, gli utenti possono gestire le loro preferenze e il ritiro del loro consenso facendo clic sul relativo link di opt-out (se fornito), utilizzando i mezzi forniti nella politica sulla privacy di terzi, o contattando la terza parte.<\/p><p>Nonostante quanto sopra, gli utenti sono informati che possono seguire le istruzioni fornite da <a href=\"http:\/\/www.youronlinechoices.eu\/\" target=\"_blank\" rel=\"noopener\">YourOnlineChoices<\/a> (UE), il <a href=\"https:\/\/www.networkadvertising.org\/understanding-digital-advertising\" target=\"_blank\" rel=\"noopener\">Network Advertising Initiative<\/a> (US) e il <a href=\"https:\/\/www.aboutads.info\/consumers\/\" target=\"_blank\" rel=\"noopener\">Digital Advertising Alliance&gt;&gt;Digital Advertising Alliance<\/a> (US), <a href=\"https:\/\/youradchoices.ca\/understanding-online-advertising\/\" target=\"_blank\" rel=\"noopener\">DAAC<\/a> (Canada), <a href=\"http:\/\/www.ddai.info\/optout\" target=\"_blank\" rel=\"noopener\">DDAI<\/a> (Canada) Tali iniziative consentono agli utenti di selezionare le preferenze di monitoraggio per la maggior parte degli strumenti pubblicitari. Il Titolare raccomanda pertanto agli Utenti di utilizzare queste risorse in aggiunta alle informazioni fornite in questo documento.<\/p><p><strong>Proprietario e controller di dati<\/strong><\/p><p>XPEL, Inc<br \/>711 Broadway St., Ste. 320<br \/>San Antonio, Texas 78215<br \/>USA<\/p><p><strong>Posta elettronica contatto proprietario<\/strong>: <a href=\"mailto:privacy@xpel.com\">privacy@xpel.com<\/a><\/p><p>Poich\u00e9 l&#8217;installazione di cookie di terze parti e di altri sistemi di tracciamento attraverso i servizi utilizzatiall&#8217;internodi [ site_url ] non pu\u00f2 essere tecnicamente controllatadal Proprietario, qualsiasi riferimento specifico ai cookie e ai sistemi di tracciamento installati da terzi deve essere considerato indicativo. Al fine di ottenere informazioni complete, l&#8217;Utente \u00e8 gentilmente richiesto di consultare l&#8217;informativa sulla privacy per i rispettivi servizi di terze parti elencati in questo documento.<\/p><p>Data la complessit\u00e0 oggettiva che circonda l&#8217;identificazione delle tecnologie basate sui Cookie, gli Utenti sono incoraggiati a contattare il Proprietario nel caso desiderino ricevere ulteriori informazioni sull&#8217;uso dei Cookie da parte di https:\/\/xpel.ch.<\/p><p><strong>DEFINITIONS AND LEGAL REFERENCES<\/strong><br \/><strong>Dati personali (o dati)<\/strong><\/p><p>Qualsiasi informazione che direttamente, indirettamente o in relazione ad altre informazioni, compreso un numero di identificazione personale, consente l&#8217;identificazione o l&#8217;identificazione di una persona naturale.<\/p><p><strong>Dati di utilizzo<\/strong><\/p><p>Informazioni raccolte automaticamente tramite https:\/\/xpel.ch (o servizi di terze parti impiegati in https:\/\/xpel.ch), che possono includere: gli indirizzi IP o i nomi didominio dei computer utilizzati dagli utenti che utilizzano https:\/\/xpel.ch, gli indirizzi URI (Uniform Resource Identifier), l&#8217;ora della richiesta, il metodo utilizzato per inviare la richiesta al server, la dimensione del file ricevuto in risposta, il codice numerico che indica lo stato della risposta del server (esito positivo, errore, ecc.), il paese di origine, le caratteristiche del browser e del sistema operativo utilizzato dall&#8217;Utente, i vari dettagli di tempo per visita (ad esempio, il tempo trascorso su ogni pagina all&#8217;interno dell&#8217;applicazione) e i dettagli sul percorso seguito all&#8217;interno dell&#8217;applicazione con particolare riferimento alla sequenza e altri parametri sul sistema operativo del dispositivo e\/o sull&#8217;ambiente IT dell&#8217;utente.<\/p><p><strong>Utente<\/strong><\/p><p>L&#8217;individuo cheutilizza [ site_url]che, se non diversamente specificato, coincide con l&#8217;oggetto dati.<\/p><p><strong>Oggetto dati<\/strong><\/p><p>La persona naturale a cui si riferiscono i Dati Personali.<\/p><p><strong>Processore dati (o Supervisore dati)<\/strong><\/p><p>La persona naturale o giuridica, l&#8217;autorit\u00e0 pubblica, l&#8217;agenzia o un altro organismo che elabora i Dati Personali per conto del Controllore, come descritto nella presente informativa sulla privacy.<\/p><p><strong>Controller di dati (o proprietario)<\/strong><\/p><p>La persona naturale o giuridica, l&#8217;autorit\u00e0 pubblica, l&#8217;agenzia o un altro organismo che, da solo o congiuntamente con altri, determina gli scopi e i mezzi del trattamento dei dati personali, comprese le misure di sicurezza relative al funzionamento eall&#8217;usodi [ site_url]. Il controller di dati, se non diversamente specificato, \u00e8 il proprietario di https:\/\/xpel.ch.<\/p><p><strong>https:\/\/xpel.ch (o questa applicazione)<\/strong><\/p><p>I mezzi con cui i Dati Personali dell&#8217;Utente vengono raccolti ed elaborati.<\/p><p><strong>Servizio<\/strong><\/p><p>Il servizio fornito da https:\/\/xpel.ch come descritto nei termini relativi (se disponibili) e in questo sito\/applicazione.<\/p><p><strong>Unione europea (o UE)<\/strong><\/p><p>Se non diversamente specificato, tutti i riferimenti fatti all&#8217;interno di questo documento all&#8217;Unione europea comprendono tutti gli attuali Stati membri dell&#8217;Unione europea e dello Stato economico europeo.<\/p><p><strong>Cookie<\/strong><\/p><p>Piccoli set di dati memorizzati nel dispositivo dell&#8217;Utente.<\/p><p><strong>INFORMAZIONI LEGALI<\/strong><br \/>La presente informativa sulla privacy \u00e8 stata preparata sulla base di disposizioni di pi\u00f9 legislazioni, tra cui Art. 13\/14 of Regulation (EU) 2016\/679 (General Data Protection Regulation).<\/p><p>La presente informativa sulla privacy si riferisce esclusivamentea [ site_url], se non diversamente indicato all&#8217;interno del presente documento.<\/p>\t\t\t\t\t\t\t\t<\/div>\n\t\t\t\t<\/div>\n\t\t\t\t\t<\/div>\n\t\t<\/div>\n\t\t\t\t\t<\/div>\n\t\t<\/section>\n\t\t\t\t<\/div>\n\t\t","protected":false},"excerpt":{"rendered":"<p>Cookie Policy I cookie e altri identificatori sono costituiti da porzioni di codice installate all&#039;interno del browser che assistono il Titolare nell&#039;erogazione del servizio in base alle finalit\u00e0 descritte. Alcune delle finalit\u00e0 per le quali vengono installati i cookie possono richiedere anche il consenso dell&#039;utente. Se l&#039;installazione dei cookie \u00e8 basata sul consenso, questo pu\u00f2... <a title=\"Politica dei cookie\" class=\"read-more\" href=\"https:\/\/xpel.ch\/it\/cookie-richtlinie\/\" aria-label=\"Per saperne di pi\u00f9 su Cookie Richtlinien\">Leggi tutto<\/a><\/p>","protected":false},"author":8,"featured_media":0,"parent":0,"menu_order":0,"comment_status":"closed","ping_status":"closed","template":"elementor_header_footer","meta":{"content-type":"","footnotes":""},"class_list":["post-1006","page","type-page","status-publish"],"yoast_head":"<!-- This site is optimized with the Yoast SEO plugin v27.2 - https:\/\/yoast.com\/product\/yoast-seo-wordpress\/ -->\n<title>Cookie Richtlinien - XPEL Switzerland<\/title>\n<meta name=\"robots\" content=\"index, follow, max-snippet:-1, max-image-preview:large, max-video-preview:-1\" \/>\n<link rel=\"canonical\" href=\"https:\/\/xpel.ch\/it\/cookie-richtlinie\/\" \/>\n<meta property=\"og:locale\" content=\"it_IT\" \/>\n<meta property=\"og:type\" content=\"article\" \/>\n<meta property=\"og:title\" content=\"Cookie Richtlinien - XPEL Switzerland\" \/>\n<meta property=\"og:description\" content=\"Cookie Richtlinien Cookies und andere Identifikatoren bestehen aus Teilen des Codes, die im Browser installiert sind und den Eigent\u00fcmer bei der Bereitstellung des Dienstes gem\u00e4\u00df den beschriebenen Zwecken unterst\u00fctzen. Einige der Zwecke, f\u00fcr die Cookies installiert werden, k\u00f6nnen auch die Zustimmung des Benutzers erfordern. Wenn die Installation von Cookies auf der Zustimmung beruht, kann diese ... Leggi tutto\" \/>\n<meta property=\"og:url\" content=\"https:\/\/xpel.ch\/it\/cookie-richtlinie\/\" \/>\n<meta property=\"og:site_name\" content=\"XPEL Switzerland\" \/>\n<meta property=\"article:modified_time\" content=\"2023-06-08T14:58:29+00:00\" \/>\n<meta name=\"twitter:card\" content=\"summary_large_image\" \/>\n<meta name=\"twitter:label1\" content=\"Tempo di lettura stimato\" \/>\n\t<meta name=\"twitter:data1\" content=\"18 minuti\" \/>\n<script type=\"application\/ld+json\" class=\"yoast-schema-graph\">{\"@context\":\"https:\/\/schema.org\",\"@graph\":[{\"@type\":\"WebPage\",\"@id\":\"https:\/\/xpel.ch\/cookie-richtlinie\/\",\"url\":\"https:\/\/xpel.ch\/cookie-richtlinie\/\",\"name\":\"Cookie Richtlinien - XPEL Switzerland\",\"isPartOf\":{\"@id\":\"https:\/\/xpel.ch\/#website\"},\"datePublished\":\"2020-06-12T19:07:42+00:00\",\"dateModified\":\"2023-06-08T14:58:29+00:00\",\"breadcrumb\":{\"@id\":\"https:\/\/xpel.ch\/cookie-richtlinie\/#breadcrumb\"},\"inLanguage\":\"it-IT\",\"potentialAction\":[{\"@type\":\"ReadAction\",\"target\":[\"https:\/\/xpel.ch\/cookie-richtlinie\/\"]}]},{\"@type\":\"BreadcrumbList\",\"@id\":\"https:\/\/xpel.ch\/cookie-richtlinie\/#breadcrumb\",\"itemListElement\":[{\"@type\":\"ListItem\",\"position\":1,\"name\":\"Startseite\",\"item\":\"https:\/\/xpel.ch\/\"},{\"@type\":\"ListItem\",\"position\":2,\"name\":\"Cookie Richtlinien\"}]},{\"@type\":\"WebSite\",\"@id\":\"https:\/\/xpel.ch\/#website\",\"url\":\"https:\/\/xpel.ch\/\",\"name\":\"XPEL Switzerland\",\"description\":\"\",\"publisher\":{\"@id\":\"https:\/\/xpel.ch\/#organization\"},\"potentialAction\":[{\"@type\":\"SearchAction\",\"target\":{\"@type\":\"EntryPoint\",\"urlTemplate\":\"https:\/\/xpel.ch\/?s={search_term_string}\"},\"query-input\":{\"@type\":\"PropertyValueSpecification\",\"valueRequired\":true,\"valueName\":\"search_term_string\"}}],\"inLanguage\":\"it-IT\"},{\"@type\":\"Organization\",\"@id\":\"https:\/\/xpel.ch\/#organization\",\"name\":\"XPEL Switzerland\",\"url\":\"https:\/\/xpel.ch\/\",\"logo\":{\"@type\":\"ImageObject\",\"inLanguage\":\"it-IT\",\"@id\":\"https:\/\/xpel.ch\/#\/schema\/logo\/image\/\",\"url\":\"https:\/\/xpel.ch\/wp-content\/uploads\/2019\/04\/image002.png\",\"contentUrl\":\"https:\/\/xpel.ch\/wp-content\/uploads\/2019\/04\/image002.png\",\"width\":1272,\"height\":326,\"caption\":\"XPEL Switzerland\"},\"image\":{\"@id\":\"https:\/\/xpel.ch\/#\/schema\/logo\/image\/\"}}]}<\/script>\n<!-- \/ Yoast SEO plugin. -->","yoast_head_json":{"title":"Cookie Richtlinien - XPEL Switzerland","robots":{"index":"index","follow":"follow","max-snippet":"max-snippet:-1","max-image-preview":"max-image-preview:large","max-video-preview":"max-video-preview:-1"},"canonical":"https:\/\/xpel.ch\/it\/cookie-richtlinie\/","og_locale":"it_IT","og_type":"article","og_title":"Cookie Richtlinien - XPEL Switzerland","og_description":"Cookie Richtlinien Cookies und andere Identifikatoren bestehen aus Teilen des Codes, die im Browser installiert sind und den Eigent\u00fcmer bei der Bereitstellung des Dienstes gem\u00e4\u00df den beschriebenen Zwecken unterst\u00fctzen. Einige der Zwecke, f\u00fcr die Cookies installiert werden, k\u00f6nnen auch die Zustimmung des Benutzers erfordern. Wenn die Installation von Cookies auf der Zustimmung beruht, kann diese ... Leggi tutto","og_url":"https:\/\/xpel.ch\/it\/cookie-richtlinie\/","og_site_name":"XPEL Switzerland","article_modified_time":"2023-06-08T14:58:29+00:00","twitter_card":"summary_large_image","twitter_misc":{"Tempo di lettura stimato":"18 minuti"},"schema":{"@context":"https:\/\/schema.org","@graph":[{"@type":"WebPage","@id":"https:\/\/xpel.ch\/cookie-richtlinie\/","url":"https:\/\/xpel.ch\/cookie-richtlinie\/","name":"Cookie Richtlinien - XPEL Switzerland","isPartOf":{"@id":"https:\/\/xpel.ch\/#website"},"datePublished":"2020-06-12T19:07:42+00:00","dateModified":"2023-06-08T14:58:29+00:00","breadcrumb":{"@id":"https:\/\/xpel.ch\/cookie-richtlinie\/#breadcrumb"},"inLanguage":"it-IT","potentialAction":[{"@type":"ReadAction","target":["https:\/\/xpel.ch\/cookie-richtlinie\/"]}]},{"@type":"BreadcrumbList","@id":"https:\/\/xpel.ch\/cookie-richtlinie\/#breadcrumb","itemListElement":[{"@type":"ListItem","position":1,"name":"Startseite","item":"https:\/\/xpel.ch\/"},{"@type":"ListItem","position":2,"name":"Cookie Richtlinien"}]},{"@type":"WebSite","@id":"https:\/\/xpel.ch\/#website","url":"https:\/\/xpel.ch\/","name":"XPEL Svizzera","description":"","publisher":{"@id":"https:\/\/xpel.ch\/#organization"},"potentialAction":[{"@type":"SearchAction","target":{"@type":"EntryPoint","urlTemplate":"https:\/\/xpel.ch\/?s={search_term_string}"},"query-input":{"@type":"PropertyValueSpecification","valueRequired":true,"valueName":"search_term_string"}}],"inLanguage":"it-IT"},{"@type":"Organization","@id":"https:\/\/xpel.ch\/#organization","name":"XPEL Svizzera","url":"https:\/\/xpel.ch\/","logo":{"@type":"ImageObject","inLanguage":"it-IT","@id":"https:\/\/xpel.ch\/#\/schema\/logo\/image\/","url":"https:\/\/xpel.ch\/wp-content\/uploads\/2019\/04\/image002.png","contentUrl":"https:\/\/xpel.ch\/wp-content\/uploads\/2019\/04\/image002.png","width":1272,"height":326,"caption":"XPEL Switzerland"},"image":{"@id":"https:\/\/xpel.ch\/#\/schema\/logo\/image\/"}}]}},"_links":{"self":[{"href":"https:\/\/xpel.ch\/it\/wp-json\/wp\/v2\/pages\/1006","targetHints":{"allow":["GET"]}}],"collection":[{"href":"https:\/\/xpel.ch\/it\/wp-json\/wp\/v2\/pages"}],"about":[{"href":"https:\/\/xpel.ch\/it\/wp-json\/wp\/v2\/types\/page"}],"author":[{"embeddable":true,"href":"https:\/\/xpel.ch\/it\/wp-json\/wp\/v2\/users\/8"}],"replies":[{"embeddable":true,"href":"https:\/\/xpel.ch\/it\/wp-json\/wp\/v2\/comments?post=1006"}],"version-history":[{"count":0,"href":"https:\/\/xpel.ch\/it\/wp-json\/wp\/v2\/pages\/1006\/revisions"}],"wp:attachment":[{"href":"https:\/\/xpel.ch\/it\/wp-json\/wp\/v2\/media?parent=1006"}],"curies":[{"name":"wp","href":"https:\/\/api.w.org\/{rel}","templated":true}]}}