{"id":212,"date":"2020-03-04T12:00:34","date_gmt":"2020-03-04T12:00:34","guid":{"rendered":"http:\/\/xpel.ch\/?page_id=212"},"modified":"2023-11-17T19:49:56","modified_gmt":"2023-11-17T19:49:56","slug":"technischer-support","status":"publish","type":"page","link":"https:\/\/xpel.ch\/it\/hilfe\/technischer-support\/","title":{"rendered":"Supporto Tecnico"},"content":{"rendered":"<div data-elementor-type=\"wp-post\" data-elementor-id=\"212\" class=\"elementor elementor-212\" data-elementor-post-type=\"page\">\n\t\t\t\t\t\t<section data-particle_enable=\"false\" data-particle-mobile-disabled=\"false\" class=\"elementor-section elementor-top-section elementor-element elementor-element-65b0059 elementor-section-full_width elementor-section-height-min-height elementor-section-height-default elementor-section-items-middle\" data-id=\"65b0059\" data-element_type=\"section\" data-e-type=\"section\" data-settings=\"{&quot;background_background&quot;:&quot;classic&quot;}\">\n\t\t\t\t\t\t\t<div class=\"elementor-background-overlay\"><\/div>\n\t\t\t\t\t\t\t<div class=\"elementor-container elementor-column-gap-default\">\n\t\t\t\t\t<div class=\"elementor-column elementor-col-100 elementor-top-column elementor-element elementor-element-0bb2f0b\" data-id=\"0bb2f0b\" data-element_type=\"column\" data-e-type=\"column\">\n\t\t\t<div class=\"elementor-widget-wrap elementor-element-populated\">\n\t\t\t\t\t\t<div class=\"elementor-element elementor-element-f225a38 elementor-widget elementor-widget-heading\" data-id=\"f225a38\" data-element_type=\"widget\" data-e-type=\"widget\" data-widget_type=\"heading.default\">\n\t\t\t\t<div class=\"elementor-widget-container\">\n\t\t\t\t\t<h1 class=\"elementor-heading-title elementor-size-default\">Supporto Tecnico<\/h1>\t\t\t\t<\/div>\n\t\t\t\t<\/div>\n\t\t\t\t\t<\/div>\n\t\t<\/div>\n\t\t\t\t\t<\/div>\n\t\t<\/section>\n\t\t\t\t<section data-particle_enable=\"false\" data-particle-mobile-disabled=\"false\" class=\"elementor-section elementor-top-section elementor-element elementor-element-d0ce625 elementor-section-boxed elementor-section-height-default elementor-section-height-default\" data-id=\"d0ce625\" data-element_type=\"section\" data-e-type=\"section\">\n\t\t\t\t\t\t<div class=\"elementor-container elementor-column-gap-default\">\n\t\t\t\t\t<div class=\"elementor-column elementor-col-100 elementor-top-column elementor-element elementor-element-be02ee7\" data-id=\"be02ee7\" data-element_type=\"column\" data-e-type=\"column\">\n\t\t\t<div class=\"elementor-widget-wrap elementor-element-populated\">\n\t\t\t\t\t\t<div class=\"elementor-element elementor-element-1bf918e elementor-widget elementor-widget-breadcrumbs\" data-id=\"1bf918e\" data-element_type=\"widget\" data-e-type=\"widget\" data-widget_type=\"breadcrumbs.default\">\n\t\t\t\t<div class=\"elementor-widget-container\">\n\t\t\t\t\t<p id=\"breadcrumbs\"><span><span><a href=\"https:\/\/xpel.ch\/it\/\">Pagina iniziale<\/a><\/span><\/span><\/p>\t\t\t\t<\/div>\n\t\t\t\t<\/div>\n\t\t\t\t\t<\/div>\n\t\t<\/div>\n\t\t\t\t\t<\/div>\n\t\t<\/section>\n\t\t\t\t<section data-particle_enable=\"false\" data-particle-mobile-disabled=\"false\" class=\"elementor-section elementor-top-section elementor-element elementor-element-908f82b elementor-section-boxed elementor-section-height-default elementor-section-height-default\" data-id=\"908f82b\" data-element_type=\"section\" data-e-type=\"section\">\n\t\t\t\t\t\t<div class=\"elementor-container elementor-column-gap-default\">\n\t\t\t\t\t<div class=\"elementor-column elementor-col-50 elementor-top-column elementor-element elementor-element-9901e12\" data-id=\"9901e12\" data-element_type=\"column\" data-e-type=\"column\">\n\t\t\t<div class=\"elementor-widget-wrap elementor-element-populated\">\n\t\t\t\t\t\t<div class=\"elementor-element elementor-element-0de98f2 elementor-nav-menu__align-justify sidenav-help elementor-nav-menu--dropdown-mobile elementor-nav-menu__text-align-aside elementor-nav-menu--toggle elementor-nav-menu--burger elementor-widget elementor-widget-nav-menu\" data-id=\"0de98f2\" data-element_type=\"widget\" data-e-type=\"widget\" data-settings=\"{&quot;layout&quot;:&quot;vertical&quot;,&quot;submenu_icon&quot;:{&quot;value&quot;:&quot;&lt;i class=\\&quot;\\&quot;&gt;&lt;\\\/i&gt;&quot;,&quot;library&quot;:&quot;&quot;},&quot;toggle&quot;:&quot;burger&quot;}\" data-widget_type=\"nav-menu.default\">\n\t\t\t\t<div class=\"elementor-widget-container\">\n\t\t\t\t\t\t\t\t<nav aria-label=\"Men\u00f9\" class=\"elementor-nav-menu--main elementor-nav-menu__container elementor-nav-menu--layout-vertical e--pointer-none\">\n\t\t\t\t<ul id=\"menu-1-0de98f2\" class=\"elementor-nav-menu sm-vertical\"><li class=\"menu-item menu-item-type-post_type menu-item-object-page menu-item-431\"><a href=\"https:\/\/xpel.ch\/it\/hilfe\/technischer-support\/\" class=\"elementor-item\">Supporto Tecnico <i class=\"fas fa-arrow-right\"><\/i><\/a><\/li>\n<li class=\"menu-item menu-item-type-post_type menu-item-object-page menu-item-425\"><a href=\"https:\/\/xpel.ch\/it\/hilfe\/faq\/\" class=\"elementor-item\">FAQ <i class=\"fas fa-arrow-right\"><\/i><\/a><\/li>\n<li class=\"menu-item menu-item-type-post_type menu-item-object-page menu-item-427\"><a href=\"https:\/\/xpel.ch\/it\/hilfe\/folien-spezifikationen\/\" class=\"elementor-item\">Specifiche della pellicola <i class=\"fas fa-arrow-right\"><\/i><\/a><\/li>\n<li class=\"menu-item menu-item-type-post_type menu-item-object-page menu-item-426\"><a href=\"https:\/\/xpel.ch\/it\/hilfe\/folien-pflege\/\" class=\"elementor-item\">Cura della pellicola <i class=\"fas fa-arrow-right\"><\/i><\/a><\/li>\n<li class=\"menu-item menu-item-type-post_type menu-item-object-page menu-item-989\"><a href=\"https:\/\/xpel.ch\/it\/hilfe\/plotter-support\/\" class=\"elementor-item\">Supporto per plotter <i class=\"fas fa-arrow-right\"><\/i><\/a><\/li>\n<li class=\"menu-item menu-item-type-post_type menu-item-object-page menu-item-1041\"><a href=\"https:\/\/xpel.ch\/it\/hilfe\/installation-instructions\/\" class=\"elementor-item\">Istruzioni per l\u2019installazione <i class=\"fas fa-arrow-right\"><\/i><\/a><\/li>\n<li class=\"menu-item menu-item-type-post_type menu-item-object-page menu-item-430\"><a href=\"https:\/\/xpel.ch\/it\/hilfe\/sicherheitsdatenblatt\/\" class=\"elementor-item\">Scheda di sicurezza <i class=\"fas fa-arrow-right\"><\/i><\/a><\/li>\n<li class=\"menu-item menu-item-type-post_type menu-item-object-page menu-item-432\"><a href=\"https:\/\/xpel.ch\/it\/hilfe\/garantiebedingungen\/\" class=\"elementor-item\">Informazioni sulla Garanzia <i class=\"fas fa-arrow-right\"><\/i><\/a><\/li>\n<\/ul>\t\t\t<\/nav>\n\t\t\t\t\t<div class=\"elementor-menu-toggle\" role=\"button\" tabindex=\"0\" aria-label=\"Menu di variazione\" aria-expanded=\"false\">\n\t\t\t<i aria-hidden=\"true\" role=\"presentation\" class=\"elementor-menu-toggle__icon--open eicon-menu-bar\"><\/i><i aria-hidden=\"true\" role=\"presentation\" class=\"elementor-menu-toggle__icon--close eicon-close\"><\/i>\t\t\t<span class=\"elementor-screen-only\">Men\u00f9<\/span>\n\t\t<\/div>\n\t\t\t\t\t<nav class=\"elementor-nav-menu--dropdown elementor-nav-menu__container\" aria-hidden=\"true\">\n\t\t\t\t<ul id=\"menu-2-0de98f2\" class=\"elementor-nav-menu sm-vertical\"><li class=\"menu-item menu-item-type-post_type menu-item-object-page menu-item-431\"><a href=\"https:\/\/xpel.ch\/it\/hilfe\/technischer-support\/\" class=\"elementor-item\" tabindex=\"-1\">Supporto Tecnico <i class=\"fas fa-arrow-right\"><\/i><\/a><\/li>\n<li class=\"menu-item menu-item-type-post_type menu-item-object-page menu-item-425\"><a href=\"https:\/\/xpel.ch\/it\/hilfe\/faq\/\" class=\"elementor-item\" tabindex=\"-1\">FAQ <i class=\"fas fa-arrow-right\"><\/i><\/a><\/li>\n<li class=\"menu-item menu-item-type-post_type menu-item-object-page menu-item-427\"><a href=\"https:\/\/xpel.ch\/it\/hilfe\/folien-spezifikationen\/\" class=\"elementor-item\" tabindex=\"-1\">Specifiche della pellicola <i class=\"fas fa-arrow-right\"><\/i><\/a><\/li>\n<li class=\"menu-item menu-item-type-post_type menu-item-object-page menu-item-426\"><a href=\"https:\/\/xpel.ch\/it\/hilfe\/folien-pflege\/\" class=\"elementor-item\" tabindex=\"-1\">Cura della pellicola <i class=\"fas fa-arrow-right\"><\/i><\/a><\/li>\n<li class=\"menu-item menu-item-type-post_type menu-item-object-page menu-item-989\"><a href=\"https:\/\/xpel.ch\/it\/hilfe\/plotter-support\/\" class=\"elementor-item\" tabindex=\"-1\">Supporto per plotter <i class=\"fas fa-arrow-right\"><\/i><\/a><\/li>\n<li class=\"menu-item menu-item-type-post_type menu-item-object-page menu-item-1041\"><a href=\"https:\/\/xpel.ch\/it\/hilfe\/installation-instructions\/\" class=\"elementor-item\" tabindex=\"-1\">Istruzioni per l\u2019installazione <i class=\"fas fa-arrow-right\"><\/i><\/a><\/li>\n<li class=\"menu-item menu-item-type-post_type menu-item-object-page menu-item-430\"><a href=\"https:\/\/xpel.ch\/it\/hilfe\/sicherheitsdatenblatt\/\" class=\"elementor-item\" tabindex=\"-1\">Scheda di sicurezza <i class=\"fas fa-arrow-right\"><\/i><\/a><\/li>\n<li class=\"menu-item menu-item-type-post_type menu-item-object-page menu-item-432\"><a href=\"https:\/\/xpel.ch\/it\/hilfe\/garantiebedingungen\/\" class=\"elementor-item\" tabindex=\"-1\">Informazioni sulla Garanzia <i class=\"fas fa-arrow-right\"><\/i><\/a><\/li>\n<\/ul>\t\t\t<\/nav>\n\t\t\t\t\t\t<\/div>\n\t\t\t\t<\/div>\n\t\t\t\t\t<\/div>\n\t\t<\/div>\n\t\t\t\t<div class=\"elementor-column elementor-col-50 elementor-top-column elementor-element elementor-element-b8eb53b\" data-id=\"b8eb53b\" data-element_type=\"column\" data-e-type=\"column\">\n\t\t\t<div class=\"elementor-widget-wrap elementor-element-populated\">\n\t\t\t\t\t\t<div class=\"elementor-element elementor-element-afa9eb0 elementor-widget elementor-widget-text-editor\" data-id=\"afa9eb0\" data-element_type=\"widget\" data-e-type=\"widget\" data-widget_type=\"text-editor.default\">\n\t\t\t\t<div class=\"elementor-widget-container\">\n\t\t\t\t\t\t\t\t\t<p class=\"translation-block\">Noi di XPEL crediamo che il nostro successo sia equiparabile a quello dei nostri partners e clienti. Una parte importante di come sosteniamo il rapporto con i clienti \u00e8 rappresentata dai nostri eccellenti servizi di supporto. Anche se il  personale del supporto tecnico \u00e8 disponibile per aiutarti dal luned\u00ec al venerd\u00ec dalle 8:30 alle 17:30 ti informiamo che i problemi possono essere risolti anche tramite il nostro supporto online. Qui troverai le istruzioni complete per l\u2019installazione, le risposte alle domande pi\u00f9 frequenti, i suggerimenti per l\u2019installazione, oltre a foto e video clip di installazione sequenziali. Se non sei invece ancora in grado di risolvere il problema dopo aver esplorato il sito, puoi  contattare i riferimenti nel tuo paese oppure inviaci una richiesta tramite il nostro modulo di supporto.<\/p>\t\t\t\t\t\t\t\t<\/div>\n\t\t\t\t<\/div>\n\t\t\t\t\t<\/div>\n\t\t<\/div>\n\t\t\t\t\t<\/div>\n\t\t<\/section>\n\t\t\t\t<section data-particle_enable=\"false\" data-particle-mobile-disabled=\"false\" class=\"elementor-section elementor-top-section elementor-element elementor-element-025e402 elementor-section-boxed elementor-section-height-default elementor-section-height-default\" data-id=\"025e402\" data-element_type=\"section\" data-e-type=\"section\">\n\t\t\t\t\t\t<div class=\"elementor-container elementor-column-gap-default\">\n\t\t\t\t\t<div class=\"elementor-column elementor-col-100 elementor-top-column elementor-element elementor-element-997b354\" data-id=\"997b354\" data-element_type=\"column\" data-e-type=\"column\">\n\t\t\t<div class=\"elementor-widget-wrap elementor-element-populated\">\n\t\t\t\t\t\t<div class=\"elementor-element elementor-element-51a4581 elementor-widget elementor-widget-html\" data-id=\"51a4581\" data-element_type=\"widget\" data-e-type=\"widget\" data-no-translation=\"\" data-widget_type=\"html.default\">\n\t\t\t\t<div class=\"elementor-widget-container\">\n\t\t\t\t\t<style>.elementor-element-51a4581{display:none !important}<\/style>\t\t\t\t<\/div>\n\t\t\t\t<\/div>\n\t\t\t\t<div class=\"elementor-element elementor-element-5fc10e8 elementor-widget elementor-widget-html\" data-id=\"5fc10e8\" data-element_type=\"widget\" data-e-type=\"widget\" data-no-translation=\"\" data-widget_type=\"html.default\">\n\t\t\t\t<div class=\"elementor-widget-container\">\n\t\t\t\t\t<style>.elementor-element-5fc10e8{display:none !important}<\/style>\t\t\t\t<\/div>\n\t\t\t\t<\/div>\n\t\t\t\t<div class=\"elementor-element elementor-element-3da7ac6 elementor-widget elementor-widget-html\" data-id=\"3da7ac6\" data-element_type=\"widget\" data-e-type=\"widget\" data-no-translation=\"\" data-widget_type=\"html.default\">\n\t\t\t\t<div class=\"elementor-widget-container\">\n\t\t\t\t\t<script charset=\"utf-8\" type=\"text\/javascript\" src=\"\/\/js.hsforms.net\/forms\/embed\/v2.js\"><\/script>\r\n<script>\r\n  hbspt.forms.create({\r\n    region: \"na1\",\r\n    portalId: \"23101795\",\r\n    formId: \"27fabeeb-c7a6-4bbf-ac3f-bcc66ab93f74\"\r\n  });\r\n<\/script>\t\t\t\t<\/div>\n\t\t\t\t<\/div>\n\t\t\t\t\t<\/div>\n\t\t<\/div>\n\t\t\t\t\t<\/div>\n\t\t<\/section>\n\t\t\t\t<\/div>","protected":false},"excerpt":{"rendered":"<p>SUPPORTO TECNICO Il nostro prodotto pu\u00f2 essere solo buono come il nostro servizio. Ecco perch\u00e9 l&#039;assistenza clienti \u00e8 in cima alla lista di XPEL! Nel menu a sinistra troverai aiuto su domande di installazione, plotter, cura della pellicola e le domande pi\u00f9 frequenti.Se non hai trovato una risposta alla tua domanda sul nostro sito Web, il nostro personale di supporto tecnico sar\u00e0 felice di aiutarti. .. <a title=\"Supporto Tecnico\" class=\"read-more\" href=\"https:\/\/xpel.ch\/it\/hilfe\/technischer-support\/\" aria-label=\"Per saperne di pi\u00f9 su Technischer Support\">Leggi tutto<\/a><\/p>","protected":false},"author":8,"featured_media":0,"parent":211,"menu_order":0,"comment_status":"closed","ping_status":"closed","template":"elementor_header_footer","meta":{"content-type":"","footnotes":""},"class_list":["post-212","page","type-page","status-publish"],"yoast_head":"<!-- This site is optimized with the Yoast SEO plugin v27.2 - https:\/\/yoast.com\/product\/yoast-seo-wordpress\/ -->\n<title>Technischer Support - XPEL Switzerland<\/title>\n<meta name=\"robots\" content=\"index, follow, max-snippet:-1, max-image-preview:large, max-video-preview:-1\" \/>\n<link rel=\"canonical\" href=\"https:\/\/xpel.ch\/it\/hilfe\/technischer-support\/\" \/>\n<meta property=\"og:locale\" content=\"it_IT\" \/>\n<meta property=\"og:type\" content=\"article\" \/>\n<meta property=\"og:title\" content=\"Technischer Support - XPEL Switzerland\" \/>\n<meta property=\"og:description\" content=\"TECHNISCHER SUPPORT Unser Produkt kann nur so gut sein wie unser Service. Deshalb steht der Kundensupport bei XPEL ganz oben! Im Men\u00fc links finden Sie Hilfe zu Installationsfragen, Plotter, Folien-Pflege sowie den am h\u00e4ufigsten gestellten Fragen.Wenn Sie auf unserer Website keine Antwort auf Ihre Frage gefunden haben, stehen Ihnen unsere Mitarbeiter des technischen Supports gerne ... Leggi tutto\" \/>\n<meta property=\"og:url\" content=\"https:\/\/xpel.ch\/it\/hilfe\/technischer-support\/\" \/>\n<meta property=\"og:site_name\" content=\"XPEL Switzerland\" \/>\n<meta property=\"article:modified_time\" content=\"2023-11-17T19:49:56+00:00\" \/>\n<meta name=\"twitter:card\" content=\"summary_large_image\" \/>\n<meta name=\"twitter:label1\" content=\"Tempo di lettura stimato\" \/>\n\t<meta name=\"twitter:data1\" content=\"1 minuto\" \/>\n<script type=\"application\/ld+json\" class=\"yoast-schema-graph\">{\"@context\":\"https:\/\/schema.org\",\"@graph\":[{\"@type\":\"WebPage\",\"@id\":\"https:\/\/xpel.ch\/hilfe\/technischer-support\/\",\"url\":\"https:\/\/xpel.ch\/hilfe\/technischer-support\/\",\"name\":\"Technischer Support - XPEL Switzerland\",\"isPartOf\":{\"@id\":\"https:\/\/xpel.ch\/#website\"},\"datePublished\":\"2020-03-04T12:00:34+00:00\",\"dateModified\":\"2023-11-17T19:49:56+00:00\",\"breadcrumb\":{\"@id\":\"https:\/\/xpel.ch\/hilfe\/technischer-support\/#breadcrumb\"},\"inLanguage\":\"it-IT\",\"potentialAction\":[{\"@type\":\"ReadAction\",\"target\":[\"https:\/\/xpel.ch\/hilfe\/technischer-support\/\"]}]},{\"@type\":\"BreadcrumbList\",\"@id\":\"https:\/\/xpel.ch\/hilfe\/technischer-support\/#breadcrumb\",\"itemListElement\":[{\"@type\":\"ListItem\",\"position\":1,\"name\":\"Startseite\",\"item\":\"https:\/\/xpel.ch\/\"},{\"@type\":\"ListItem\",\"position\":2,\"name\":\"Hilfe\",\"item\":\"https:\/\/xpel.ch\/hilfe\/\"},{\"@type\":\"ListItem\",\"position\":3,\"name\":\"Technischer Support\"}]},{\"@type\":\"WebSite\",\"@id\":\"https:\/\/xpel.ch\/#website\",\"url\":\"https:\/\/xpel.ch\/\",\"name\":\"XPEL Switzerland\",\"description\":\"\",\"publisher\":{\"@id\":\"https:\/\/xpel.ch\/#organization\"},\"potentialAction\":[{\"@type\":\"SearchAction\",\"target\":{\"@type\":\"EntryPoint\",\"urlTemplate\":\"https:\/\/xpel.ch\/?s={search_term_string}\"},\"query-input\":{\"@type\":\"PropertyValueSpecification\",\"valueRequired\":true,\"valueName\":\"search_term_string\"}}],\"inLanguage\":\"it-IT\"},{\"@type\":\"Organization\",\"@id\":\"https:\/\/xpel.ch\/#organization\",\"name\":\"XPEL Switzerland\",\"url\":\"https:\/\/xpel.ch\/\",\"logo\":{\"@type\":\"ImageObject\",\"inLanguage\":\"it-IT\",\"@id\":\"https:\/\/xpel.ch\/#\/schema\/logo\/image\/\",\"url\":\"https:\/\/xpel.ch\/wp-content\/uploads\/2019\/04\/image002.png\",\"contentUrl\":\"https:\/\/xpel.ch\/wp-content\/uploads\/2019\/04\/image002.png\",\"width\":1272,\"height\":326,\"caption\":\"XPEL Switzerland\"},\"image\":{\"@id\":\"https:\/\/xpel.ch\/#\/schema\/logo\/image\/\"}}]}<\/script>\n<!-- \/ Yoast SEO plugin. -->","yoast_head_json":{"title":"Technischer Support - XPEL Switzerland","robots":{"index":"index","follow":"follow","max-snippet":"max-snippet:-1","max-image-preview":"max-image-preview:large","max-video-preview":"max-video-preview:-1"},"canonical":"https:\/\/xpel.ch\/it\/hilfe\/technischer-support\/","og_locale":"it_IT","og_type":"article","og_title":"Technischer Support - XPEL Switzerland","og_description":"TECHNISCHER SUPPORT Unser Produkt kann nur so gut sein wie unser Service. Deshalb steht der Kundensupport bei XPEL ganz oben! Im Men\u00fc links finden Sie Hilfe zu Installationsfragen, Plotter, Folien-Pflege sowie den am h\u00e4ufigsten gestellten Fragen.Wenn Sie auf unserer Website keine Antwort auf Ihre Frage gefunden haben, stehen Ihnen unsere Mitarbeiter des technischen Supports gerne ... Leggi tutto","og_url":"https:\/\/xpel.ch\/it\/hilfe\/technischer-support\/","og_site_name":"XPEL Switzerland","article_modified_time":"2023-11-17T19:49:56+00:00","twitter_card":"summary_large_image","twitter_misc":{"Tempo di lettura stimato":"1 minuto"},"schema":{"@context":"https:\/\/schema.org","@graph":[{"@type":"WebPage","@id":"https:\/\/xpel.ch\/hilfe\/technischer-support\/","url":"https:\/\/xpel.ch\/hilfe\/technischer-support\/","name":"Technischer Support - XPEL Switzerland","isPartOf":{"@id":"https:\/\/xpel.ch\/#website"},"datePublished":"2020-03-04T12:00:34+00:00","dateModified":"2023-11-17T19:49:56+00:00","breadcrumb":{"@id":"https:\/\/xpel.ch\/hilfe\/technischer-support\/#breadcrumb"},"inLanguage":"it-IT","potentialAction":[{"@type":"ReadAction","target":["https:\/\/xpel.ch\/hilfe\/technischer-support\/"]}]},{"@type":"BreadcrumbList","@id":"https:\/\/xpel.ch\/hilfe\/technischer-support\/#breadcrumb","itemListElement":[{"@type":"ListItem","position":1,"name":"Startseite","item":"https:\/\/xpel.ch\/"},{"@type":"ListItem","position":2,"name":"Hilfe","item":"https:\/\/xpel.ch\/hilfe\/"},{"@type":"ListItem","position":3,"name":"Technischer Support"}]},{"@type":"WebSite","@id":"https:\/\/xpel.ch\/#website","url":"https:\/\/xpel.ch\/","name":"XPEL Svizzera","description":"","publisher":{"@id":"https:\/\/xpel.ch\/#organization"},"potentialAction":[{"@type":"SearchAction","target":{"@type":"EntryPoint","urlTemplate":"https:\/\/xpel.ch\/?s={search_term_string}"},"query-input":{"@type":"PropertyValueSpecification","valueRequired":true,"valueName":"search_term_string"}}],"inLanguage":"it-IT"},{"@type":"Organization","@id":"https:\/\/xpel.ch\/#organization","name":"XPEL Svizzera","url":"https:\/\/xpel.ch\/","logo":{"@type":"ImageObject","inLanguage":"it-IT","@id":"https:\/\/xpel.ch\/#\/schema\/logo\/image\/","url":"https:\/\/xpel.ch\/wp-content\/uploads\/2019\/04\/image002.png","contentUrl":"https:\/\/xpel.ch\/wp-content\/uploads\/2019\/04\/image002.png","width":1272,"height":326,"caption":"XPEL Switzerland"},"image":{"@id":"https:\/\/xpel.ch\/#\/schema\/logo\/image\/"}}]}},"_links":{"self":[{"href":"https:\/\/xpel.ch\/it\/wp-json\/wp\/v2\/pages\/212","targetHints":{"allow":["GET"]}}],"collection":[{"href":"https:\/\/xpel.ch\/it\/wp-json\/wp\/v2\/pages"}],"about":[{"href":"https:\/\/xpel.ch\/it\/wp-json\/wp\/v2\/types\/page"}],"author":[{"embeddable":true,"href":"https:\/\/xpel.ch\/it\/wp-json\/wp\/v2\/users\/8"}],"replies":[{"embeddable":true,"href":"https:\/\/xpel.ch\/it\/wp-json\/wp\/v2\/comments?post=212"}],"version-history":[{"count":0,"href":"https:\/\/xpel.ch\/it\/wp-json\/wp\/v2\/pages\/212\/revisions"}],"up":[{"embeddable":true,"href":"https:\/\/xpel.ch\/it\/wp-json\/wp\/v2\/pages\/211"}],"wp:attachment":[{"href":"https:\/\/xpel.ch\/it\/wp-json\/wp\/v2\/media?parent=212"}],"curies":[{"name":"wp","href":"https:\/\/api.w.org\/{rel}","templated":true}]}}