{"id":2377,"date":"2023-11-17T19:42:36","date_gmt":"2023-11-17T19:42:36","guid":{"rendered":"https:\/\/xpel.ch\/?page_id=2377"},"modified":"2023-11-17T19:43:39","modified_gmt":"2023-11-17T19:43:39","slug":"thank-you","status":"publish","type":"page","link":"https:\/\/xpel.ch\/it\/thank-you\/","title":{"rendered":"Thank You"},"content":{"rendered":"<div data-elementor-type=\"wp-page\" data-elementor-id=\"2377\" class=\"elementor elementor-2377\" data-elementor-post-type=\"page\">\n\t\t\t\t\t\t<section data-particle_enable=\"false\" data-particle-mobile-disabled=\"false\" class=\"elementor-section elementor-top-section elementor-element elementor-element-71e97f5 elementor-section-boxed elementor-section-height-default elementor-section-height-default\" data-id=\"71e97f5\" data-element_type=\"section\" data-e-type=\"section\" data-no-translation=\"\">\n\t\t\t\t\t\t<div class=\"elementor-container elementor-column-gap-default\">\n\t\t\t\t\t<div class=\"elementor-column elementor-col-100 elementor-top-column elementor-element elementor-element-91525e5\" data-id=\"91525e5\" data-element_type=\"column\" data-e-type=\"column\">\n\t\t\t<div class=\"elementor-widget-wrap elementor-element-populated\">\n\t\t\t\t\t\t<div class=\"elementor-element elementor-element-660fe30 elementor-widget elementor-widget-heading\" data-id=\"660fe30\" data-element_type=\"widget\" data-e-type=\"widget\" data-widget_type=\"heading.default\">\n\t\t\t\t<div class=\"elementor-widget-container\">\n\t\t\t\t\t<h2 class=\"elementor-heading-title elementor-size-default\">Danke!<\/h2>\t\t\t\t<\/div>\n\t\t\t\t<\/div>\n\t\t\t\t<div class=\"elementor-element elementor-element-5f54355 elementor-widget elementor-widget-text-editor\" data-id=\"5f54355\" data-element_type=\"widget\" data-e-type=\"widget\" data-widget_type=\"text-editor.default\">\n\t\t\t\t<div class=\"elementor-widget-container\">\n\t\t\t\t\t\t\t\t\tIhre Anfrage wurde gesendet und empfangen.\nBitte geben Sie uns 24 Stunden Zeit, um zu antworten.\n\nIn dringenden F\u00e4llen, erreichen Sie uns unter <a href=\"tel:+49 9732 7873-0\">+49 9732 7873-0<\/a>.\t\t\t\t\t\t\t\t<\/div>\n\t\t\t\t<\/div>\n\t\t\t\t\t<\/div>\n\t\t<\/div>\n\t\t\t\t\t<\/div>\n\t\t<\/section>\n\t\t\t\t<section data-particle_enable=\"false\" data-particle-mobile-disabled=\"false\" class=\"elementor-section elementor-top-section elementor-element elementor-element-c1ac485 elementor-section-boxed elementor-section-height-default elementor-section-height-default\" data-id=\"c1ac485\" data-element_type=\"section\" data-e-type=\"section\" data-no-translation=\"\">\n\t\t\t\t\t\t<div class=\"elementor-container elementor-column-gap-default\">\n\t\t\t\t\t<div class=\"elementor-column elementor-col-100 elementor-top-column elementor-element elementor-element-49d52f6\" data-id=\"49d52f6\" data-element_type=\"column\" data-e-type=\"column\">\n\t\t\t<div class=\"elementor-widget-wrap elementor-element-populated\">\n\t\t\t\t\t\t<div class=\"elementor-element elementor-element-98db462 elementor-widget elementor-widget-heading\" data-id=\"98db462\" data-element_type=\"widget\" data-e-type=\"widget\" data-widget_type=\"heading.default\">\n\t\t\t\t<div class=\"elementor-widget-container\">\n\t\t\t\t\t<h2 class=\"elementor-heading-title elementor-size-default\">Merci!<\/h2>\t\t\t\t<\/div>\n\t\t\t\t<\/div>\n\t\t\t\t<div class=\"elementor-element elementor-element-d2ace40 elementor-widget elementor-widget-text-editor\" data-id=\"d2ace40\" data-element_type=\"widget\" data-e-type=\"widget\" data-widget_type=\"text-editor.default\">\n\t\t\t\t<div class=\"elementor-widget-container\">\n\t\t\t\t\t\t\t\t\tVotre demande a \u00e9t\u00e9 soumise et re\u00e7ue. Veuillez nous donner 24 heures pour y r\u00e9pondre. Si vous avez besoin de nous appeler, vous pouvez nous joindre au <a href=\"tel:+49 9732 7873-0\">+49 9732 7873-0<\/a>.\t\t\t\t\t\t\t\t<\/div>\n\t\t\t\t<\/div>\n\t\t\t\t\t<\/div>\n\t\t<\/div>\n\t\t\t\t\t<\/div>\n\t\t<\/section>\n\t\t\t\t<section data-particle_enable=\"false\" data-particle-mobile-disabled=\"false\" class=\"elementor-section elementor-top-section elementor-element elementor-element-868872f elementor-section-boxed elementor-section-height-default elementor-section-height-default\" data-id=\"868872f\" data-element_type=\"section\" data-e-type=\"section\" data-no-translation=\"\">\n\t\t\t\t\t\t<div class=\"elementor-container elementor-column-gap-default\">\n\t\t\t\t\t<div class=\"elementor-column elementor-col-100 elementor-top-column elementor-element elementor-element-181d58f\" data-id=\"181d58f\" data-element_type=\"column\" data-e-type=\"column\">\n\t\t\t<div class=\"elementor-widget-wrap elementor-element-populated\">\n\t\t\t\t\t\t<div class=\"elementor-element elementor-element-a682a67 elementor-widget elementor-widget-heading\" data-id=\"a682a67\" data-element_type=\"widget\" data-e-type=\"widget\" data-widget_type=\"heading.default\">\n\t\t\t\t<div class=\"elementor-widget-container\">\n\t\t\t\t\t<h2 class=\"elementor-heading-title elementor-size-default\">Grazie!<\/h2>\t\t\t\t<\/div>\n\t\t\t\t<\/div>\n\t\t\t\t<div class=\"elementor-element elementor-element-ec3418a elementor-widget elementor-widget-text-editor\" data-id=\"ec3418a\" data-element_type=\"widget\" data-e-type=\"widget\" data-widget_type=\"text-editor.default\">\n\t\t\t\t<div class=\"elementor-widget-container\">\n\t\t\t\t\t\t\t\t\tLa tua richiesta \u00e8 stata inviata e ricevuta. Ti preghiamo di darci 24 ore per rispondere. Se hai bisogno di chiamarci, puoi contattarci al numero <a href=\"tel:+49 9732 7873-0\">+49 9732 7873-0<\/a>.\t\t\t\t\t\t\t\t<\/div>\n\t\t\t\t<\/div>\n\t\t\t\t\t<\/div>\n\t\t<\/div>\n\t\t\t\t\t<\/div>\n\t\t<\/section>\n\t\t\t\t<\/div>","protected":false},"excerpt":{"rendered":"<p>Danke! Ihre Anfrage wurde gesendet und empfangen. Bitte geben Sie uns 24 Stunden Zeit, um zu antworten. In dringenden F\u00e4llen, erreichen Sie uns unter +49 9732 7873-0. Merci! Votre demande a \u00e9t\u00e9 soumise et re\u00e7ue. Veuillez nous donner 24 heures pour y r\u00e9pondre. Si vous avez besoin de nous appeler, vous pouvez nous joindre au &#8230; <a title=\"Thank You\" class=\"read-more\" href=\"https:\/\/xpel.ch\/it\/thank-you\/\" aria-label=\"Per saperne di pi\u00f9 su Thank You\">Leggi tutto<\/a><\/p>","protected":false},"author":8,"featured_media":0,"parent":0,"menu_order":0,"comment_status":"closed","ping_status":"closed","template":"elementor_header_footer","meta":{"content-type":"","footnotes":""},"class_list":["post-2377","page","type-page","status-publish"],"yoast_head":"<!-- This site is optimized with the Yoast SEO plugin v27.2 - https:\/\/yoast.com\/product\/yoast-seo-wordpress\/ -->\n<title>Thank You - XPEL Switzerland<\/title>\n<meta name=\"robots\" content=\"index, follow, max-snippet:-1, max-image-preview:large, max-video-preview:-1\" \/>\n<link rel=\"canonical\" href=\"https:\/\/xpel.ch\/it\/thank-you\/\" \/>\n<meta property=\"og:locale\" content=\"it_IT\" \/>\n<meta property=\"og:type\" content=\"article\" \/>\n<meta property=\"og:title\" content=\"Thank You - XPEL Switzerland\" \/>\n<meta property=\"og:description\" content=\"Danke! Ihre Anfrage wurde gesendet und empfangen. Bitte geben Sie uns 24 Stunden Zeit, um zu antworten. In dringenden F\u00e4llen, erreichen Sie uns unter +49 9732 7873-0. Merci! Votre demande a \u00e9t\u00e9 soumise et re\u00e7ue. Veuillez nous donner 24 heures pour y r\u00e9pondre. Si vous avez besoin de nous appeler, vous pouvez nous joindre au ... Leggi tutto\" \/>\n<meta property=\"og:url\" content=\"https:\/\/xpel.ch\/it\/thank-you\/\" \/>\n<meta property=\"og:site_name\" content=\"XPEL Switzerland\" \/>\n<meta property=\"article:modified_time\" content=\"2023-11-17T19:43:39+00:00\" \/>\n<meta name=\"twitter:card\" content=\"summary_large_image\" \/>\n<meta name=\"twitter:label1\" content=\"Tempo di lettura stimato\" \/>\n\t<meta name=\"twitter:data1\" content=\"1 minuto\" \/>\n<script type=\"application\/ld+json\" class=\"yoast-schema-graph\">{\"@context\":\"https:\/\/schema.org\",\"@graph\":[{\"@type\":\"WebPage\",\"@id\":\"https:\/\/xpel.ch\/thank-you\/\",\"url\":\"https:\/\/xpel.ch\/thank-you\/\",\"name\":\"Thank You - XPEL Switzerland\",\"isPartOf\":{\"@id\":\"https:\/\/xpel.ch\/#website\"},\"datePublished\":\"2023-11-17T19:42:36+00:00\",\"dateModified\":\"2023-11-17T19:43:39+00:00\",\"breadcrumb\":{\"@id\":\"https:\/\/xpel.ch\/thank-you\/#breadcrumb\"},\"inLanguage\":\"it-IT\",\"potentialAction\":[{\"@type\":\"ReadAction\",\"target\":[\"https:\/\/xpel.ch\/thank-you\/\"]}]},{\"@type\":\"BreadcrumbList\",\"@id\":\"https:\/\/xpel.ch\/thank-you\/#breadcrumb\",\"itemListElement\":[{\"@type\":\"ListItem\",\"position\":1,\"name\":\"Startseite\",\"item\":\"https:\/\/xpel.ch\/\"},{\"@type\":\"ListItem\",\"position\":2,\"name\":\"Thank You\"}]},{\"@type\":\"WebSite\",\"@id\":\"https:\/\/xpel.ch\/#website\",\"url\":\"https:\/\/xpel.ch\/\",\"name\":\"XPEL Switzerland\",\"description\":\"\",\"publisher\":{\"@id\":\"https:\/\/xpel.ch\/#organization\"},\"potentialAction\":[{\"@type\":\"SearchAction\",\"target\":{\"@type\":\"EntryPoint\",\"urlTemplate\":\"https:\/\/xpel.ch\/?s={search_term_string}\"},\"query-input\":{\"@type\":\"PropertyValueSpecification\",\"valueRequired\":true,\"valueName\":\"search_term_string\"}}],\"inLanguage\":\"it-IT\"},{\"@type\":\"Organization\",\"@id\":\"https:\/\/xpel.ch\/#organization\",\"name\":\"XPEL Switzerland\",\"url\":\"https:\/\/xpel.ch\/\",\"logo\":{\"@type\":\"ImageObject\",\"inLanguage\":\"it-IT\",\"@id\":\"https:\/\/xpel.ch\/#\/schema\/logo\/image\/\",\"url\":\"https:\/\/xpel.ch\/wp-content\/uploads\/2019\/04\/image002.png\",\"contentUrl\":\"https:\/\/xpel.ch\/wp-content\/uploads\/2019\/04\/image002.png\",\"width\":1272,\"height\":326,\"caption\":\"XPEL Switzerland\"},\"image\":{\"@id\":\"https:\/\/xpel.ch\/#\/schema\/logo\/image\/\"}}]}<\/script>\n<!-- \/ Yoast SEO plugin. -->","yoast_head_json":{"title":"Thank You - XPEL Switzerland","robots":{"index":"index","follow":"follow","max-snippet":"max-snippet:-1","max-image-preview":"max-image-preview:large","max-video-preview":"max-video-preview:-1"},"canonical":"https:\/\/xpel.ch\/it\/thank-you\/","og_locale":"it_IT","og_type":"article","og_title":"Thank You - XPEL Switzerland","og_description":"Danke! Ihre Anfrage wurde gesendet und empfangen. Bitte geben Sie uns 24 Stunden Zeit, um zu antworten. In dringenden F\u00e4llen, erreichen Sie uns unter +49 9732 7873-0. Merci! Votre demande a \u00e9t\u00e9 soumise et re\u00e7ue. Veuillez nous donner 24 heures pour y r\u00e9pondre. Si vous avez besoin de nous appeler, vous pouvez nous joindre au ... Leggi tutto","og_url":"https:\/\/xpel.ch\/it\/thank-you\/","og_site_name":"XPEL Switzerland","article_modified_time":"2023-11-17T19:43:39+00:00","twitter_card":"summary_large_image","twitter_misc":{"Tempo di lettura stimato":"1 minuto"},"schema":{"@context":"https:\/\/schema.org","@graph":[{"@type":"WebPage","@id":"https:\/\/xpel.ch\/thank-you\/","url":"https:\/\/xpel.ch\/thank-you\/","name":"Thank You - XPEL Switzerland","isPartOf":{"@id":"https:\/\/xpel.ch\/#website"},"datePublished":"2023-11-17T19:42:36+00:00","dateModified":"2023-11-17T19:43:39+00:00","breadcrumb":{"@id":"https:\/\/xpel.ch\/thank-you\/#breadcrumb"},"inLanguage":"it-IT","potentialAction":[{"@type":"ReadAction","target":["https:\/\/xpel.ch\/thank-you\/"]}]},{"@type":"BreadcrumbList","@id":"https:\/\/xpel.ch\/thank-you\/#breadcrumb","itemListElement":[{"@type":"ListItem","position":1,"name":"Startseite","item":"https:\/\/xpel.ch\/"},{"@type":"ListItem","position":2,"name":"Thank You"}]},{"@type":"WebSite","@id":"https:\/\/xpel.ch\/#website","url":"https:\/\/xpel.ch\/","name":"XPEL Svizzera","description":"","publisher":{"@id":"https:\/\/xpel.ch\/#organization"},"potentialAction":[{"@type":"SearchAction","target":{"@type":"EntryPoint","urlTemplate":"https:\/\/xpel.ch\/?s={search_term_string}"},"query-input":{"@type":"PropertyValueSpecification","valueRequired":true,"valueName":"search_term_string"}}],"inLanguage":"it-IT"},{"@type":"Organization","@id":"https:\/\/xpel.ch\/#organization","name":"XPEL Svizzera","url":"https:\/\/xpel.ch\/","logo":{"@type":"ImageObject","inLanguage":"it-IT","@id":"https:\/\/xpel.ch\/#\/schema\/logo\/image\/","url":"https:\/\/xpel.ch\/wp-content\/uploads\/2019\/04\/image002.png","contentUrl":"https:\/\/xpel.ch\/wp-content\/uploads\/2019\/04\/image002.png","width":1272,"height":326,"caption":"XPEL Switzerland"},"image":{"@id":"https:\/\/xpel.ch\/#\/schema\/logo\/image\/"}}]}},"_links":{"self":[{"href":"https:\/\/xpel.ch\/it\/wp-json\/wp\/v2\/pages\/2377","targetHints":{"allow":["GET"]}}],"collection":[{"href":"https:\/\/xpel.ch\/it\/wp-json\/wp\/v2\/pages"}],"about":[{"href":"https:\/\/xpel.ch\/it\/wp-json\/wp\/v2\/types\/page"}],"author":[{"embeddable":true,"href":"https:\/\/xpel.ch\/it\/wp-json\/wp\/v2\/users\/8"}],"replies":[{"embeddable":true,"href":"https:\/\/xpel.ch\/it\/wp-json\/wp\/v2\/comments?post=2377"}],"version-history":[{"count":0,"href":"https:\/\/xpel.ch\/it\/wp-json\/wp\/v2\/pages\/2377\/revisions"}],"wp:attachment":[{"href":"https:\/\/xpel.ch\/it\/wp-json\/wp\/v2\/media?parent=2377"}],"curies":[{"name":"wp","href":"https:\/\/api.w.org\/{rel}","templated":true}]}}