{"id":708,"date":"2020-01-23T22:59:18","date_gmt":"2020-01-23T22:59:18","guid":{"rendered":"http:\/\/xpel.ch\/?page_id=708"},"modified":"2022-06-13T18:33:52","modified_gmt":"2022-06-13T18:33:52","slug":"window-film","status":"publish","type":"page","link":"https:\/\/xpel.ch\/it\/produkt\/window-film\/","title":{"rendered":"Pellicola per Vetri"},"content":{"rendered":"<div data-elementor-type=\"wp-post\" data-elementor-id=\"708\" class=\"elementor elementor-708\" data-elementor-post-type=\"page\">\n\t\t\t\t\t\t<section data-particle_enable=\"false\" data-particle-mobile-disabled=\"false\" class=\"elementor-section elementor-top-section elementor-element elementor-element-bd56cd7 elementor-section-height-min-height elementor-section-boxed elementor-section-height-default elementor-section-items-middle\" data-id=\"bd56cd7\" data-element_type=\"section\" data-e-type=\"section\" data-settings=\"{&quot;background_background&quot;:&quot;classic&quot;}\">\n\t\t\t\t\t\t\t<div class=\"elementor-background-overlay\"><\/div>\n\t\t\t\t\t\t\t<div class=\"elementor-container elementor-column-gap-default\">\n\t\t\t\t\t<div class=\"elementor-column elementor-col-100 elementor-top-column elementor-element elementor-element-456a87a4\" data-id=\"456a87a4\" data-element_type=\"column\" data-e-type=\"column\">\n\t\t\t<div class=\"elementor-widget-wrap elementor-element-populated\">\n\t\t\t\t\t\t<div class=\"elementor-element elementor-element-79b46ac0 elementor-widget elementor-widget-heading\" data-id=\"79b46ac0\" data-element_type=\"widget\" data-e-type=\"widget\" data-widget_type=\"heading.default\">\n\t\t\t\t<div class=\"elementor-widget-container\">\n\t\t\t\t\t<h1 class=\"elementor-heading-title elementor-size-default\">Pellicola per Vetri<\/h1>\t\t\t\t<\/div>\n\t\t\t\t<\/div>\n\t\t\t\t\t<\/div>\n\t\t<\/div>\n\t\t\t\t\t<\/div>\n\t\t<\/section>\n\t\t\t\t<section data-particle_enable=\"false\" data-particle-mobile-disabled=\"false\" class=\"elementor-section elementor-top-section elementor-element elementor-element-7434e61 elementor-section-boxed elementor-section-height-default elementor-section-height-default\" data-id=\"7434e61\" data-element_type=\"section\" data-e-type=\"section\">\n\t\t\t\t\t\t<div class=\"elementor-container elementor-column-gap-default\">\n\t\t\t\t\t<div class=\"elementor-column elementor-col-100 elementor-top-column elementor-element elementor-element-4337f489\" data-id=\"4337f489\" data-element_type=\"column\" data-e-type=\"column\">\n\t\t\t<div class=\"elementor-widget-wrap elementor-element-populated\">\n\t\t\t\t\t\t<div class=\"elementor-element elementor-element-3a142d1c elementor-widget elementor-widget-breadcrumbs\" data-id=\"3a142d1c\" data-element_type=\"widget\" data-e-type=\"widget\" data-widget_type=\"breadcrumbs.default\">\n\t\t\t\t<div class=\"elementor-widget-container\">\n\t\t\t\t\t<p id=\"breadcrumbs\"><span><span><a href=\"https:\/\/xpel.ch\/it\/\">Pagina iniziale<\/a><\/span><\/span><\/p>\t\t\t\t<\/div>\n\t\t\t\t<\/div>\n\t\t\t\t\t<\/div>\n\t\t<\/div>\n\t\t\t\t\t<\/div>\n\t\t<\/section>\n\t\t\t\t<section data-particle_enable=\"false\" data-particle-mobile-disabled=\"false\" class=\"elementor-section elementor-top-section elementor-element elementor-element-46469f75 elementor-section-boxed elementor-section-height-default elementor-section-height-default\" data-id=\"46469f75\" data-element_type=\"section\" data-e-type=\"section\">\n\t\t\t\t\t\t<div class=\"elementor-container elementor-column-gap-default\">\n\t\t\t\t\t<div class=\"elementor-column elementor-col-100 elementor-top-column elementor-element elementor-element-2b50d83d\" data-id=\"2b50d83d\" data-element_type=\"column\" data-e-type=\"column\">\n\t\t\t<div class=\"elementor-widget-wrap elementor-element-populated\">\n\t\t\t\t\t\t<div class=\"elementor-element elementor-element-7cfe06be elementor-widget elementor-widget-heading\" data-id=\"7cfe06be\" data-element_type=\"widget\" data-e-type=\"widget\" data-widget_type=\"heading.default\">\n\t\t\t\t<div class=\"elementor-widget-container\">\n\t\t\t\t\t<h2 class=\"elementor-heading-title elementor-size-default\">ESPLORA I NOSTRI FILM PER FINESTRE\n<\/h2>\t\t\t\t<\/div>\n\t\t\t\t<\/div>\n\t\t\t\t\t<\/div>\n\t\t<\/div>\n\t\t\t\t\t<\/div>\n\t\t<\/section>\n\t\t\t\t<section data-particle_enable=\"false\" data-particle-mobile-disabled=\"false\" class=\"elementor-section elementor-top-section elementor-element elementor-element-604ecde7 elementor-section-boxed elementor-section-height-default elementor-section-height-default\" data-id=\"604ecde7\" data-element_type=\"section\" data-e-type=\"section\">\n\t\t\t\t\t\t<div class=\"elementor-container elementor-column-gap-default\">\n\t\t\t\t\t<div class=\"elementor-column elementor-col-50 elementor-top-column elementor-element elementor-element-35f641ba\" data-id=\"35f641ba\" data-element_type=\"column\" data-e-type=\"column\">\n\t\t\t<div class=\"elementor-widget-wrap elementor-element-populated\">\n\t\t\t\t\t\t<div class=\"elementor-element elementor-element-7f6822ed elementor-widget elementor-widget-image\" data-id=\"7f6822ed\" data-element_type=\"widget\" data-e-type=\"widget\" data-widget_type=\"image.default\">\n\t\t\t\t<div class=\"elementor-widget-container\">\n\t\t\t\t\t\t\t\t\t\t\t\t\t\t\t\t<a href=\"https:\/\/xpel.ch\/it\/produkt\/window-film\/prime-autoglasfolie\/\">\n\t\t\t\t\t\t\t<img fetchpriority=\"high\" decoding=\"async\" width=\"767\" height=\"641\" src=\"https:\/\/xpel.ch\/wp-content\/uploads\/2021\/04\/Prime_brand.jpg\" class=\"attachment-large size-large wp-image-1511\" alt=\"\" srcset=\"https:\/\/xpel.ch\/wp-content\/uploads\/2021\/04\/Prime_brand.jpg 767w, https:\/\/xpel.ch\/wp-content\/uploads\/2021\/04\/Prime_brand-300x251.jpg 300w\" sizes=\"(max-width: 767px) 100vw, 767px\" \/>\t\t\t\t\t\t\t\t<\/a>\n\t\t\t\t\t\t\t\t\t\t\t\t\t\t\t<\/div>\n\t\t\t\t<\/div>\n\t\t\t\t\t<\/div>\n\t\t<\/div>\n\t\t\t\t<div class=\"elementor-column elementor-col-50 elementor-top-column elementor-element elementor-element-91a67f3\" data-id=\"91a67f3\" data-element_type=\"column\" data-e-type=\"column\">\n\t\t\t<div class=\"elementor-widget-wrap elementor-element-populated\">\n\t\t\t\t\t\t<div class=\"elementor-element elementor-element-6c191997 elementor-widget elementor-widget-heading\" data-id=\"6c191997\" data-element_type=\"widget\" data-e-type=\"widget\" data-widget_type=\"heading.default\">\n\t\t\t\t<div class=\"elementor-widget-container\">\n\t\t\t\t\t<h3 class=\"elementor-heading-title elementor-size-default translation-block\">PRIME<sup>TM<\/sup> Pellicola oscurante per vetri auto<\/h3>\t\t\t\t<\/div>\n\t\t\t\t<\/div>\n\t\t\t\t<div class=\"elementor-element elementor-element-34da9356 elementor-widget elementor-widget-text-editor\" data-id=\"34da9356\" data-element_type=\"widget\" data-e-type=\"widget\" data-widget_type=\"text-editor.default\">\n\t\t\t\t<div class=\"elementor-widget-container\">\n\t\t\t\t\t\t\t\t\tL&#039;ombreggiatura dei finestrini delle automobili non serve pi\u00f9 solo a mantenere un profilo basso. PRIMO<sup>TM<\/sup> non solo \u00e8 bello, \u00e8 bello.\t\t\t\t\t\t\t\t<\/div>\n\t\t\t\t<\/div>\n\t\t\t\t<div class=\"elementor-element elementor-element-447fd23e elementor-align-left yellow-white elementor-widget__width-auto elementor-widget elementor-widget-button\" data-id=\"447fd23e\" data-element_type=\"widget\" data-e-type=\"widget\" data-widget_type=\"button.default\">\n\t\t\t\t<div class=\"elementor-widget-container\">\n\t\t\t\t\t\t\t\t\t<div class=\"elementor-button-wrapper\">\n\t\t\t\t\t<a class=\"elementor-button elementor-button-link elementor-size-sm\" href=\"https:\/\/xpel.ch\/it\/produkt\/window-film\/prime-autoglasfolie\/\">\n\t\t\t\t\t\t<span class=\"elementor-button-content-wrapper\">\n\t\t\t\t\t\t<span class=\"elementor-button-icon\">\n\t\t\t\t<i aria-hidden=\"true\" class=\"fas fa-arrow-right\"><\/i>\t\t\t<\/span>\n\t\t\t\t\t\t\t\t\t<span class=\"elementor-button-text\">SCOPRI DI PI\u00d9<\/span>\n\t\t\t\t\t<\/span>\n\t\t\t\t\t<\/a>\n\t\t\t\t<\/div>\n\t\t\t\t\t\t\t\t<\/div>\n\t\t\t\t<\/div>\n\t\t\t\t\t<\/div>\n\t\t<\/div>\n\t\t\t\t\t<\/div>\n\t\t<\/section>\n\t\t\t\t<section data-particle_enable=\"false\" data-particle-mobile-disabled=\"false\" class=\"elementor-section elementor-top-section elementor-element elementor-element-79299d0 elementor-section-boxed elementor-section-height-default elementor-section-height-default\" data-id=\"79299d0\" data-element_type=\"section\" data-e-type=\"section\" data-settings=\"{&quot;background_background&quot;:&quot;classic&quot;}\">\n\t\t\t\t\t\t<div class=\"elementor-container elementor-column-gap-default\">\n\t\t\t\t\t<div class=\"elementor-column elementor-col-50 elementor-top-column elementor-element elementor-element-42b36685\" data-id=\"42b36685\" data-element_type=\"column\" data-e-type=\"column\">\n\t\t\t<div class=\"elementor-widget-wrap elementor-element-populated\">\n\t\t\t\t\t\t<div class=\"elementor-element elementor-element-3efcf311 elementor-widget elementor-widget-image\" data-id=\"3efcf311\" data-element_type=\"widget\" data-e-type=\"widget\" data-widget_type=\"image.default\">\n\t\t\t\t<div class=\"elementor-widget-container\">\n\t\t\t\t\t\t\t\t\t\t\t\t\t\t\t\t<a href=\"https:\/\/xpel.ch\/it\/produkt\/window-film\/vision-home-office-window-film\/\">\n\t\t\t\t\t\t\t<img decoding=\"async\" width=\"767\" height=\"510\" data-src=\"https:\/\/xpel.ch\/wp-content\/uploads\/2022\/06\/XPEL-VISION-window-film-commercial.jpg\" class=\"attachment-large size-large wp-image-2210 lazyload\" alt=\"\" data-srcset=\"https:\/\/xpel.ch\/wp-content\/uploads\/2022\/06\/XPEL-VISION-window-film-commercial.jpg 767w, https:\/\/xpel.ch\/wp-content\/uploads\/2022\/06\/XPEL-VISION-window-film-commercial-300x199.jpg 300w, https:\/\/xpel.ch\/wp-content\/uploads\/2022\/06\/XPEL-VISION-window-film-commercial-18x12.jpg 18w\" data-sizes=\"(max-width: 767px) 100vw, 767px\" src=\"data:image\/svg+xml;base64,PHN2ZyB3aWR0aD0iMSIgaGVpZ2h0PSIxIiB4bWxucz0iaHR0cDovL3d3dy53My5vcmcvMjAwMC9zdmciPjwvc3ZnPg==\" style=\"--smush-placeholder-width: 767px; --smush-placeholder-aspect-ratio: 767\/510;\" \/>\t\t\t\t\t\t\t\t<\/a>\n\t\t\t\t\t\t\t\t\t\t\t\t\t\t\t<\/div>\n\t\t\t\t<\/div>\n\t\t\t\t\t<\/div>\n\t\t<\/div>\n\t\t\t\t<div class=\"elementor-column elementor-col-50 elementor-top-column elementor-element elementor-element-75bf7096\" data-id=\"75bf7096\" data-element_type=\"column\" data-e-type=\"column\">\n\t\t\t<div class=\"elementor-widget-wrap elementor-element-populated\">\n\t\t\t\t\t\t<div class=\"elementor-element elementor-element-3f8cbb78 elementor-widget elementor-widget-heading\" data-id=\"3f8cbb78\" data-element_type=\"widget\" data-e-type=\"widget\" data-widget_type=\"heading.default\">\n\t\t\t\t<div class=\"elementor-widget-container\">\n\t\t\t\t\t<h3 class=\"elementor-heading-title elementor-size-default translation-block\">VISION<sup>TM<\/sup> Pellicole per vetri casa e ufficio<\/h3>\t\t\t\t<\/div>\n\t\t\t\t<\/div>\n\t\t\t\t<div class=\"elementor-element elementor-element-4e8ef04 elementor-widget elementor-widget-text-editor\" data-id=\"4e8ef04\" data-element_type=\"widget\" data-e-type=\"widget\" data-widget_type=\"text-editor.default\">\n\t\t\t\t<div class=\"elementor-widget-container\">\n\t\t\t\t\t\t\t\t\t\u00c8 tempo di avere una nuova visione della tua casa, dell&#039;ufficio e degli spazi personali con VISION<sup>TM<\/sup> Pellicole per vetri casa e ufficio.\t\t\t\t\t\t\t\t<\/div>\n\t\t\t\t<\/div>\n\t\t\t\t<div class=\"elementor-element elementor-element-2bc09225 elementor-align-left yellow-white elementor-widget__width-auto elementor-widget elementor-widget-button\" data-id=\"2bc09225\" data-element_type=\"widget\" data-e-type=\"widget\" data-widget_type=\"button.default\">\n\t\t\t\t<div class=\"elementor-widget-container\">\n\t\t\t\t\t\t\t\t\t<div class=\"elementor-button-wrapper\">\n\t\t\t\t\t<a class=\"elementor-button elementor-button-link elementor-size-sm\" href=\"https:\/\/xpel.ch\/it\/produkt\/window-film\/vision-home-office-window-film\/\">\n\t\t\t\t\t\t<span class=\"elementor-button-content-wrapper\">\n\t\t\t\t\t\t<span class=\"elementor-button-icon\">\n\t\t\t\t<i aria-hidden=\"true\" class=\"fas fa-arrow-right\"><\/i>\t\t\t<\/span>\n\t\t\t\t\t\t\t\t\t<span class=\"elementor-button-text\">SCOPRI DI PI\u00d9<\/span>\n\t\t\t\t\t<\/span>\n\t\t\t\t\t<\/a>\n\t\t\t\t<\/div>\n\t\t\t\t\t\t\t\t<\/div>\n\t\t\t\t<\/div>\n\t\t\t\t\t<\/div>\n\t\t<\/div>\n\t\t\t\t\t<\/div>\n\t\t<\/section>\n\t\t\t\t<\/div>","protected":false},"excerpt":{"rendered":"<p>Pellicole per vetri ESPLORA LE NOSTRE PELLICOLE PER FINESTRE PRIMETM Pellicola oscurante per vetri per auto La tinta per vetri per autoveicoli non significa pi\u00f9 solo mantenere un basso profilo. PRIMET non solo ha un bell&#039;aspetto, ma \u00e8 anche bello. TROVA UN INSTALLATORE Scopri di pi\u00f9 VISIONTM Home &amp; Office Film \u00c8 ora di avere una nuova visione della tua casa, ufficio e spazi personali con... <a title=\"Pellicola per Vetri\" class=\"read-more\" href=\"https:\/\/xpel.ch\/it\/produkt\/window-film\/\" aria-label=\"Per saperne di pi\u00f9 su Window Film\">Leggi tutto<\/a><\/p>","protected":false},"author":8,"featured_media":0,"parent":207,"menu_order":0,"comment_status":"closed","ping_status":"closed","template":"elementor_header_footer","meta":{"content-type":"","footnotes":""},"class_list":["post-708","page","type-page","status-publish"],"yoast_head":"<!-- This site is optimized with the Yoast SEO plugin v27.2 - https:\/\/yoast.com\/product\/yoast-seo-wordpress\/ -->\n<title>Window Film - XPEL Switzerland<\/title>\n<meta name=\"robots\" content=\"index, follow, max-snippet:-1, max-image-preview:large, max-video-preview:-1\" \/>\n<link rel=\"canonical\" href=\"https:\/\/xpel.ch\/it\/produkt\/window-film\/\" \/>\n<meta property=\"og:locale\" content=\"it_IT\" \/>\n<meta property=\"og:type\" content=\"article\" \/>\n<meta property=\"og:title\" content=\"Window Film - XPEL Switzerland\" \/>\n<meta property=\"og:description\" content=\"Window Film EXPLORE OUR WINDOW FILMS PRIMETM Automotive Window Tint Automotive window tint isn&#8217;t just about keeping a low profile anymore. PRIMETM not only looks cool, it feels cool. FINDEN SIE EINEN INSTALLATEUR Learn More VISIONTM Home &#038; Office Film It&#8217;s time to get a new outlook on your home, office, and personal spaces with ... Leggi tutto\" \/>\n<meta property=\"og:url\" content=\"https:\/\/xpel.ch\/it\/produkt\/window-film\/\" \/>\n<meta property=\"og:site_name\" content=\"XPEL Switzerland\" \/>\n<meta property=\"article:modified_time\" content=\"2022-06-13T18:33:52+00:00\" \/>\n<meta property=\"og:image\" content=\"https:\/\/xpel.ch\/wp-content\/uploads\/2021\/04\/Prime_brand.jpg\" \/>\n<meta name=\"twitter:card\" content=\"summary_large_image\" \/>\n<meta name=\"twitter:label1\" content=\"Tempo di lettura stimato\" \/>\n\t<meta name=\"twitter:data1\" content=\"1 minuto\" \/>\n<script type=\"application\/ld+json\" class=\"yoast-schema-graph\">{\"@context\":\"https:\/\/schema.org\",\"@graph\":[{\"@type\":\"WebPage\",\"@id\":\"https:\/\/xpel.ch\/produkt\/window-film\/\",\"url\":\"https:\/\/xpel.ch\/produkt\/window-film\/\",\"name\":\"Window Film - XPEL Switzerland\",\"isPartOf\":{\"@id\":\"https:\/\/xpel.ch\/#website\"},\"primaryImageOfPage\":{\"@id\":\"https:\/\/xpel.ch\/produkt\/window-film\/#primaryimage\"},\"image\":{\"@id\":\"https:\/\/xpel.ch\/produkt\/window-film\/#primaryimage\"},\"thumbnailUrl\":\"https:\/\/xpel.ch\/wp-content\/uploads\/2021\/04\/Prime_brand.jpg\",\"datePublished\":\"2020-01-23T22:59:18+00:00\",\"dateModified\":\"2022-06-13T18:33:52+00:00\",\"breadcrumb\":{\"@id\":\"https:\/\/xpel.ch\/produkt\/window-film\/#breadcrumb\"},\"inLanguage\":\"it-IT\",\"potentialAction\":[{\"@type\":\"ReadAction\",\"target\":[\"https:\/\/xpel.ch\/produkt\/window-film\/\"]}]},{\"@type\":\"ImageObject\",\"inLanguage\":\"it-IT\",\"@id\":\"https:\/\/xpel.ch\/produkt\/window-film\/#primaryimage\",\"url\":\"https:\/\/xpel.ch\/wp-content\/uploads\/2021\/04\/Prime_brand.jpg\",\"contentUrl\":\"https:\/\/xpel.ch\/wp-content\/uploads\/2021\/04\/Prime_brand.jpg\"},{\"@type\":\"BreadcrumbList\",\"@id\":\"https:\/\/xpel.ch\/produkt\/window-film\/#breadcrumb\",\"itemListElement\":[{\"@type\":\"ListItem\",\"position\":1,\"name\":\"Startseite\",\"item\":\"https:\/\/xpel.ch\/\"},{\"@type\":\"ListItem\",\"position\":2,\"name\":\"Produkte\",\"item\":\"https:\/\/xpel.ch\/produkt\/\"},{\"@type\":\"ListItem\",\"position\":3,\"name\":\"Window Film\"}]},{\"@type\":\"WebSite\",\"@id\":\"https:\/\/xpel.ch\/#website\",\"url\":\"https:\/\/xpel.ch\/\",\"name\":\"XPEL Switzerland\",\"description\":\"\",\"publisher\":{\"@id\":\"https:\/\/xpel.ch\/#organization\"},\"potentialAction\":[{\"@type\":\"SearchAction\",\"target\":{\"@type\":\"EntryPoint\",\"urlTemplate\":\"https:\/\/xpel.ch\/?s={search_term_string}\"},\"query-input\":{\"@type\":\"PropertyValueSpecification\",\"valueRequired\":true,\"valueName\":\"search_term_string\"}}],\"inLanguage\":\"it-IT\"},{\"@type\":\"Organization\",\"@id\":\"https:\/\/xpel.ch\/#organization\",\"name\":\"XPEL Switzerland\",\"url\":\"https:\/\/xpel.ch\/\",\"logo\":{\"@type\":\"ImageObject\",\"inLanguage\":\"it-IT\",\"@id\":\"https:\/\/xpel.ch\/#\/schema\/logo\/image\/\",\"url\":\"https:\/\/xpel.ch\/wp-content\/uploads\/2019\/04\/image002.png\",\"contentUrl\":\"https:\/\/xpel.ch\/wp-content\/uploads\/2019\/04\/image002.png\",\"width\":1272,\"height\":326,\"caption\":\"XPEL Switzerland\"},\"image\":{\"@id\":\"https:\/\/xpel.ch\/#\/schema\/logo\/image\/\"}}]}<\/script>\n<!-- \/ Yoast SEO plugin. -->","yoast_head_json":{"title":"Window Film - XPEL Switzerland","robots":{"index":"index","follow":"follow","max-snippet":"max-snippet:-1","max-image-preview":"max-image-preview:large","max-video-preview":"max-video-preview:-1"},"canonical":"https:\/\/xpel.ch\/it\/produkt\/window-film\/","og_locale":"it_IT","og_type":"article","og_title":"Window Film - XPEL Switzerland","og_description":"Window Film EXPLORE OUR WINDOW FILMS PRIMETM Automotive Window Tint Automotive window tint isn&#8217;t just about keeping a low profile anymore. PRIMETM not only looks cool, it feels cool. FINDEN SIE EINEN INSTALLATEUR Learn More VISIONTM Home &#038; Office Film It&#8217;s time to get a new outlook on your home, office, and personal spaces with ... Leggi tutto","og_url":"https:\/\/xpel.ch\/it\/produkt\/window-film\/","og_site_name":"XPEL Switzerland","article_modified_time":"2022-06-13T18:33:52+00:00","og_image":[{"url":"https:\/\/xpel.ch\/wp-content\/uploads\/2021\/04\/Prime_brand.jpg","type":"","width":"","height":""}],"twitter_card":"summary_large_image","twitter_misc":{"Tempo di lettura stimato":"1 minuto"},"schema":{"@context":"https:\/\/schema.org","@graph":[{"@type":"WebPage","@id":"https:\/\/xpel.ch\/produkt\/window-film\/","url":"https:\/\/xpel.ch\/produkt\/window-film\/","name":"Window Film - XPEL Switzerland","isPartOf":{"@id":"https:\/\/xpel.ch\/#website"},"primaryImageOfPage":{"@id":"https:\/\/xpel.ch\/produkt\/window-film\/#primaryimage"},"image":{"@id":"https:\/\/xpel.ch\/produkt\/window-film\/#primaryimage"},"thumbnailUrl":"https:\/\/xpel.ch\/wp-content\/uploads\/2021\/04\/Prime_brand.jpg","datePublished":"2020-01-23T22:59:18+00:00","dateModified":"2022-06-13T18:33:52+00:00","breadcrumb":{"@id":"https:\/\/xpel.ch\/produkt\/window-film\/#breadcrumb"},"inLanguage":"it-IT","potentialAction":[{"@type":"ReadAction","target":["https:\/\/xpel.ch\/produkt\/window-film\/"]}]},{"@type":"ImageObject","inLanguage":"it-IT","@id":"https:\/\/xpel.ch\/produkt\/window-film\/#primaryimage","url":"https:\/\/xpel.ch\/wp-content\/uploads\/2021\/04\/Prime_brand.jpg","contentUrl":"https:\/\/xpel.ch\/wp-content\/uploads\/2021\/04\/Prime_brand.jpg"},{"@type":"BreadcrumbList","@id":"https:\/\/xpel.ch\/produkt\/window-film\/#breadcrumb","itemListElement":[{"@type":"ListItem","position":1,"name":"Startseite","item":"https:\/\/xpel.ch\/"},{"@type":"ListItem","position":2,"name":"Produkte","item":"https:\/\/xpel.ch\/produkt\/"},{"@type":"ListItem","position":3,"name":"Window Film"}]},{"@type":"WebSite","@id":"https:\/\/xpel.ch\/#website","url":"https:\/\/xpel.ch\/","name":"XPEL Svizzera","description":"","publisher":{"@id":"https:\/\/xpel.ch\/#organization"},"potentialAction":[{"@type":"SearchAction","target":{"@type":"EntryPoint","urlTemplate":"https:\/\/xpel.ch\/?s={search_term_string}"},"query-input":{"@type":"PropertyValueSpecification","valueRequired":true,"valueName":"search_term_string"}}],"inLanguage":"it-IT"},{"@type":"Organization","@id":"https:\/\/xpel.ch\/#organization","name":"XPEL Svizzera","url":"https:\/\/xpel.ch\/","logo":{"@type":"ImageObject","inLanguage":"it-IT","@id":"https:\/\/xpel.ch\/#\/schema\/logo\/image\/","url":"https:\/\/xpel.ch\/wp-content\/uploads\/2019\/04\/image002.png","contentUrl":"https:\/\/xpel.ch\/wp-content\/uploads\/2019\/04\/image002.png","width":1272,"height":326,"caption":"XPEL Switzerland"},"image":{"@id":"https:\/\/xpel.ch\/#\/schema\/logo\/image\/"}}]}},"_links":{"self":[{"href":"https:\/\/xpel.ch\/it\/wp-json\/wp\/v2\/pages\/708","targetHints":{"allow":["GET"]}}],"collection":[{"href":"https:\/\/xpel.ch\/it\/wp-json\/wp\/v2\/pages"}],"about":[{"href":"https:\/\/xpel.ch\/it\/wp-json\/wp\/v2\/types\/page"}],"author":[{"embeddable":true,"href":"https:\/\/xpel.ch\/it\/wp-json\/wp\/v2\/users\/8"}],"replies":[{"embeddable":true,"href":"https:\/\/xpel.ch\/it\/wp-json\/wp\/v2\/comments?post=708"}],"version-history":[{"count":0,"href":"https:\/\/xpel.ch\/it\/wp-json\/wp\/v2\/pages\/708\/revisions"}],"up":[{"embeddable":true,"href":"https:\/\/xpel.ch\/it\/wp-json\/wp\/v2\/pages\/207"}],"wp:attachment":[{"href":"https:\/\/xpel.ch\/it\/wp-json\/wp\/v2\/media?parent=708"}],"curies":[{"name":"wp","href":"https:\/\/api.w.org\/{rel}","templated":true}]}}