{"id":818,"date":"2020-03-05T14:27:56","date_gmt":"2020-03-05T14:27:56","guid":{"rendered":"http:\/\/xpel.ch\/?page_id=818"},"modified":"2021-04-13T12:01:37","modified_gmt":"2021-04-13T12:01:37","slug":"scheinwerferfolie","status":"publish","type":"page","link":"https:\/\/xpel.ch\/it\/produkt\/scheinwerferfolie\/","title":{"rendered":"Pellicola Protettiva Per Fari"},"content":{"rendered":"<div data-elementor-type=\"wp-post\" data-elementor-id=\"818\" class=\"elementor elementor-818\" data-elementor-post-type=\"page\">\n\t\t\t\t\t\t<section data-particle_enable=\"false\" data-particle-mobile-disabled=\"false\" class=\"elementor-section elementor-top-section elementor-element elementor-element-accde4d elementor-section-height-min-height elementor-section-boxed elementor-section-height-default elementor-section-items-middle\" data-id=\"accde4d\" data-element_type=\"section\" data-e-type=\"section\" data-settings=\"{&quot;background_background&quot;:&quot;classic&quot;}\">\n\t\t\t\t\t\t\t<div class=\"elementor-background-overlay\"><\/div>\n\t\t\t\t\t\t\t<div class=\"elementor-container elementor-column-gap-default\">\n\t\t\t\t\t<div class=\"elementor-column elementor-col-100 elementor-top-column elementor-element elementor-element-8f81631\" data-id=\"8f81631\" data-element_type=\"column\" data-e-type=\"column\">\n\t\t\t<div class=\"elementor-widget-wrap elementor-element-populated\">\n\t\t\t\t\t\t<div class=\"elementor-element elementor-element-86de2f4 elementor-widget elementor-widget-heading\" data-id=\"86de2f4\" data-element_type=\"widget\" data-e-type=\"widget\" data-widget_type=\"heading.default\">\n\t\t\t\t<div class=\"elementor-widget-container\">\n\t\t\t\t\t<h1 class=\"elementor-heading-title elementor-size-default\">Pellicola protettiva per fari<\/h1>\t\t\t\t<\/div>\n\t\t\t\t<\/div>\n\t\t\t\t<div class=\"elementor-element elementor-element-e67c1e3 elementor-widget elementor-widget-heading\" data-id=\"e67c1e3\" data-element_type=\"widget\" data-e-type=\"widget\" data-widget_type=\"heading.default\">\n\t\t\t\t<div class=\"elementor-widget-container\">\n\t\t\t\t\t<div class=\"elementor-heading-title elementor-size-default\">* non consentito nell&#039;area del StVO<\/div>\t\t\t\t<\/div>\n\t\t\t\t<\/div>\n\t\t\t\t\t<\/div>\n\t\t<\/div>\n\t\t\t\t\t<\/div>\n\t\t<\/section>\n\t\t\t\t<section data-particle_enable=\"false\" data-particle-mobile-disabled=\"false\" class=\"elementor-section elementor-top-section elementor-element elementor-element-024801c elementor-section-boxed elementor-section-height-default elementor-section-height-default\" data-id=\"024801c\" data-element_type=\"section\" data-e-type=\"section\">\n\t\t\t\t\t\t<div class=\"elementor-container elementor-column-gap-default\">\n\t\t\t\t\t<div class=\"elementor-column elementor-col-100 elementor-top-column elementor-element elementor-element-42d73f4\" data-id=\"42d73f4\" data-element_type=\"column\" data-e-type=\"column\">\n\t\t\t<div class=\"elementor-widget-wrap elementor-element-populated\">\n\t\t\t\t\t\t<div class=\"elementor-element elementor-element-fcf1737 elementor-widget elementor-widget-breadcrumbs\" data-id=\"fcf1737\" data-element_type=\"widget\" data-e-type=\"widget\" data-widget_type=\"breadcrumbs.default\">\n\t\t\t\t<div class=\"elementor-widget-container\">\n\t\t\t\t\t<p id=\"breadcrumbs\"><span><span><a href=\"https:\/\/xpel.ch\/it\/\">Pagina iniziale<\/a><\/span><\/span><\/p>\t\t\t\t<\/div>\n\t\t\t\t<\/div>\n\t\t\t\t\t<\/div>\n\t\t<\/div>\n\t\t\t\t\t<\/div>\n\t\t<\/section>\n\t\t\t\t<section data-particle_enable=\"false\" data-particle-mobile-disabled=\"false\" class=\"elementor-section elementor-top-section elementor-element elementor-element-dd691ec elementor-section-boxed elementor-section-height-default elementor-section-height-default\" data-id=\"dd691ec\" data-element_type=\"section\" data-e-type=\"section\">\n\t\t\t\t\t\t<div class=\"elementor-container elementor-column-gap-default\">\n\t\t\t\t\t<div class=\"elementor-column elementor-col-50 elementor-top-column elementor-element elementor-element-e3137ef\" data-id=\"e3137ef\" data-element_type=\"column\" data-e-type=\"column\">\n\t\t\t<div class=\"elementor-widget-wrap elementor-element-populated\">\n\t\t\t\t\t\t<div class=\"elementor-element elementor-element-d9b436f elementor-widget elementor-widget-heading\" data-id=\"d9b436f\" data-element_type=\"widget\" data-e-type=\"widget\" data-widget_type=\"heading.default\">\n\t\t\t\t<div class=\"elementor-widget-container\">\n\t\t\t\t\t<h2 class=\"elementor-heading-title elementor-size-default\">Proteggi Tutto. Anche I Tuoi Fari Con La Pellicola Autorigenerante XPEL!\n<\/h2>\t\t\t\t<\/div>\n\t\t\t\t<\/div>\n\t\t\t\t<div class=\"elementor-element elementor-element-365c0d7 elementor-widget elementor-widget-text-editor\" data-id=\"365c0d7\" data-element_type=\"widget\" data-e-type=\"widget\" data-widget_type=\"text-editor.default\">\n\t\t\t\t<div class=\"elementor-widget-container\">\n\t\t\t\t\t\t\t\t\tGrazie alle fanalerie di ultima generazione HID, LED e laser che utilizzano lenti in policarbonato o acrilico ultra trasparenti, \u00e8 facilissimo vedere cosa hai davanti. Ma per quanto chiari ed eleganti siano i tuoi nuovi fari in materiale composito, considera che sono anche molto vicini alla strada ed estremamente vulnerabili ai danni causati sia dai detriti che dai raggi UV del sole. La pellicola di protezione per i fari XPEL ha una superficie esterna brevettata che \u00e8 quasi impossibile graffiare o rigare e uno strato interno che si lega alle lenti e uniforma le imperfezioni della superficie. Robusta e compatta da poter gestire i colpi diretti di pietra, lascia comunque che il calore dei fari si disperda in modo naturale.\t\t\t\t\t\t\t\t<\/div>\n\t\t\t\t<\/div>\n\t\t\t\t\t<\/div>\n\t\t<\/div>\n\t\t\t\t<div class=\"elementor-column elementor-col-50 elementor-top-column elementor-element elementor-element-7e20fde\" data-id=\"7e20fde\" data-element_type=\"column\" data-e-type=\"column\">\n\t\t\t<div class=\"elementor-widget-wrap elementor-element-populated\">\n\t\t\t\t\t\t<div class=\"elementor-element elementor-element-3d5005f elementor-widget elementor-widget-image\" data-id=\"3d5005f\" data-element_type=\"widget\" data-e-type=\"widget\" data-widget_type=\"image.default\">\n\t\t\t\t<div class=\"elementor-widget-container\">\n\t\t\t\t\t\t\t\t\t\t\t\t\t\t\t<img fetchpriority=\"high\" decoding=\"async\" width=\"767\" height=\"510\" src=\"https:\/\/xpel.ch\/wp-content\/uploads\/2019\/05\/XPEL_Headlight_Precut_Kit.jpg\" class=\"attachment-large size-large wp-image-334\" alt=\"\" srcset=\"https:\/\/xpel.ch\/wp-content\/uploads\/2019\/05\/XPEL_Headlight_Precut_Kit.jpg 767w, https:\/\/xpel.ch\/wp-content\/uploads\/2019\/05\/XPEL_Headlight_Precut_Kit-300x199.jpg 300w\" sizes=\"(max-width: 767px) 100vw, 767px\" \/>\t\t\t\t\t\t\t\t\t\t\t\t\t\t\t<\/div>\n\t\t\t\t<\/div>\n\t\t\t\t\t<\/div>\n\t\t<\/div>\n\t\t\t\t\t<\/div>\n\t\t<\/section>\n\t\t\t\t<section data-particle_enable=\"false\" data-particle-mobile-disabled=\"false\" class=\"elementor-section elementor-top-section elementor-element elementor-element-63558c3 elementor-section-boxed elementor-section-height-default elementor-section-height-default\" data-id=\"63558c3\" data-element_type=\"section\" data-e-type=\"section\" data-settings=\"{&quot;background_background&quot;:&quot;classic&quot;}\">\n\t\t\t\t\t\t<div class=\"elementor-container elementor-column-gap-default\">\n\t\t\t\t\t<div class=\"elementor-column elementor-col-100 elementor-top-column elementor-element elementor-element-62b4912\" data-id=\"62b4912\" data-element_type=\"column\" data-e-type=\"column\">\n\t\t\t<div class=\"elementor-widget-wrap elementor-element-populated\">\n\t\t\t\t\t\t<div class=\"elementor-element elementor-element-1c93563 elementor-widget elementor-widget-heading\" data-id=\"1c93563\" data-element_type=\"widget\" data-e-type=\"widget\" data-widget_type=\"heading.default\">\n\t\t\t\t<div class=\"elementor-widget-container\">\n\t\t\t\t\t<h2 class=\"elementor-heading-title elementor-size-default\">XPEL VIDEO DI INSTALLAZIONE PROTEZIONE FARI<\/h2>\t\t\t\t<\/div>\n\t\t\t\t<\/div>\n\t\t\t\t<div class=\"elementor-element elementor-element-b630078 elementor-widget elementor-widget-html\" data-id=\"b630078\" data-element_type=\"widget\" data-e-type=\"widget\" data-widget_type=\"html.default\">\n\t\t\t\t<div class=\"elementor-widget-container\">\n\t\t\t\t\t<div id=\"headlightVideo\" style=\"position:relative;padding-bottom:56.25%;height:0;\">\n<iframe width=\"100%\" height=\"315\" data-src='https:\/\/players.brightcove.net\/pages\/v1\/index.html?accountId=5776687555001&playerId=BJi3THPCM&videoId=5798825939001' allow=\"autoplay;encrypted-media\" frameborder=\"0\" allowfullscreen src=\"data:image\/svg+xml;base64,PHN2ZyB3aWR0aD0iMSIgaGVpZ2h0PSIxIiB4bWxucz0iaHR0cDovL3d3dy53My5vcmcvMjAwMC9zdmciPjwvc3ZnPg==\" class=\"lazyload\" data-load-mode=\"1\"><\/iframe><\/div>\t\t\t\t<\/div>\n\t\t\t\t<\/div>\n\t\t\t\t\t<\/div>\n\t\t<\/div>\n\t\t\t\t\t<\/div>\n\t\t<\/section>\n\t\t\t\t<section data-particle_enable=\"false\" data-particle-mobile-disabled=\"false\" class=\"elementor-section elementor-top-section elementor-element elementor-element-d716676 elementor-section-boxed elementor-section-height-default elementor-section-height-default\" data-id=\"d716676\" data-element_type=\"section\" data-e-type=\"section\">\n\t\t\t\t\t\t<div class=\"elementor-container elementor-column-gap-default\">\n\t\t\t\t\t<div class=\"elementor-column elementor-col-100 elementor-top-column elementor-element elementor-element-3f7de61\" data-id=\"3f7de61\" data-element_type=\"column\" data-e-type=\"column\">\n\t\t\t<div class=\"elementor-widget-wrap elementor-element-populated\">\n\t\t\t\t\t\t<div class=\"elementor-element elementor-element-54b0e80 elementor-widget elementor-widget-heading\" data-id=\"54b0e80\" data-element_type=\"widget\" data-e-type=\"widget\" data-widget_type=\"heading.default\">\n\t\t\t\t<div class=\"elementor-widget-container\">\n\t\t\t\t\t<h2 class=\"elementor-heading-title elementor-size-default\">OPZIONI DI COLORE DELLA PELLICOLA PER FARI<\/h2>\t\t\t\t<\/div>\n\t\t\t\t<\/div>\n\t\t\t\t<div class=\"elementor-element elementor-element-6b7e6bf elementor-arrows-position-outside elementor-widget elementor-widget-image-carousel\" data-id=\"6b7e6bf\" data-element_type=\"widget\" data-e-type=\"widget\" data-settings=\"{&quot;slides_to_show&quot;:&quot;3&quot;,&quot;slides_to_scroll&quot;:&quot;1&quot;,&quot;navigation&quot;:&quot;arrows&quot;,&quot;autoplay&quot;:&quot;yes&quot;,&quot;pause_on_hover&quot;:&quot;yes&quot;,&quot;pause_on_interaction&quot;:&quot;yes&quot;,&quot;autoplay_speed&quot;:5000,&quot;infinite&quot;:&quot;yes&quot;,&quot;speed&quot;:500}\" data-widget_type=\"image-carousel.default\">\n\t\t\t\t<div class=\"elementor-widget-container\">\n\t\t\t\t\t\t\t<div class=\"elementor-image-carousel-wrapper swiper\" role=\"region\" aria-roledescription=\"carousel\" aria-label=\"Carosello d&#039;immagini\" dir=\"ltr\" data-no-translation-aria-label=\"\">\n\t\t\t<div class=\"elementor-image-carousel swiper-wrapper\" aria-live=\"off\">\n\t\t\t\t\t\t\t\t<div class=\"swiper-slide\" role=\"group\" aria-roledescription=\"slide\" aria-label=\"1 di 5\" data-no-translation-aria-label=\"\"><figure class=\"swiper-slide-inner\"><img decoding=\"async\" class=\"swiper-slide-image lazyload\" data-src=\"https:\/\/xpel.ch\/wp-content\/uploads\/2019\/05\/XPEL-HEADLIGHT-SLATE-SMOKE-25-300x234.jpg\" alt=\"Slate Smoke 25\" src=\"data:image\/svg+xml;base64,PHN2ZyB3aWR0aD0iMSIgaGVpZ2h0PSIxIiB4bWxucz0iaHR0cDovL3d3dy53My5vcmcvMjAwMC9zdmciPjwvc3ZnPg==\" style=\"--smush-placeholder-width: 300px; --smush-placeholder-aspect-ratio: 300\/234;\" \/><figcaption class=\"elementor-image-carousel-caption\">XPEL FANALE ARDESIA FUMO 25<\/figcaption><\/figure><\/div><div class=\"swiper-slide\" role=\"group\" aria-roledescription=\"slide\" aria-label=\"2 di 5\" data-no-translation-aria-label=\"\"><figure class=\"swiper-slide-inner\"><img decoding=\"async\" class=\"swiper-slide-image lazyload\" data-src=\"https:\/\/xpel.ch\/wp-content\/uploads\/2019\/05\/XPEL-HEADLIGHT-SLATE-SMOKE-35-300x234.jpg\" alt=\"Slate Smoke 35\" src=\"data:image\/svg+xml;base64,PHN2ZyB3aWR0aD0iMSIgaGVpZ2h0PSIxIiB4bWxucz0iaHR0cDovL3d3dy53My5vcmcvMjAwMC9zdmciPjwvc3ZnPg==\" style=\"--smush-placeholder-width: 300px; --smush-placeholder-aspect-ratio: 300\/234;\" \/><figcaption class=\"elementor-image-carousel-caption\">XPEL FANALE ARDESIA FUMO 35<\/figcaption><\/figure><\/div><div class=\"swiper-slide\" role=\"group\" aria-roledescription=\"slide\" aria-label=\"3 di 5\" data-no-translation-aria-label=\"\"><figure class=\"swiper-slide-inner\"><img decoding=\"async\" class=\"swiper-slide-image lazyload\" data-src=\"https:\/\/xpel.ch\/wp-content\/uploads\/2019\/05\/XPEL-HEADLIGHT-SLATE-SMOKE-50-300x234.jpg\" alt=\"Slate Smoke 50\" src=\"data:image\/svg+xml;base64,PHN2ZyB3aWR0aD0iMSIgaGVpZ2h0PSIxIiB4bWxucz0iaHR0cDovL3d3dy53My5vcmcvMjAwMC9zdmciPjwvc3ZnPg==\" style=\"--smush-placeholder-width: 300px; --smush-placeholder-aspect-ratio: 300\/234;\" \/><figcaption class=\"elementor-image-carousel-caption\">XPEL FANALE ARDESIA FUMO 50<\/figcaption><\/figure><\/div><div class=\"swiper-slide\" role=\"group\" aria-roledescription=\"slide\" aria-label=\"4 di 5\" data-no-translation-aria-label=\"\"><figure class=\"swiper-slide-inner\"><img decoding=\"async\" class=\"swiper-slide-image lazyload\" data-src=\"https:\/\/xpel.ch\/wp-content\/uploads\/2019\/05\/XPEL-HEADLIGHT-BRONZE-SMOKE-10-300x234.jpg\" alt=\"Bronze Smoke 10\" src=\"data:image\/svg+xml;base64,PHN2ZyB3aWR0aD0iMSIgaGVpZ2h0PSIxIiB4bWxucz0iaHR0cDovL3d3dy53My5vcmcvMjAwMC9zdmciPjwvc3ZnPg==\" style=\"--smush-placeholder-width: 300px; --smush-placeholder-aspect-ratio: 300\/234;\" \/><figcaption class=\"elementor-image-carousel-caption\">XPEL FARO ANTERIORE BRONZO FUMO 10<\/figcaption><\/figure><\/div><div class=\"swiper-slide\" role=\"group\" aria-roledescription=\"slide\" aria-label=\"5 di 5\" data-no-translation-aria-label=\"\"><figure class=\"swiper-slide-inner\"><img decoding=\"async\" class=\"swiper-slide-image lazyload\" data-src=\"https:\/\/xpel.ch\/wp-content\/uploads\/2019\/05\/XPEL-HEADLIGHT-ULTIMATE-PLUS-CLEAR--300x234.jpg\" alt=\"KLARE SCHEINWERFERFOLIE\" src=\"data:image\/svg+xml;base64,PHN2ZyB3aWR0aD0iMSIgaGVpZ2h0PSIxIiB4bWxucz0iaHR0cDovL3d3dy53My5vcmcvMjAwMC9zdmciPjwvc3ZnPg==\" style=\"--smush-placeholder-width: 300px; --smush-placeholder-aspect-ratio: 300\/234;\" \/><figcaption class=\"elementor-image-carousel-caption\">XPEL FARO ANTERIORE ULTIMATE PLUS TRASPARENTE<\/figcaption><\/figure><\/div>\t\t\t<\/div>\n\t\t\t\t\t\t\t\t\t\t\t\t<div class=\"elementor-swiper-button elementor-swiper-button-prev\" role=\"button\" tabindex=\"0\">\n\t\t\t\t\t\t<i aria-hidden=\"true\" class=\"eicon-chevron-left\"><\/i>\t\t\t\t\t<\/div>\n\t\t\t\t\t<div class=\"elementor-swiper-button elementor-swiper-button-next\" role=\"button\" tabindex=\"0\">\n\t\t\t\t\t\t<i aria-hidden=\"true\" class=\"eicon-chevron-right\"><\/i>\t\t\t\t\t<\/div>\n\t\t\t\t\n\t\t\t\t\t\t\t\t\t<\/div>\n\t\t\t\t\t\t<\/div>\n\t\t\t\t<\/div>\n\t\t\t\t\t<\/div>\n\t\t<\/div>\n\t\t\t\t\t<\/div>\n\t\t<\/section>\n\t\t\t\t<\/div>","protected":false},"excerpt":{"rendered":"<p>Pellicola per fari* *Non approvata dalle normative tedesche sulla circolazione stradale Proteggi tutto, in particolare i tuoi fari \u00c8 pi\u00f9 facile che mai tenere gli occhi sulla strada con i fari in policarbonato ultra trasparente che contengono lampadine HID, LED e laser. Puliti ed eleganti come i nuovi fari compositi, sono estremamente suscettibili ai danni e alla contaminazione causati da... <a title=\"Pellicola Protettiva Per Fari\" class=\"read-more\" href=\"https:\/\/xpel.ch\/it\/produkt\/scheinwerferfolie\/\" aria-label=\"Per saperne di pi\u00f9 su Scheinwerferfolie\">Leggi tutto<\/a><\/p>","protected":false},"author":8,"featured_media":0,"parent":207,"menu_order":0,"comment_status":"closed","ping_status":"closed","template":"elementor_header_footer","meta":{"content-type":"","footnotes":""},"class_list":["post-818","page","type-page","status-publish"],"yoast_head":"<!-- This site is optimized with the Yoast SEO plugin v27.2 - https:\/\/yoast.com\/product\/yoast-seo-wordpress\/ -->\n<title>Scheinwerferfolie - XPEL Switzerland<\/title>\n<meta name=\"robots\" content=\"index, follow, max-snippet:-1, max-image-preview:large, max-video-preview:-1\" \/>\n<link rel=\"canonical\" href=\"https:\/\/xpel.ch\/it\/produkt\/scheinwerferfolie\/\" \/>\n<meta property=\"og:locale\" content=\"it_IT\" \/>\n<meta property=\"og:type\" content=\"article\" \/>\n<meta property=\"og:title\" content=\"Scheinwerferfolie - XPEL Switzerland\" \/>\n<meta property=\"og:description\" content=\"Scheinwerferfolie* *nicht zul\u00e4ssig im Bereich der StVO Sch\u00fctzen Sie alles, besonders Ihre Scheinwerfer Mit ultraklaren Polycarbonat Scheinwerfer, die HID-, LED-, und Laserlampen enthalten, ist es einfacher als je zuvor, die Stra\u00dfe im Blick zu behalten. So klar und elegant neue Scheinwerfer aus Verbundwerkstoff auch sind, sie sind \u00e4u\u00dferst anf\u00e4llig f\u00fcr Sch\u00e4den und Verunreinigungen, verursacht durch ... Leggi tutto\" \/>\n<meta property=\"og:url\" content=\"https:\/\/xpel.ch\/it\/produkt\/scheinwerferfolie\/\" \/>\n<meta property=\"og:site_name\" content=\"XPEL Switzerland\" \/>\n<meta property=\"article:modified_time\" content=\"2021-04-13T12:01:37+00:00\" \/>\n<meta property=\"og:image\" content=\"https:\/\/xpel.ch\/wp-content\/uploads\/2019\/05\/XPEL_Headlight_Precut_Kit.jpg\" \/>\n<meta name=\"twitter:card\" content=\"summary_large_image\" \/>\n<meta name=\"twitter:label1\" content=\"Tempo di lettura stimato\" \/>\n\t<meta name=\"twitter:data1\" content=\"4 minuti\" \/>\n<script type=\"application\/ld+json\" class=\"yoast-schema-graph\">{\"@context\":\"https:\/\/schema.org\",\"@graph\":[{\"@type\":\"WebPage\",\"@id\":\"https:\/\/xpel.ch\/produkt\/scheinwerferfolie\/\",\"url\":\"https:\/\/xpel.ch\/produkt\/scheinwerferfolie\/\",\"name\":\"Scheinwerferfolie - XPEL Switzerland\",\"isPartOf\":{\"@id\":\"https:\/\/xpel.ch\/#website\"},\"primaryImageOfPage\":{\"@id\":\"https:\/\/xpel.ch\/produkt\/scheinwerferfolie\/#primaryimage\"},\"image\":{\"@id\":\"https:\/\/xpel.ch\/produkt\/scheinwerferfolie\/#primaryimage\"},\"thumbnailUrl\":\"https:\/\/xpel.ch\/wp-content\/uploads\/2019\/05\/XPEL_Headlight_Precut_Kit.jpg\",\"datePublished\":\"2020-03-05T14:27:56+00:00\",\"dateModified\":\"2021-04-13T12:01:37+00:00\",\"breadcrumb\":{\"@id\":\"https:\/\/xpel.ch\/produkt\/scheinwerferfolie\/#breadcrumb\"},\"inLanguage\":\"it-IT\",\"potentialAction\":[{\"@type\":\"ReadAction\",\"target\":[\"https:\/\/xpel.ch\/produkt\/scheinwerferfolie\/\"]}]},{\"@type\":\"ImageObject\",\"inLanguage\":\"it-IT\",\"@id\":\"https:\/\/xpel.ch\/produkt\/scheinwerferfolie\/#primaryimage\",\"url\":\"https:\/\/xpel.ch\/wp-content\/uploads\/2019\/05\/XPEL_Headlight_Precut_Kit.jpg\",\"contentUrl\":\"https:\/\/xpel.ch\/wp-content\/uploads\/2019\/05\/XPEL_Headlight_Precut_Kit.jpg\"},{\"@type\":\"BreadcrumbList\",\"@id\":\"https:\/\/xpel.ch\/produkt\/scheinwerferfolie\/#breadcrumb\",\"itemListElement\":[{\"@type\":\"ListItem\",\"position\":1,\"name\":\"Startseite\",\"item\":\"https:\/\/xpel.ch\/\"},{\"@type\":\"ListItem\",\"position\":2,\"name\":\"Produkte\",\"item\":\"https:\/\/xpel.ch\/produkt\/\"},{\"@type\":\"ListItem\",\"position\":3,\"name\":\"Scheinwerferfolie\"}]},{\"@type\":\"WebSite\",\"@id\":\"https:\/\/xpel.ch\/#website\",\"url\":\"https:\/\/xpel.ch\/\",\"name\":\"XPEL Switzerland\",\"description\":\"\",\"publisher\":{\"@id\":\"https:\/\/xpel.ch\/#organization\"},\"potentialAction\":[{\"@type\":\"SearchAction\",\"target\":{\"@type\":\"EntryPoint\",\"urlTemplate\":\"https:\/\/xpel.ch\/?s={search_term_string}\"},\"query-input\":{\"@type\":\"PropertyValueSpecification\",\"valueRequired\":true,\"valueName\":\"search_term_string\"}}],\"inLanguage\":\"it-IT\"},{\"@type\":\"Organization\",\"@id\":\"https:\/\/xpel.ch\/#organization\",\"name\":\"XPEL Switzerland\",\"url\":\"https:\/\/xpel.ch\/\",\"logo\":{\"@type\":\"ImageObject\",\"inLanguage\":\"it-IT\",\"@id\":\"https:\/\/xpel.ch\/#\/schema\/logo\/image\/\",\"url\":\"https:\/\/xpel.ch\/wp-content\/uploads\/2019\/04\/image002.png\",\"contentUrl\":\"https:\/\/xpel.ch\/wp-content\/uploads\/2019\/04\/image002.png\",\"width\":1272,\"height\":326,\"caption\":\"XPEL Switzerland\"},\"image\":{\"@id\":\"https:\/\/xpel.ch\/#\/schema\/logo\/image\/\"}}]}<\/script>\n<!-- \/ Yoast SEO plugin. -->","yoast_head_json":{"title":"Scheinwerferfolie - XPEL Switzerland","robots":{"index":"index","follow":"follow","max-snippet":"max-snippet:-1","max-image-preview":"max-image-preview:large","max-video-preview":"max-video-preview:-1"},"canonical":"https:\/\/xpel.ch\/it\/produkt\/scheinwerferfolie\/","og_locale":"it_IT","og_type":"article","og_title":"Scheinwerferfolie - XPEL Switzerland","og_description":"Scheinwerferfolie* *nicht zul\u00e4ssig im Bereich der StVO Sch\u00fctzen Sie alles, besonders Ihre Scheinwerfer Mit ultraklaren Polycarbonat Scheinwerfer, die HID-, LED-, und Laserlampen enthalten, ist es einfacher als je zuvor, die Stra\u00dfe im Blick zu behalten. So klar und elegant neue Scheinwerfer aus Verbundwerkstoff auch sind, sie sind \u00e4u\u00dferst anf\u00e4llig f\u00fcr Sch\u00e4den und Verunreinigungen, verursacht durch ... Leggi tutto","og_url":"https:\/\/xpel.ch\/it\/produkt\/scheinwerferfolie\/","og_site_name":"XPEL Switzerland","article_modified_time":"2021-04-13T12:01:37+00:00","og_image":[{"url":"https:\/\/xpel.ch\/wp-content\/uploads\/2019\/05\/XPEL_Headlight_Precut_Kit.jpg","type":"","width":"","height":""}],"twitter_card":"summary_large_image","twitter_misc":{"Tempo di lettura stimato":"4 minuti"},"schema":{"@context":"https:\/\/schema.org","@graph":[{"@type":"WebPage","@id":"https:\/\/xpel.ch\/produkt\/scheinwerferfolie\/","url":"https:\/\/xpel.ch\/produkt\/scheinwerferfolie\/","name":"Scheinwerferfolie - XPEL Switzerland","isPartOf":{"@id":"https:\/\/xpel.ch\/#website"},"primaryImageOfPage":{"@id":"https:\/\/xpel.ch\/produkt\/scheinwerferfolie\/#primaryimage"},"image":{"@id":"https:\/\/xpel.ch\/produkt\/scheinwerferfolie\/#primaryimage"},"thumbnailUrl":"https:\/\/xpel.ch\/wp-content\/uploads\/2019\/05\/XPEL_Headlight_Precut_Kit.jpg","datePublished":"2020-03-05T14:27:56+00:00","dateModified":"2021-04-13T12:01:37+00:00","breadcrumb":{"@id":"https:\/\/xpel.ch\/produkt\/scheinwerferfolie\/#breadcrumb"},"inLanguage":"it-IT","potentialAction":[{"@type":"ReadAction","target":["https:\/\/xpel.ch\/produkt\/scheinwerferfolie\/"]}]},{"@type":"ImageObject","inLanguage":"it-IT","@id":"https:\/\/xpel.ch\/produkt\/scheinwerferfolie\/#primaryimage","url":"https:\/\/xpel.ch\/wp-content\/uploads\/2019\/05\/XPEL_Headlight_Precut_Kit.jpg","contentUrl":"https:\/\/xpel.ch\/wp-content\/uploads\/2019\/05\/XPEL_Headlight_Precut_Kit.jpg"},{"@type":"BreadcrumbList","@id":"https:\/\/xpel.ch\/produkt\/scheinwerferfolie\/#breadcrumb","itemListElement":[{"@type":"ListItem","position":1,"name":"Startseite","item":"https:\/\/xpel.ch\/"},{"@type":"ListItem","position":2,"name":"Produkte","item":"https:\/\/xpel.ch\/produkt\/"},{"@type":"ListItem","position":3,"name":"Scheinwerferfolie"}]},{"@type":"WebSite","@id":"https:\/\/xpel.ch\/#website","url":"https:\/\/xpel.ch\/","name":"XPEL Svizzera","description":"","publisher":{"@id":"https:\/\/xpel.ch\/#organization"},"potentialAction":[{"@type":"SearchAction","target":{"@type":"EntryPoint","urlTemplate":"https:\/\/xpel.ch\/?s={search_term_string}"},"query-input":{"@type":"PropertyValueSpecification","valueRequired":true,"valueName":"search_term_string"}}],"inLanguage":"it-IT"},{"@type":"Organization","@id":"https:\/\/xpel.ch\/#organization","name":"XPEL Svizzera","url":"https:\/\/xpel.ch\/","logo":{"@type":"ImageObject","inLanguage":"it-IT","@id":"https:\/\/xpel.ch\/#\/schema\/logo\/image\/","url":"https:\/\/xpel.ch\/wp-content\/uploads\/2019\/04\/image002.png","contentUrl":"https:\/\/xpel.ch\/wp-content\/uploads\/2019\/04\/image002.png","width":1272,"height":326,"caption":"XPEL Switzerland"},"image":{"@id":"https:\/\/xpel.ch\/#\/schema\/logo\/image\/"}}]}},"_links":{"self":[{"href":"https:\/\/xpel.ch\/it\/wp-json\/wp\/v2\/pages\/818","targetHints":{"allow":["GET"]}}],"collection":[{"href":"https:\/\/xpel.ch\/it\/wp-json\/wp\/v2\/pages"}],"about":[{"href":"https:\/\/xpel.ch\/it\/wp-json\/wp\/v2\/types\/page"}],"author":[{"embeddable":true,"href":"https:\/\/xpel.ch\/it\/wp-json\/wp\/v2\/users\/8"}],"replies":[{"embeddable":true,"href":"https:\/\/xpel.ch\/it\/wp-json\/wp\/v2\/comments?post=818"}],"version-history":[{"count":0,"href":"https:\/\/xpel.ch\/it\/wp-json\/wp\/v2\/pages\/818\/revisions"}],"up":[{"embeddable":true,"href":"https:\/\/xpel.ch\/it\/wp-json\/wp\/v2\/pages\/207"}],"wp:attachment":[{"href":"https:\/\/xpel.ch\/it\/wp-json\/wp\/v2\/media?parent=818"}],"curies":[{"name":"wp","href":"https:\/\/api.w.org\/{rel}","templated":true}]}}